{"id":52,"date":"2019-12-10T18:10:43","date_gmt":"2019-12-10T15:10:43","guid":{"rendered":"http:\/\/hilalelektronikk.com\/?page_id=52"},"modified":"2020-09-23T02:53:14","modified_gmt":"2020-09-22T23:53:14","slug":"hakkimizda","status":"publish","type":"page","link":"https:\/\/hilalelektronikk.com\/?page_id=52","title":{"rendered":"Hakk\u0131m\u0131zda"},"content":{"rendered":"<div id='av_section_1'  class='avia-section av-2qiew-37f47420d37f18f4f18e144416413144 main_color avia-section-default avia-no-border-styling  avia-builder-el-0  avia-builder-el-no-sibling  avia-bg-style-scroll container_wrap sidebar_right'  ><div class='container av-section-cont-open' ><main  role=\"main\" itemprop=\"mainContentOfPage\"  class='template-page content  av-content-small alpha units'><div class='post-entry post-entry-type-page post-entry-52'><div class='entry-content-wrapper clearfix'>\n\n<style type=\"text\/css\" data-created_by=\"avia_inline_auto\" id=\"style-css-av-7heo-ea69727ec085e825ac852058d33ba401\">\n.flex_column.av-7heo-ea69727ec085e825ac852058d33ba401{\nborder-radius:0px 0px 0px 0px;\npadding:0px 0px 0px 0px;\n}\n<\/style>\n<div  class='flex_column av-7heo-ea69727ec085e825ac852058d33ba401 av_two_fifth  avia-builder-el-1  el_before_av_two_fifth  avia-builder-el-first  first flex_column_div av-zero-column-padding  '     ><style type=\"text\/css\" data-created_by=\"avia_inline_auto\" id=\"style-css-av-k4004220-433cc0f9fbc6121fda203bb174454974\">\n.avia-image-container.av-k4004220-433cc0f9fbc6121fda203bb174454974 img.avia_image{\nbox-shadow:none;\n}\n.avia-image-container.av-k4004220-433cc0f9fbc6121fda203bb174454974 .av-caption-image-overlay-bg{\nopacity:0.1;\n}\n.avia-image-container.av-k4004220-433cc0f9fbc6121fda203bb174454974 .av-image-caption-overlay-center{\ncolor:#ffffff;\n}\n<\/style>\n<div  class='avia-image-container av-k4004220-433cc0f9fbc6121fda203bb174454974 av-styling- avia-align-center  avia-builder-el-2  avia-builder-el-no-sibling  noHover av-overlay-on-hover'   itemprop=\"image\" itemscope=\"itemscope\" itemtype=\"https:\/\/schema.org\/ImageObject\" ><div class=\"avia-image-container-inner\"><div class=\"avia-image-overlay-wrap\"><div class=\"av-image-caption-overlay\"><div class=\"av-caption-image-overlay-bg\"><\/div><div class=\"av-image-caption-overlay-position\"><div class=\"av-image-caption-overlay-center\"><\/div><\/div><\/div><img decoding=\"async\" fetchpriority=\"high\" class='wp-image-53 avia-img-lazy-loading-not-53 avia_image ' src=\"https:\/\/hilalelektronikk.com\/wp-content\/uploads\/2019\/12\/hakkimizda.jpg\" alt='' title='hakkimizda'  height=\"1280\" width=\"960\"  itemprop=\"thumbnailUrl\" srcset=\"https:\/\/hilalelektronikk.com\/wp-content\/uploads\/2019\/12\/hakkimizda.jpg 960w, https:\/\/hilalelektronikk.com\/wp-content\/uploads\/2019\/12\/hakkimizda-225x300.jpg 225w, https:\/\/hilalelektronikk.com\/wp-content\/uploads\/2019\/12\/hakkimizda-773x1030.jpg 773w, https:\/\/hilalelektronikk.com\/wp-content\/uploads\/2019\/12\/hakkimizda-768x1024.jpg 768w, https:\/\/hilalelektronikk.com\/wp-content\/uploads\/2019\/12\/hakkimizda-529x705.jpg 529w, https:\/\/hilalelektronikk.com\/wp-content\/uploads\/2019\/12\/hakkimizda-600x800.jpg 600w\" sizes=\"(max-width: 960px) 100vw, 960px\" \/><\/div><\/div><\/div><\/div>\n<style type=\"text\/css\" data-created_by=\"avia_inline_auto\" id=\"style-css-av-1bdo8-8e3b670f0bfd671ca0561bf76d5bf30e\">\n.flex_column.av-1bdo8-8e3b670f0bfd671ca0561bf76d5bf30e{\nborder-radius:0px 0px 0px 0px;\npadding:0px 0px 0px 0px;\n}\n<\/style>\n<div  class='flex_column av-1bdo8-8e3b670f0bfd671ca0561bf76d5bf30e av_two_fifth  avia-builder-el-3  el_after_av_two_fifth  el_before_av_one_fifth  flex_column_div av-zero-column-padding  '     ><style type=\"text\/css\" data-created_by=\"avia_inline_auto\" id=\"style-css-av-k4004wma-084dbff66fd7725fa61c87237815f633\">\n#top .av_textblock_section.av-k4004wma-084dbff66fd7725fa61c87237815f633 .avia_textblock{\ncolor:#292929;\n}\n<\/style>\n<section  class='av_textblock_section av-k4004wma-084dbff66fd7725fa61c87237815f633 '   itemscope=\"itemscope\" itemtype=\"https:\/\/schema.org\/CreativeWork\" ><div class='avia_textblock av_inherit_color'  itemprop=\"text\" ><h1 style=\"text-align: center;\">HAKKIMIZDA<\/h1>\n<h1 style=\"text-align: center;\">AHMET TOPAL<\/h1>\n<h3 style=\"text-align: center;\">ELEKTRON\u0130K TEKN\u0130SYEN\u0130<\/h3>\n<p style=\"text-align: center;\">1985 YILINDA \u00c7ALI\u015eMA HAYATINA BA\u015eLANMI\u015e OLUP 6 AY TELEV\u0130ZYON TAM\u0130R\u0130, 8 AY RADYO TAM\u0130R KURSUNU B\u0130T\u0130RM\u0130\u015e OLUP, BU ZAMANDAN \u0130T\u0130BAREN SAMSUNG, SANYO, S\u0130MTEL, GRUND\u0130G, PROF\u0130LO, F\u0130\u015eHER, BLAUPUNKT, OR\u0130ON, TESS, D\u0130G\u0130, YETK\u0130L\u0130 SERV\u0130SLER\u0130NDE \u00c7ALI\u015eMI\u015e OLUP. 2004 SENES\u0130NDEN \u0130RT\u0130BAREN KEND\u0130 YER\u0130M\u0130ZDE H\u0130ZMET VERMEKTEY\u0130Z.<\/p>\n<\/div><\/section><\/div>\n<style type=\"text\/css\" data-created_by=\"avia_inline_auto\" id=\"style-css-av-oacg-0419525c6be28a6849e7fc1e406fa93f\">\n.flex_column.av-oacg-0419525c6be28a6849e7fc1e406fa93f{\nborder-radius:0px 0px 0px 0px;\npadding:0px 0px 0px 0px;\n}\n<\/style>\n<div  class='flex_column av-oacg-0419525c6be28a6849e7fc1e406fa93f av_one_fifth  avia-builder-el-5  el_after_av_two_fifth  avia-builder-el-last  flex_column_div av-zero-column-padding  '     ><\/div><\/div><\/div><\/main><!-- close content main element --><\/div><\/div><div id='after_section_1'  class='main_color av_default_container_wrap container_wrap sidebar_right'  ><div class='container av-section-cont-open' ><div class='template-page content  av-content-small alpha units'><div class='post-entry post-entry-type-page post-entry-52'><div class='entry-content-wrapper clearfix'>\n","protected":false},"excerpt":{"rendered":"","protected":false},"author":1,"featured_media":0,"parent":0,"menu_order":0,"comment_status":"closed","ping_status":"closed","template":"","meta":{"footnotes":""},"class_list":["post-52","page","type-page","status-publish","hentry"],"_links":{"self":[{"href":"https:\/\/hilalelektronikk.com\/index.php?rest_route=\/wp\/v2\/pages\/52","targetHints":{"allow":["GET"]}}],"collection":[{"href":"https:\/\/hilalelektronikk.com\/index.php?rest_route=\/wp\/v2\/pages"}],"about":[{"href":"https:\/\/hilalelektronikk.com\/index.php?rest_route=\/wp\/v2\/types\/page"}],"author":[{"embeddable":true,"href":"https:\/\/hilalelektronikk.com\/index.php?rest_route=\/wp\/v2\/users\/1"}],"replies":[{"embeddable":true,"href":"https:\/\/hilalelektronikk.com\/index.php?rest_route=%2Fwp%2Fv2%2Fcomments&post=52"}],"version-history":[{"count":0,"href":"https:\/\/hilalelektronikk.com\/index.php?rest_route=\/wp\/v2\/pages\/52\/revisions"}],"wp:attachment":[{"href":"https:\/\/hilalelektronikk.com\/index.php?rest_route=%2Fwp%2Fv2%2Fmedia&parent=52"}],"curies":[{"name":"wp","href":"https:\/\/api.w.org\/{rel}","templated":true}]}}