{"id":56,"date":"2019-12-10T18:13:05","date_gmt":"2019-12-10T15:13:05","guid":{"rendered":"http:\/\/hilalelektronikk.com\/?page_id=56"},"modified":"2025-04-25T17:01:46","modified_gmt":"2025-04-25T14:01:46","slug":"iletisim","status":"publish","type":"page","link":"https:\/\/hilalelektronikk.com\/?page_id=56","title":{"rendered":"\u0130leti\u015fim"},"content":{"rendered":"\n<style type=\"text\/css\" data-created_by=\"avia_inline_auto\" id=\"style-css-av-2y2n0-5ef35e14853825f583ad291308da0361\">\n.avia-section.av-2y2n0-5ef35e14853825f583ad291308da0361{\nbackground-color:#ffffff;\nbackground-image:unset;\n}\n<\/style>\n<div id='av_section_1'  class='avia-section av-2y2n0-5ef35e14853825f583ad291308da0361 main_color avia-section-default avia-no-border-styling  avia-builder-el-0  el_before_av_codeblock  avia-builder-el-first  avia-bg-style-scroll container_wrap sidebar_right'  ><div class='container av-section-cont-open' ><main  role=\"main\" itemprop=\"mainContentOfPage\"  class='template-page content  av-content-small alpha units'><div class='post-entry post-entry-type-page post-entry-56'><div class='entry-content-wrapper clearfix'>\n\n<style type=\"text\/css\" data-created_by=\"avia_inline_auto\" id=\"style-css-av-2ahc0-84e0d554f126837998f7c88a23d0d6b0\">\n.flex_column.av-2ahc0-84e0d554f126837998f7c88a23d0d6b0{\nborder-radius:0px 0px 0px 0px;\npadding:0px 0px 0px 0px;\n}\n<\/style>\n<div  class='flex_column av-2ahc0-84e0d554f126837998f7c88a23d0d6b0 av_one_third  avia-builder-el-1  el_before_av_one_third  avia-builder-el-first  first flex_column_div av-zero-column-padding  '     ><style type=\"text\/css\" data-created_by=\"avia_inline_auto\" id=\"style-css-av-k40072xq-8be314ca05aa73668fd58d62efdccb55\">\n.avia-image-container.av-k40072xq-8be314ca05aa73668fd58d62efdccb55 img.avia_image{\nbox-shadow:none;\n}\n.avia-image-container.av-k40072xq-8be314ca05aa73668fd58d62efdccb55 .av-caption-image-overlay-bg{\nopacity:0.1;\n}\n.avia-image-container.av-k40072xq-8be314ca05aa73668fd58d62efdccb55 .av-image-caption-overlay-center{\ncolor:#ffffff;\n}\n<\/style>\n<div  class='avia-image-container av-k40072xq-8be314ca05aa73668fd58d62efdccb55 av-styling- avia-align-center  avia-builder-el-2  avia-builder-el-no-sibling  noHover av-overlay-on-hover'   itemprop=\"image\" itemscope=\"itemscope\" itemtype=\"https:\/\/schema.org\/ImageObject\" ><div class=\"avia-image-container-inner\"><div class=\"avia-image-overlay-wrap\"><div class=\"av-image-caption-overlay\"><div class=\"av-caption-image-overlay-bg\"><\/div><div class=\"av-image-caption-overlay-position\"><div class=\"av-image-caption-overlay-center\"><\/div><\/div><\/div><img decoding=\"async\" fetchpriority=\"high\" class='wp-image-1325 avia-img-lazy-loading-not-1325 avia_image ' src=\"https:\/\/hilalelektronikk.com\/wp-content\/uploads\/2020\/09\/R7MkUVdeHI-209x300.jpg\" alt='' title='R7MkUVdeHI'  height=\"300\" width=\"209\"  itemprop=\"thumbnailUrl\" srcset=\"https:\/\/hilalelektronikk.com\/wp-content\/uploads\/2020\/09\/R7MkUVdeHI-209x300.jpg 209w, https:\/\/hilalelektronikk.com\/wp-content\/uploads\/2020\/09\/R7MkUVdeHI-491x705.jpg 491w, https:\/\/hilalelektronikk.com\/wp-content\/uploads\/2020\/09\/R7MkUVdeHI-600x862.jpg 600w, https:\/\/hilalelektronikk.com\/wp-content\/uploads\/2020\/09\/R7MkUVdeHI.jpg 696w\" sizes=\"(max-width: 209px) 100vw, 209px\" \/><\/div><\/div><\/div><\/div>\n<style type=\"text\/css\" data-created_by=\"avia_inline_auto\" id=\"style-css-av-5few-6193a3f3df009d23942fc6a333688b68\">\n.flex_column.av-5few-6193a3f3df009d23942fc6a333688b68{\nborder-radius:0px 0px 0px 0px;\npadding:0px 0px 0px 0px;\n}\n<\/style>\n<div  class='flex_column av-5few-6193a3f3df009d23942fc6a333688b68 av_one_third  avia-builder-el-3  el_after_av_one_third  el_before_av_one_fifth  flex_column_div av-zero-column-padding  '     ><style type=\"text\/css\" data-created_by=\"avia_inline_auto\" id=\"style-css-av-k4007xdp-0b20b483798a45a7efa9408d6a6a828f\">\n#top .av_textblock_section.av-k4007xdp-0b20b483798a45a7efa9408d6a6a828f .avia_textblock{\ncolor:#292929;\n}\n<\/style>\n<section  class='av_textblock_section av-k4007xdp-0b20b483798a45a7efa9408d6a6a828f '   itemscope=\"itemscope\" itemtype=\"https:\/\/schema.org\/CreativeWork\" ><div class='avia_textblock av_inherit_color'  itemprop=\"text\" ><h1 style=\"text-align: center;\">FAT\u0130H SULTAN CAD. NO:1 A\u00a0 \u0130\u00c7ERENK\u00d6Y ATA\u015eEH\u0130R<\/h1>\n<p style=\"text-align: center;\"><strong>+90 (532) 573 52 50<\/strong><\/p>\n<p style=\"text-align: center;\"><strong>+90 (216) 574 23 90<\/strong><\/p>\n<\/div><\/section><\/div>\n<style type=\"text\/css\" data-created_by=\"avia_inline_auto\" id=\"style-css-av-o5so-a1cb99e51bdf0707b57f805e9a7c1d18\">\n.flex_column.av-o5so-a1cb99e51bdf0707b57f805e9a7c1d18{\nborder-radius:0px 0px 0px 0px;\npadding:0px 0px 0px 0px;\n}\n<\/style>\n<div  class='flex_column av-o5so-a1cb99e51bdf0707b57f805e9a7c1d18 av_one_fifth  avia-builder-el-5  el_after_av_one_third  avia-builder-el-last  flex_column_div av-zero-column-padding  '     ><\/div><\/div><\/div><\/main><!-- close content main element --><\/div><\/div><div id='after_section_1'  class='main_color av_default_container_wrap container_wrap sidebar_right'  ><div class='container av-section-cont-open' ><div class='template-page content  av-content-small alpha units'><div class='post-entry post-entry-type-page post-entry-56'><div class='entry-content-wrapper clearfix'><\/p>\n","protected":false},"excerpt":{"rendered":"","protected":false},"author":1,"featured_media":0,"parent":0,"menu_order":0,"comment_status":"closed","ping_status":"closed","template":"","meta":{"footnotes":""},"class_list":["post-56","page","type-page","status-publish","hentry"],"_links":{"self":[{"href":"https:\/\/hilalelektronikk.com\/index.php?rest_route=\/wp\/v2\/pages\/56","targetHints":{"allow":["GET"]}}],"collection":[{"href":"https:\/\/hilalelektronikk.com\/index.php?rest_route=\/wp\/v2\/pages"}],"about":[{"href":"https:\/\/hilalelektronikk.com\/index.php?rest_route=\/wp\/v2\/types\/page"}],"author":[{"embeddable":true,"href":"https:\/\/hilalelektronikk.com\/index.php?rest_route=\/wp\/v2\/users\/1"}],"replies":[{"embeddable":true,"href":"https:\/\/hilalelektronikk.com\/index.php?rest_route=%2Fwp%2Fv2%2Fcomments&post=56"}],"version-history":[{"count":2,"href":"https:\/\/hilalelektronikk.com\/index.php?rest_route=\/wp\/v2\/pages\/56\/revisions"}],"predecessor-version":[{"id":4214,"href":"https:\/\/hilalelektronikk.com\/index.php?rest_route=\/wp\/v2\/pages\/56\/revisions\/4214"}],"wp:attachment":[{"href":"https:\/\/hilalelektronikk.com\/index.php?rest_route=%2Fwp%2Fv2%2Fmedia&parent=56"}],"curies":[{"name":"wp","href":"https:\/\/api.w.org\/{rel}","templated":true}]}}