{"id":1016,"date":"2020-03-12T11:45:17","date_gmt":"2020-03-12T08:45:17","guid":{"rendered":"http:\/\/hilalelektronikk.com\/?post_type=product&#038;p=1016"},"modified":"2022-12-03T13:29:57","modified_gmt":"2022-12-03T10:29:57","slug":"v5dn-320sm1-r2-36235a-samsung-32","status":"publish","type":"product","link":"https:\/\/hilalelektronikk.com\/?product=v5dn-320sm1-r2-36235a-samsung-32","title":{"rendered":"V5DN-320SM1-R2, 36235A, SAMSUNG 32&#8242;,V5DN-320SM1-R2 , SAMSUNG UE32J5373AS LED BAR, 36236A, BN96-36235A, LED STR\u0130PS, 2 STR\u0130PS, LED L\u0130GHT STR\u0130P, SAMSUNG, CY-JJ032BGLV4V, CY-DH032BSV1H, JJ032BGE-R1, BN95-02130D"},"content":{"rendered":"<p>V5DN-320SM1-R2, 36235A,<\/p>\n<h1 class=\"title\">V5DN-320SM1-R2 , SAMSUNG UE32J5373AS LED BAR, 36236A, BN96-36235A, LED STR\u0130PS, 2 STR\u0130PS, LED L\u0130GHT STR\u0130P, SAMSUNG, CY-JJ032BGLV4V, CY-DH032BSV1H, JJ032BGE-R1, BN95-02130D<\/h1>\n<ul class=\"product-profile-info\">\n<li>\n<div class=\"product-reviews\">\n<div class=\"stars\"><\/div>\n<\/div>\n<\/li>\n<\/ul>\n","protected":false},"excerpt":{"rendered":"<p>V5DN-320SM1-R2, 36235A, V5DN-320SM1-R2 , SAMSUNG UE32J5373AS LED BAR, 36236A, BN96-36235A, LED STR\u0130PS, 2 STR\u0130PS, LED L\u0130GHT STR\u0130P, SAMSUNG, CY-JJ032BGLV4V, CY-DH032BSV1H, JJ032BGE-R1, BN95-02130D<\/p>\n","protected":false},"featured_media":1017,"template":"","meta":[],"product_brand":[],"product_cat":[733],"product_tag":[933,2067,2074,2068,2075,2072,2071,2073,2076,2070,2069,1168,2077,2066,2078,932],"class_list":{"0":"post-1016","1":"product","2":"type-product","3":"status-publish","4":"has-post-thumbnail","6":"product_cat-led-barlar","7":"product_tag-36235a","8":"product_tag-36236a","9":"product_tag-bn95-02130d","10":"product_tag-bn96-36235a","11":"product_tag-bn96-36236a","12":"product_tag-cy-dh032bsv1h","13":"product_tag-cy-jj032bglv4v","14":"product_tag-jj032bge-r1","15":"product_tag-led-bar-light-strip","16":"product_tag-led-light-strip","17":"product_tag-led-strips","18":"product_tag-samsung","19":"product_tag-samsung-ue32j5373as","20":"product_tag-samsung-ue32j5373as-led-bar","21":"product_tag-ue32j5500a","22":"product_tag-v5dn-320sm1-r2","24":"first","25":"instock","26":"shipping-taxable","27":"purchasable","28":"product-type-simple"},"_links":{"self":[{"href":"https:\/\/hilalelektronikk.com\/index.php?rest_route=\/wp\/v2\/product\/1016","targetHints":{"allow":["GET"]}}],"collection":[{"href":"https:\/\/hilalelektronikk.com\/index.php?rest_route=\/wp\/v2\/product"}],"about":[{"href":"https:\/\/hilalelektronikk.com\/index.php?rest_route=\/wp\/v2\/types\/product"}],"wp:featuredmedia":[{"embeddable":true,"href":"https:\/\/hilalelektronikk.com\/index.php?rest_route=\/wp\/v2\/media\/1017"}],"wp:attachment":[{"href":"https:\/\/hilalelektronikk.com\/index.php?rest_route=%2Fwp%2Fv2%2Fmedia&parent=1016"}],"wp:term":[{"taxonomy":"product_brand","embeddable":true,"href":"https:\/\/hilalelektronikk.com\/index.php?rest_route=%2Fwp%2Fv2%2Fproduct_brand&post=1016"},{"taxonomy":"product_cat","embeddable":true,"href":"https:\/\/hilalelektronikk.com\/index.php?rest_route=%2Fwp%2Fv2%2Fproduct_cat&post=1016"},{"taxonomy":"product_tag","embeddable":true,"href":"https:\/\/hilalelektronikk.com\/index.php?rest_route=%2Fwp%2Fv2%2Fproduct_tag&post=1016"}],"curies":[{"name":"wp","href":"https:\/\/api.w.org\/{rel}","templated":true}]}}