{"id":1071,"date":"2020-03-15T13:41:02","date_gmt":"2020-03-15T10:41:02","guid":{"rendered":"http:\/\/hilalelektronikk.com\/?post_type=product&#038;p=1071"},"modified":"2026-03-06T09:02:43","modified_gmt":"2026-03-06T06:02:43","slug":"6870c-0532a-ves-430wdk3-43-6871l","status":"publish","type":"product","link":"https:\/\/hilalelektronikk.com\/?product=6870c-0532a-ves-430wdk3-43-6871l","title":{"rendered":"6870C-0532A, 6871L-3806H, 43 6871L-3806H, VES 430WDK3 PANEL, VES430UNEL PANEL,6871L-3806H, 6870C-0532A, A437 5740 4B, AR\u00c7EL\u0130K A437 5740 4B, V15 FHD DRD_NON-SCAN\u0130NG_V0.3, VES430UNEL-2D-U01, T-CON BOARD,SUNNY SN043DLD16AT017-LKFM,SUNNY SN043DLD16AT017"},"content":{"rendered":"<h3><span style=\"color: #ff0000;\">6870C-0532A, VES 430WDK3 PANEL, VES430UNEL PANEL, 6871L-3806H, 43 6871L-3806H,<\/span><\/h3>\n<h3><span style=\"color: #ff0000;\">6871L-3806H, 6870C-0532A, V15 FHD DRD_NON-SCAN\u0130NG_V0.3, VES430UNEL-2D-U01, T-CON BOARD,<\/span><\/h3>\n<h3 class=\"product_title entry-title\"><span style=\"color: #ff0000;\">SUNNY SN043DLD16AT017-LKFM, A437 5740 4B, AR\u00c7EL\u0130K<\/span><\/h3>\n<h3 class=\"product_title entry-title\"><span style=\"color: #ff0000;\">A437 5740 4B<\/span><\/h3>\n","protected":false},"excerpt":{"rendered":"<p>6870C-0532A, VES 430WDK3 PANEL, VES430UNEL PANEL, 6871L-3806H, 43 6871L-3806H, 6871L-3806H, 6870C-0532A, V15 FHD DRD_NON-SCAN\u0130NG_V0.3, VES430UNEL-2D-U01, T-CON BOARD, SUNNY SN043DLD16AT017-LKFM, A437 5740 4B, AR\u00c7EL\u0130K A437 5740 4B<\/p>\n","protected":false},"featured_media":1138,"template":"","meta":[],"product_brand":[],"product_cat":[369],"product_tag":[1017,1097,1015,4789,1096,9332,9333,7093,7087,1105,4016,1016,4014,4015,4017],"class_list":{"0":"post-1071","1":"product","2":"type-product","3":"status-publish","4":"has-post-thumbnail","6":"product_cat-tcon-board","7":"product_tag-43-6871l","8":"product_tag-43-6871l-3806h","9":"product_tag-6870c-0532a","10":"product_tag-6871l-380","11":"product_tag-6871l-3806h","12":"product_tag-a437-5740-4b","13":"product_tag-arcelik-a437-5740-4b","14":"product_tag-sunny-sn043dld16at017","15":"product_tag-sunny-sn043dld16at017-lkfm","16":"product_tag-t-con-board","17":"product_tag-v15-fhd-drd_non-scaning_v0-3","18":"product_tag-ves-430wdk3","19":"product_tag-ves-430wdk3-panel","20":"product_tag-ves430unel-panel","21":"product_tag-ves430unel-2d-u01","23":"first","24":"instock","25":"shipping-taxable","26":"purchasable","27":"product-type-simple"},"_links":{"self":[{"href":"https:\/\/hilalelektronikk.com\/index.php?rest_route=\/wp\/v2\/product\/1071","targetHints":{"allow":["GET"]}}],"collection":[{"href":"https:\/\/hilalelektronikk.com\/index.php?rest_route=\/wp\/v2\/product"}],"about":[{"href":"https:\/\/hilalelektronikk.com\/index.php?rest_route=\/wp\/v2\/types\/product"}],"wp:featuredmedia":[{"embeddable":true,"href":"https:\/\/hilalelektronikk.com\/index.php?rest_route=\/wp\/v2\/media\/1138"}],"wp:attachment":[{"href":"https:\/\/hilalelektronikk.com\/index.php?rest_route=%2Fwp%2Fv2%2Fmedia&parent=1071"}],"wp:term":[{"taxonomy":"product_brand","embeddable":true,"href":"https:\/\/hilalelektronikk.com\/index.php?rest_route=%2Fwp%2Fv2%2Fproduct_brand&post=1071"},{"taxonomy":"product_cat","embeddable":true,"href":"https:\/\/hilalelektronikk.com\/index.php?rest_route=%2Fwp%2Fv2%2Fproduct_cat&post=1071"},{"taxonomy":"product_tag","embeddable":true,"href":"https:\/\/hilalelektronikk.com\/index.php?rest_route=%2Fwp%2Fv2%2Fproduct_tag&post=1071"}],"curies":[{"name":"wp","href":"https:\/\/api.w.org\/{rel}","templated":true}]}}