{"id":1211,"date":"2020-04-13T19:10:30","date_gmt":"2020-04-13T16:10:30","guid":{"rendered":"http:\/\/hilalelektronikk.com\/?post_type=product&#038;p=1211"},"modified":"2023-04-09T12:32:28","modified_gmt":"2023-04-09T09:32:28","slug":"sunny-19550-sunny-19550-analog-tuner-dled-modul-siyahtrsnatm0300021407trsnatm0300003763","status":"publish","type":"product","link":"https:\/\/hilalelektronikk.com\/?product=sunny-19550-sunny-19550-analog-tuner-dled-modul-siyahtrsnatm0300021407trsnatm0300003763","title":{"rendered":"SUNNY 19550, SUNNY 19550 ANALOG TUNER DLED MOD\u00dcL S\u0130YAH, TRSNATM0300003763,TRSNATM0300021407"},"content":{"rendered":"<p>SUNNY 19550, SUNNY 19550 ANALOG TUNER DLED MOD\u00dcL S\u0130YAH, TRSNATM0300003763<\/p>\n","protected":false},"excerpt":{"rendered":"<p>SUNNY 19550, SUNNY 19550 ANALOG TUNER DLED MOD\u00dcL S\u0130YAH, TRSNATM0300003763<\/p>\n","protected":false},"featured_media":1212,"template":"","meta":[],"product_brand":[],"product_cat":[724],"product_tag":[1201,1217,1364,1366],"class_list":{"0":"post-1211","1":"product","2":"type-product","3":"status-publish","4":"has-post-thumbnail","6":"product_cat-harici-moduller","7":"product_tag-sunny-19550","8":"product_tag-sunny-19550-analog-tuner","9":"product_tag-trsnatm0300003763","10":"product_tag-trsnatm0300021407","12":"first","13":"instock","14":"shipping-taxable","15":"purchasable","16":"product-type-simple"},"_links":{"self":[{"href":"https:\/\/hilalelektronikk.com\/index.php?rest_route=\/wp\/v2\/product\/1211","targetHints":{"allow":["GET"]}}],"collection":[{"href":"https:\/\/hilalelektronikk.com\/index.php?rest_route=\/wp\/v2\/product"}],"about":[{"href":"https:\/\/hilalelektronikk.com\/index.php?rest_route=\/wp\/v2\/types\/product"}],"wp:featuredmedia":[{"embeddable":true,"href":"https:\/\/hilalelektronikk.com\/index.php?rest_route=\/wp\/v2\/media\/1212"}],"wp:attachment":[{"href":"https:\/\/hilalelektronikk.com\/index.php?rest_route=%2Fwp%2Fv2%2Fmedia&parent=1211"}],"wp:term":[{"taxonomy":"product_brand","embeddable":true,"href":"https:\/\/hilalelektronikk.com\/index.php?rest_route=%2Fwp%2Fv2%2Fproduct_brand&post=1211"},{"taxonomy":"product_cat","embeddable":true,"href":"https:\/\/hilalelektronikk.com\/index.php?rest_route=%2Fwp%2Fv2%2Fproduct_cat&post=1211"},{"taxonomy":"product_tag","embeddable":true,"href":"https:\/\/hilalelektronikk.com\/index.php?rest_route=%2Fwp%2Fv2%2Fproduct_tag&post=1211"}],"curies":[{"name":"wp","href":"https:\/\/api.w.org\/{rel}","templated":true}]}}