{"id":1265,"date":"2020-08-28T16:38:56","date_gmt":"2020-08-28T13:38:56","guid":{"rendered":"http:\/\/hilalelektronikk.com\/?post_type=product&#038;p=1265"},"modified":"2024-02-13T20:59:50","modified_gmt":"2024-02-13T17:59:50","slug":"vestelhilevelregalnexon-sehba-ayagi-tv-ayagiyer-ayagi-40","status":"publish","type":"product","link":"https:\/\/hilalelektronikk.com\/?product=vestelhilevelregalnexon-sehba-ayagi-tv-ayagiyer-ayagi-40","title":{"rendered":"VESTEL,H\u0130LEVEL,REGAL,NEXON, SEHBA AYA\u011eI, TV AYA\u011eI,YER AYA\u011eI, 40&#8242;,40FA5050 TV AYAK"},"content":{"rendered":"<p>VESTEL,H\u0130LEVEL,REGAL,NEXON, SEHBA AYA\u011eI, TV AYA\u011eI,YER AYA\u011eI, 40&#8242;,<\/p>\n<p>40FA5050<\/p>\n","protected":false},"excerpt":{"rendered":"<p>VESTEL,H\u0130LEVEL,REGAL,NEXON, SEHBA AYA\u011eI, TV AYA\u011eI,YER AYA\u011eI, 40&#8242;, 40FA5050<\/p>\n","protected":false},"featured_media":1266,"template":"","meta":[],"product_brand":[],"product_cat":[882],"product_tag":[1465,1480,1288,2321,1290,1289,1291,1294,1292,1459,1287,1293],"class_list":{"0":"post-1265","1":"product","2":"type-product","3":"status-publish","4":"has-post-thumbnail","6":"product_cat-tv-yer-ayagi","7":"product_tag-40fa5050","8":"product_tag-40fa5050-tv-ayak","9":"product_tag-hilevel","10":"product_tag-hilevel-tv-ayak","11":"product_tag-nexon","12":"product_tag-regal","13":"product_tag-sehba-ayagi","14":"product_tag-sehpa-ayagi","15":"product_tag-tv-ayagi","16":"product_tag-tv-ayak","17":"product_tag-vestel","18":"product_tag-yer-ayagi","20":"first","21":"outofstock","22":"shipping-taxable","23":"purchasable","24":"product-type-simple"},"_links":{"self":[{"href":"https:\/\/hilalelektronikk.com\/index.php?rest_route=\/wp\/v2\/product\/1265","targetHints":{"allow":["GET"]}}],"collection":[{"href":"https:\/\/hilalelektronikk.com\/index.php?rest_route=\/wp\/v2\/product"}],"about":[{"href":"https:\/\/hilalelektronikk.com\/index.php?rest_route=\/wp\/v2\/types\/product"}],"wp:featuredmedia":[{"embeddable":true,"href":"https:\/\/hilalelektronikk.com\/index.php?rest_route=\/wp\/v2\/media\/1266"}],"wp:attachment":[{"href":"https:\/\/hilalelektronikk.com\/index.php?rest_route=%2Fwp%2Fv2%2Fmedia&parent=1265"}],"wp:term":[{"taxonomy":"product_brand","embeddable":true,"href":"https:\/\/hilalelektronikk.com\/index.php?rest_route=%2Fwp%2Fv2%2Fproduct_brand&post=1265"},{"taxonomy":"product_cat","embeddable":true,"href":"https:\/\/hilalelektronikk.com\/index.php?rest_route=%2Fwp%2Fv2%2Fproduct_cat&post=1265"},{"taxonomy":"product_tag","embeddable":true,"href":"https:\/\/hilalelektronikk.com\/index.php?rest_route=%2Fwp%2Fv2%2Fproduct_tag&post=1265"}],"curies":[{"name":"wp","href":"https:\/\/api.w.org\/{rel}","templated":true}]}}