{"id":1365,"date":"2020-10-09T13:09:59","date_gmt":"2020-10-09T10:09:59","guid":{"rendered":"http:\/\/hilalelektronikk.com\/?post_type=product&#038;p=1365"},"modified":"2022-12-03T13:49:47","modified_gmt":"2022-12-03T10:49:47","slug":"vit71043-51-vit71043-50-philips-42","status":"publish","type":"product","link":"https:\/\/hilalelektronikk.com\/?product=vit71043-51-vit71043-50-philips-42","title":{"rendered":"VIT71043.51 , VIT71043.50, PH\u0130L\u0130PS 42&#8242;, \u0130K\u0130 ADET F\u0130YATIDIR."},"content":{"rendered":"<h3 class=\"pi-weight-700 pi-uppercase pi-letter-spacing\">VIT71043.51 , VIT71043.50, \u0130K\u0130 ADET F\u0130YATIDIR, TEK ADET 150 L\u0130RADIR.<\/h3>\n","protected":false},"excerpt":{"rendered":"<p>VIT71043.51 , VIT71043.50, \u0130K\u0130 ADET F\u0130YATIDIR, TEK ADET 150 L\u0130RADIR.<\/p>\n","protected":false},"featured_media":1366,"template":"","meta":[],"product_brand":[],"product_cat":[300],"product_tag":[1348,1347],"class_list":{"0":"post-1365","1":"product","2":"type-product","3":"status-publish","4":"has-post-thumbnail","6":"product_cat-inverter","7":"product_tag-vit71043-50","8":"product_tag-vit71043-51","10":"first","11":"outofstock","12":"shipping-taxable","13":"purchasable","14":"product-type-simple"},"_links":{"self":[{"href":"https:\/\/hilalelektronikk.com\/index.php?rest_route=\/wp\/v2\/product\/1365","targetHints":{"allow":["GET"]}}],"collection":[{"href":"https:\/\/hilalelektronikk.com\/index.php?rest_route=\/wp\/v2\/product"}],"about":[{"href":"https:\/\/hilalelektronikk.com\/index.php?rest_route=\/wp\/v2\/types\/product"}],"wp:featuredmedia":[{"embeddable":true,"href":"https:\/\/hilalelektronikk.com\/index.php?rest_route=\/wp\/v2\/media\/1366"}],"wp:attachment":[{"href":"https:\/\/hilalelektronikk.com\/index.php?rest_route=%2Fwp%2Fv2%2Fmedia&parent=1365"}],"wp:term":[{"taxonomy":"product_brand","embeddable":true,"href":"https:\/\/hilalelektronikk.com\/index.php?rest_route=%2Fwp%2Fv2%2Fproduct_brand&post=1365"},{"taxonomy":"product_cat","embeddable":true,"href":"https:\/\/hilalelektronikk.com\/index.php?rest_route=%2Fwp%2Fv2%2Fproduct_cat&post=1365"},{"taxonomy":"product_tag","embeddable":true,"href":"https:\/\/hilalelektronikk.com\/index.php?rest_route=%2Fwp%2Fv2%2Fproduct_tag&post=1365"}],"curies":[{"name":"wp","href":"https:\/\/api.w.org\/{rel}","templated":true}]}}