{"id":1386,"date":"2020-10-22T17:17:51","date_gmt":"2020-10-22T14:17:51","guid":{"rendered":"http:\/\/hilalelektronikk.com\/?post_type=product&#038;p=1386"},"modified":"2022-12-03T12:24:44","modified_gmt":"2022-12-03T09:24:44","slug":"yur190r-6-yvr190r-6-arcelik-32","status":"publish","type":"product","link":"https:\/\/hilalelektronikk.com\/?product=yur190r-6-yvr190r-6-arcelik-32","title":{"rendered":"YUR190R-6, YVR190R-6, AR\u00c7EL\u0130K 32&#8242;"},"content":{"rendered":"<p>YUR190R-6, YVR190R-6, AR\u00c7EL\u0130K 32&#8242;, PANEL LTA320AP06<\/p>\n","protected":false},"excerpt":{"rendered":"<p>YUR190R-6, YVR190R-6, AR\u00c7EL\u0130K 32&#8242;, PANEL LTA320AP06<\/p>\n","protected":false},"featured_media":1387,"template":"","meta":[],"product_brand":[],"product_cat":[123],"product_tag":[1367,1368],"class_list":{"0":"post-1386","1":"product","2":"type-product","3":"status-publish","4":"has-post-thumbnail","6":"product_cat-arcelik-beko-main-board","7":"product_tag-yur190r-6","8":"product_tag-yvr190r-6","10":"first","11":"outofstock","12":"shipping-taxable","13":"purchasable","14":"product-type-simple"},"_links":{"self":[{"href":"https:\/\/hilalelektronikk.com\/index.php?rest_route=\/wp\/v2\/product\/1386","targetHints":{"allow":["GET"]}}],"collection":[{"href":"https:\/\/hilalelektronikk.com\/index.php?rest_route=\/wp\/v2\/product"}],"about":[{"href":"https:\/\/hilalelektronikk.com\/index.php?rest_route=\/wp\/v2\/types\/product"}],"wp:featuredmedia":[{"embeddable":true,"href":"https:\/\/hilalelektronikk.com\/index.php?rest_route=\/wp\/v2\/media\/1387"}],"wp:attachment":[{"href":"https:\/\/hilalelektronikk.com\/index.php?rest_route=%2Fwp%2Fv2%2Fmedia&parent=1386"}],"wp:term":[{"taxonomy":"product_brand","embeddable":true,"href":"https:\/\/hilalelektronikk.com\/index.php?rest_route=%2Fwp%2Fv2%2Fproduct_brand&post=1386"},{"taxonomy":"product_cat","embeddable":true,"href":"https:\/\/hilalelektronikk.com\/index.php?rest_route=%2Fwp%2Fv2%2Fproduct_cat&post=1386"},{"taxonomy":"product_tag","embeddable":true,"href":"https:\/\/hilalelektronikk.com\/index.php?rest_route=%2Fwp%2Fv2%2Fproduct_tag&post=1386"}],"curies":[{"name":"wp","href":"https:\/\/api.w.org\/{rel}","templated":true}]}}