{"id":1391,"date":"2020-11-28T18:09:37","date_gmt":"2020-11-28T15:09:37","guid":{"rendered":"http:\/\/hilalelektronikk.com\/?post_type=product&#038;p=1391"},"modified":"2023-11-25T17:45:29","modified_gmt":"2023-11-25T14:45:29","slug":"hilevel-vestel-seg-nexon-32hl530-yer-ayagi","status":"publish","type":"product","link":"https:\/\/hilalelektronikk.com\/?product=hilevel-vestel-seg-nexon-32hl530-yer-ayagi","title":{"rendered":"H\u0130LEVEL, VESTEL, SEG, NEXON, 32HL530, YER AYAGI,HI LEVEL,"},"content":{"rendered":"<p>H\u0130LEVEL, 32HL530, YER AYAGI, V\u0130DA DEL\u0130KLER\u0130NDEK\u0130 ARALIK MESAFES\u0130 5.5 CM<\/p>\n","protected":false},"excerpt":{"rendered":"<p>H\u0130LEVEL, 32HL530, YER AYAGI, V\u0130DA DEL\u0130KLER\u0130NDEK\u0130 ARALIK MESAFES\u0130 5.5 CM<\/p>\n","protected":false},"featured_media":1393,"template":"","meta":[],"product_brand":[],"product_cat":[882],"product_tag":[1374,1985,391,1288,1984,1988,1292,1459,1986,1456,1987,1454,1293],"class_list":{"0":"post-1391","1":"product","2":"type-product","3":"status-publish","4":"has-post-thumbnail","6":"product_cat-tv-yer-ayagi","7":"product_tag-32hl530","8":"product_tag-ayak-aparati","9":"product_tag-hi-level","10":"product_tag-hilevel","11":"product_tag-led-tv-icin-masa-ustu-ayak-aparati","12":"product_tag-masa-ustu-ayak","13":"product_tag-tv-ayagi","14":"product_tag-tv-ayak","15":"product_tag-tv-masa-standi","16":"product_tag-tv-sehba-ayagi-tv-ayagi","17":"product_tag-tv-stand","18":"product_tag-tv-yer-ayagi","19":"product_tag-yer-ayagi","21":"first","22":"instock","23":"shipping-taxable","24":"purchasable","25":"product-type-simple"},"_links":{"self":[{"href":"https:\/\/hilalelektronikk.com\/index.php?rest_route=\/wp\/v2\/product\/1391","targetHints":{"allow":["GET"]}}],"collection":[{"href":"https:\/\/hilalelektronikk.com\/index.php?rest_route=\/wp\/v2\/product"}],"about":[{"href":"https:\/\/hilalelektronikk.com\/index.php?rest_route=\/wp\/v2\/types\/product"}],"wp:featuredmedia":[{"embeddable":true,"href":"https:\/\/hilalelektronikk.com\/index.php?rest_route=\/wp\/v2\/media\/1393"}],"wp:attachment":[{"href":"https:\/\/hilalelektronikk.com\/index.php?rest_route=%2Fwp%2Fv2%2Fmedia&parent=1391"}],"wp:term":[{"taxonomy":"product_brand","embeddable":true,"href":"https:\/\/hilalelektronikk.com\/index.php?rest_route=%2Fwp%2Fv2%2Fproduct_brand&post=1391"},{"taxonomy":"product_cat","embeddable":true,"href":"https:\/\/hilalelektronikk.com\/index.php?rest_route=%2Fwp%2Fv2%2Fproduct_cat&post=1391"},{"taxonomy":"product_tag","embeddable":true,"href":"https:\/\/hilalelektronikk.com\/index.php?rest_route=%2Fwp%2Fv2%2Fproduct_tag&post=1391"}],"curies":[{"name":"wp","href":"https:\/\/api.w.org\/{rel}","templated":true}]}}