{"id":1401,"date":"2020-12-12T13:44:49","date_gmt":"2020-12-12T10:44:49","guid":{"rendered":"http:\/\/hilalelektronikk.com\/?post_type=product&#038;p=1401"},"modified":"2025-08-25T15:07:28","modified_gmt":"2025-08-25T12:07:28","slug":"17ips62-2801678923408728-hilevel-32-32hl530","status":"publish","type":"product","link":"https:\/\/hilalelektronikk.com\/?product=17ips62-2801678923408728-hilevel-32-32hl530","title":{"rendered":"17IPS62, 28016789,23408728,010416R4, H\u0130LEVEL 32, 32HL530,POWER,BOARD,TOSH\u0130BA,32HB500,TECHWOOD LE32S278H,TECHWOOD,LE32S278H,VESTEL 32HB5000,17IPS62 , 23321189 , 27588990 , VES315WNDA-2D-N03 , 32R4011H POWER BOARD,REGAL 32R4011H, POVER BOARD ,   REGAL TELEV\u0130ZYON POWER BOARD ,  REGAL 32R4011H BESLEME DEVRES\u0130 , G\u00dc\u00c7 KAYNA\u011eI ,  17IPS62 ,  23321189 &#8211; 27588990 ,  23321169 , 27588990 ,  PANEL: VES315WNDA-2D-N03 ,"},"content":{"rendered":"<p><span style=\"color: #ff0000;\">17IPS62, 28016789,23408728,010416R4, H\u0130LEVEL 32, 32HL530,POWER,BOARD,32SCH5630,<\/span><\/p>\n<h3 class=\"judul\"><span style=\"color: #ff0000;\">17IPS62 , 23321189 , 27588990 , VES315WNDA-2D-N03 , 32R4011H POWER BOARD,<\/span><\/h3>\n<p class=\"narrow\"><span style=\"color: #ff0000;\"><b>REGAL 32R4011H POVER BOARD ,\u00a0<\/b><\/span><\/p>\n<div><span style=\"color: #ff0000;\"><b>REGAL TELEV\u0130ZYON POWER BOARD ,\u00a0<\/b><\/span><\/div>\n<div><span style=\"color: #ff0000;\"><b>REGAL 32R4011H BESLEME DEVRES\u0130 , G\u00dc\u00c7 KAYNA\u011eI ,\u00a0<\/b><\/span><\/div>\n<div><span style=\"color: #ff0000;\"><b>17IPS62 ,\u00a0<\/b><\/span><\/div>\n<div><span style=\"color: #ff0000;\"><b>23321189 &#8211; 27588990 ,\u00a0<\/b><\/span><\/div>\n<div><span style=\"color: #ff0000;\"><b>23321169 , 27588990 ,\u00a0<\/b><\/span><\/div>\n<div><span style=\"color: #ff0000;\"><b>PANEL: VES315WNDA-2D-N03 , TECHWOOD LE32S278H,TECHWOOD,LE32S278H<\/b><\/span><\/div>\n","protected":false},"excerpt":{"rendered":"<p>17IPS62, 28016789,23408728,010416R4, H\u0130LEVEL 32, 32HL530,POWER,BOARD,32SCH5630, 17IPS62 , 23321189 , 27588990 , VES315WNDA-2D-N03 , 32R4011H POWER BOARD, REGAL 32R4011H POVER BOARD ,\u00a0 REGAL TELEV\u0130ZYON POWER BOARD ,\u00a0 REGAL 32R4011H BESLEME DEVRES\u0130 , G\u00dc\u00c7 KAYNA\u011eI ,\u00a0 17IPS62 ,\u00a0 23321189 &#8211; 27588990 ,\u00a0 23321169 , 27588990 ,\u00a0 PANEL: VES315WNDA-2D-N03 , TECHWOOD LE32S278H,TECHWOOD,LE32S278H<\/p>\n","protected":false},"featured_media":1402,"template":"","meta":[],"product_brand":[7591],"product_cat":[250],"product_tag":[2599,1379,7902,7905,7901,5338,1381,7903,1380,5337,5336,1374,4792,7914,7907,5330,2004,7900,1382,8112,7904,1840,7899,7897,7898,5236,8113,4805,7906,5334],"class_list":{"0":"post-1401","1":"product","2":"type-product","3":"status-publish","4":"has-post-thumbnail","6":"product_brand-vestel","7":"product_cat-vestel-power-board","8":"product_tag-010416r4","9":"product_tag-17ips62","10":"product_tag-7902","11":"product_tag-7905","12":"product_tag-23321189-27588990","13":"product_tag-5338","14":"product_tag-1381","15":"product_tag-7903","16":"product_tag-1380","17":"product_tag-5337","18":"product_tag-32hb500","19":"product_tag-32hl530","20":"product_tag-32ll3b63dt","21":"product_tag-32r4011h","22":"product_tag-32r4011h-power-board","23":"product_tag-32sch5630","24":"product_tag-board","25":"product_tag-guc-kaynagi","26":"product_tag-hilevel-32","27":"product_tag-le32s278h","28":"product_tag-panel-ves315wnda-2d-n03","29":"product_tag-power","30":"product_tag-regal-32r4011h-besleme-devresi","31":"product_tag-regal-32r4011h-pover-board","32":"product_tag-regal-televizyon-power-board","33":"product_tag-techwood","34":"product_tag-techwood-le32s278h","35":"product_tag-toshiba-32","36":"product_tag-ves315wnda-2d-n03","37":"product_tag-vestel-32hb5000","39":"first","40":"instock","41":"shipping-taxable","42":"purchasable","43":"product-type-simple"},"_links":{"self":[{"href":"https:\/\/hilalelektronikk.com\/index.php?rest_route=\/wp\/v2\/product\/1401","targetHints":{"allow":["GET"]}}],"collection":[{"href":"https:\/\/hilalelektronikk.com\/index.php?rest_route=\/wp\/v2\/product"}],"about":[{"href":"https:\/\/hilalelektronikk.com\/index.php?rest_route=\/wp\/v2\/types\/product"}],"wp:featuredmedia":[{"embeddable":true,"href":"https:\/\/hilalelektronikk.com\/index.php?rest_route=\/wp\/v2\/media\/1402"}],"wp:attachment":[{"href":"https:\/\/hilalelektronikk.com\/index.php?rest_route=%2Fwp%2Fv2%2Fmedia&parent=1401"}],"wp:term":[{"taxonomy":"product_brand","embeddable":true,"href":"https:\/\/hilalelektronikk.com\/index.php?rest_route=%2Fwp%2Fv2%2Fproduct_brand&post=1401"},{"taxonomy":"product_cat","embeddable":true,"href":"https:\/\/hilalelektronikk.com\/index.php?rest_route=%2Fwp%2Fv2%2Fproduct_cat&post=1401"},{"taxonomy":"product_tag","embeddable":true,"href":"https:\/\/hilalelektronikk.com\/index.php?rest_route=%2Fwp%2Fv2%2Fproduct_tag&post=1401"}],"curies":[{"name":"wp","href":"https:\/\/api.w.org\/{rel}","templated":true}]}}