{"id":1418,"date":"2021-01-01T15:52:41","date_gmt":"2021-01-01T12:52:41","guid":{"rendered":"http:\/\/hilalelektronikk.com\/?post_type=product&#038;p=1418"},"modified":"2023-11-27T14:39:54","modified_gmt":"2023-11-27T11:39:54","slug":"43sbu700-48hl550-hi-level-seg-sehba-yer-ayagi","status":"publish","type":"product","link":"https:\/\/hilalelektronikk.com\/?product=43sbu700-48hl550-hi-level-seg-sehba-yer-ayagi","title":{"rendered":"43SBU700, 48HL550, H\u0130-LEVEL, SEG, VESTEL,SEHBA YER AYA\u011eI"},"content":{"rendered":"<p>43SBU700, 48HL550, H\u0130-LEVEL, SEG, SEHBA YER AYA\u011eI<\/p>\n","protected":false},"excerpt":{"rendered":"<p>43SBU700, 48HL550, H\u0130-LEVEL, SEG, SEHBA YER AYA\u011eI<\/p>\n","protected":false},"featured_media":1419,"template":"","meta":[],"product_brand":[],"product_cat":[882],"product_tag":[1398,1399,391,1400,1292,1459,1456,1287,1293],"class_list":{"0":"post-1418","1":"product","2":"type-product","3":"status-publish","4":"has-post-thumbnail","6":"product_cat-tv-yer-ayagi","7":"product_tag-43sbu700","8":"product_tag-48hl550","9":"product_tag-hi-level","10":"product_tag-seg","11":"product_tag-tv-ayagi","12":"product_tag-tv-ayak","13":"product_tag-tv-sehba-ayagi-tv-ayagi","14":"product_tag-vestel","15":"product_tag-yer-ayagi","17":"first","18":"outofstock","19":"shipping-taxable","20":"purchasable","21":"product-type-simple"},"_links":{"self":[{"href":"https:\/\/hilalelektronikk.com\/index.php?rest_route=\/wp\/v2\/product\/1418","targetHints":{"allow":["GET"]}}],"collection":[{"href":"https:\/\/hilalelektronikk.com\/index.php?rest_route=\/wp\/v2\/product"}],"about":[{"href":"https:\/\/hilalelektronikk.com\/index.php?rest_route=\/wp\/v2\/types\/product"}],"wp:featuredmedia":[{"embeddable":true,"href":"https:\/\/hilalelektronikk.com\/index.php?rest_route=\/wp\/v2\/media\/1419"}],"wp:attachment":[{"href":"https:\/\/hilalelektronikk.com\/index.php?rest_route=%2Fwp%2Fv2%2Fmedia&parent=1418"}],"wp:term":[{"taxonomy":"product_brand","embeddable":true,"href":"https:\/\/hilalelektronikk.com\/index.php?rest_route=%2Fwp%2Fv2%2Fproduct_brand&post=1418"},{"taxonomy":"product_cat","embeddable":true,"href":"https:\/\/hilalelektronikk.com\/index.php?rest_route=%2Fwp%2Fv2%2Fproduct_cat&post=1418"},{"taxonomy":"product_tag","embeddable":true,"href":"https:\/\/hilalelektronikk.com\/index.php?rest_route=%2Fwp%2Fv2%2Fproduct_tag&post=1418"}],"curies":[{"name":"wp","href":"https:\/\/api.w.org\/{rel}","templated":true}]}}