{"id":1453,"date":"2021-01-22T15:26:50","date_gmt":"2021-01-22T12:26:50","guid":{"rendered":"http:\/\/hilalelektronikk.com\/?post_type=product&#038;p=1453"},"modified":"2026-02-19T16:59:44","modified_gmt":"2026-02-19T13:59:44","slug":"40pfk4100-12-philips-40","status":"publish","type":"product","link":"https:\/\/hilalelektronikk.com\/?product=40pfk4100-12-philips-40","title":{"rendered":"40PFK4100 12, PH\u0130L\u0130PS 40,PHILIPS TV AYAK,PHILIPS SEHBA AYAK,PHILIPS 40PFK4100 TV AYAK,40PFK4100 SEHBA AYAK"},"content":{"rendered":"<p>PH\u0130L\u0130PS 40&#8242;, 40PFK4100 12,PHILIPS TV AYAK,PHILIPS SEHBA AYAK,PHILIPS 40PFK4100 TV AYAK,40PFK4100 SEHBA AYAK<\/p>\n","protected":false},"excerpt":{"rendered":"<p>PH\u0130L\u0130PS 40&#8242;, 40PFK4100 12,PHILIPS TV AYAK,PHILIPS SEHBA AYAK,PHILIPS 40PFK4100 TV AYAK,40PFK4100 SEHBA AYAK<\/p>\n","protected":false},"featured_media":1454,"template":"","meta":[],"product_brand":[],"product_cat":[882],"product_tag":[1447,4980,1448,1446,4979,4972,4971,1291,1292,1459,1455,1454,1449],"class_list":{"0":"post-1453","1":"product","2":"type-product","3":"status-publish","4":"has-post-thumbnail","6":"product_cat-tv-yer-ayagi","7":"product_tag-40pfk4100-12","8":"product_tag-40pfk4100-sehba-ayak","9":"product_tag-ayak","10":"product_tag-philips-40","11":"product_tag-philips-40pfk4100-tv-ayak","12":"product_tag-philips-sehba-ayak","13":"product_tag-philips-tv-ayak","14":"product_tag-sehba-ayagi","15":"product_tag-tv-ayagi","16":"product_tag-tv-ayak","17":"product_tag-tv-sehba-ayagi","18":"product_tag-tv-yer-ayagi","19":"product_tag-yer-ayak","21":"first","22":"outofstock","23":"shipping-taxable","24":"purchasable","25":"product-type-simple"},"_links":{"self":[{"href":"https:\/\/hilalelektronikk.com\/index.php?rest_route=\/wp\/v2\/product\/1453","targetHints":{"allow":["GET"]}}],"collection":[{"href":"https:\/\/hilalelektronikk.com\/index.php?rest_route=\/wp\/v2\/product"}],"about":[{"href":"https:\/\/hilalelektronikk.com\/index.php?rest_route=\/wp\/v2\/types\/product"}],"wp:featuredmedia":[{"embeddable":true,"href":"https:\/\/hilalelektronikk.com\/index.php?rest_route=\/wp\/v2\/media\/1454"}],"wp:attachment":[{"href":"https:\/\/hilalelektronikk.com\/index.php?rest_route=%2Fwp%2Fv2%2Fmedia&parent=1453"}],"wp:term":[{"taxonomy":"product_brand","embeddable":true,"href":"https:\/\/hilalelektronikk.com\/index.php?rest_route=%2Fwp%2Fv2%2Fproduct_brand&post=1453"},{"taxonomy":"product_cat","embeddable":true,"href":"https:\/\/hilalelektronikk.com\/index.php?rest_route=%2Fwp%2Fv2%2Fproduct_cat&post=1453"},{"taxonomy":"product_tag","embeddable":true,"href":"https:\/\/hilalelektronikk.com\/index.php?rest_route=%2Fwp%2Fv2%2Fproduct_tag&post=1453"}],"curies":[{"name":"wp","href":"https:\/\/api.w.org\/{rel}","templated":true}]}}