{"id":1499,"date":"2021-04-06T17:15:13","date_gmt":"2021-04-06T14:15:13","guid":{"rendered":"http:\/\/hilalelektronikk.com\/?post_type=product&#038;p=1499"},"modified":"2022-07-04T10:42:27","modified_gmt":"2022-07-04T07:42:27","slug":"6870c-0481at-con-board","status":"publish","type":"product","link":"https:\/\/hilalelektronikk.com\/?product=6870c-0481at-con-board","title":{"rendered":"6870C-0481A,T-CON BOARD,6870C-0481A , V14 60HZ 1G1D SW V0.1 , VES500UNDC-2D-N02 , LG , LOG\u0130C BOARD , T-CON BOARD,6870C-0481A, 3627A, 6871L-3627A, V14 60Hz 1G1D SW V0.1, Nexon 50NX600 50 SMART LED TV, T CON Board, VES500UNDL-2D-N02,AR\u00c7EL\u0130K,A49LB8477"},"content":{"rendered":"<h5>6870C-0481A,T-CON BOARD,AR\u00c7EL\u0130K,A49LB8477,<\/h5>\n<h5>6870C-0481A , V14 60HZ 1G1D SW V0.1 , VES500UNDC-2D-N02 , LG , LOG\u0130C BOARD , T-CON BOARD,<\/h5>\n<h5 class=\"fl col-12\">6870C-0481A, 3627A, 6871L-3627A, V14 60Hz 1G1D SW V0.1, Nexon 50NX600 50 SMART LED TV, T CON Board, VES500UNDL-2D-N02,<\/h5>\n<h1 id=\"productName\" class=\"fl col-12\"><\/h1>\n","protected":false},"excerpt":{"rendered":"<p>6870C-0481A,T-CON BOARD,AR\u00c7EL\u0130K,A49LB8477, 6870C-0481A , V14 60HZ 1G1D SW V0.1 , VES500UNDC-2D-N02 , LG , LOG\u0130C BOARD , T-CON BOARD, 6870C-0481A, 3627A, 6871L-3627A, V14 60Hz 1G1D SW V0.1, Nexon 50NX600 50 SMART LED TV, T CON Board, VES500UNDL-2D-N02,<\/p>\n","protected":false},"featured_media":1500,"template":"","meta":[],"product_brand":[],"product_cat":[369],"product_tag":[4494,4489,1546,4495,4490,3665,1450,4492,1583,1442,4496,4491,1105,4203,4493,4497],"class_list":{"0":"post-1499","1":"product","2":"type-product","3":"status-publish","4":"has-post-thumbnail","6":"product_cat-tcon-board","7":"product_tag-3627a","8":"product_tag-3812b","9":"product_tag-6870c-0481a","10":"product_tag-6871l-3627a","11":"product_tag-6871l-3812b","12":"product_tag-a49lb8477","13":"product_tag-arcelik","14":"product_tag-lc490duj-sge3","15":"product_tag-lg","16":"product_tag-logic-board","17":"product_tag-nexon-50nx600-50-smart-led-tv","18":"product_tag-philips-49pfl4909","19":"product_tag-t-con-board","20":"product_tag-v14-60hz-1g1d-sw-v0-1","21":"product_tag-ves500undc-2d-n02","22":"product_tag-ves500undl-2d-n02","24":"first","25":"instock","26":"shipping-taxable","27":"purchasable","28":"product-type-simple"},"_links":{"self":[{"href":"https:\/\/hilalelektronikk.com\/index.php?rest_route=\/wp\/v2\/product\/1499","targetHints":{"allow":["GET"]}}],"collection":[{"href":"https:\/\/hilalelektronikk.com\/index.php?rest_route=\/wp\/v2\/product"}],"about":[{"href":"https:\/\/hilalelektronikk.com\/index.php?rest_route=\/wp\/v2\/types\/product"}],"wp:featuredmedia":[{"embeddable":true,"href":"https:\/\/hilalelektronikk.com\/index.php?rest_route=\/wp\/v2\/media\/1500"}],"wp:attachment":[{"href":"https:\/\/hilalelektronikk.com\/index.php?rest_route=%2Fwp%2Fv2%2Fmedia&parent=1499"}],"wp:term":[{"taxonomy":"product_brand","embeddable":true,"href":"https:\/\/hilalelektronikk.com\/index.php?rest_route=%2Fwp%2Fv2%2Fproduct_brand&post=1499"},{"taxonomy":"product_cat","embeddable":true,"href":"https:\/\/hilalelektronikk.com\/index.php?rest_route=%2Fwp%2Fv2%2Fproduct_cat&post=1499"},{"taxonomy":"product_tag","embeddable":true,"href":"https:\/\/hilalelektronikk.com\/index.php?rest_route=%2Fwp%2Fv2%2Fproduct_tag&post=1499"}],"curies":[{"name":"wp","href":"https:\/\/api.w.org\/{rel}","templated":true}]}}