{"id":1533,"date":"2021-06-04T13:45:30","date_gmt":"2021-06-04T10:45:30","guid":{"rendered":"http:\/\/hilalelektronikk.com\/?post_type=product&#038;p=1533"},"modified":"2023-03-09T10:25:57","modified_gmt":"2023-03-09T07:25:57","slug":"sd-120pbmb4c6lv0-1sd120pbmb4c6lv0-1lta400hv01s23760d1f02tj","status":"publish","type":"product","link":"https:\/\/hilalelektronikk.com\/?product=sd-120pbmb4c6lv0-1sd120pbmb4c6lv0-1lta400hv01s23760d1f02tj","title":{"rendered":"SD 120PBMB4C6LV0.1,SD120PBMB4C6LV0.1,LTA400HV01,S23760D1F02TJ,VESTEL,SD120PBMB4C6LV0.1 , LJ94-23760D , LTA400HV01 , TOSHIBA 40TL838 , T-CON BOARD"},"content":{"rendered":"<h5>SD 120PBMB4C6LV0.1,SD120PBMB4C6LV0.1,LTA400HV01,S23760D1F02TJ,<\/h5>\n<h5>SD120PBMB4C6LV0.1 , LJ94-23760D , LTA400HV01 , TOSHIBA 40TL838 , T-CON BOARD,<\/h5>\n<h5>SD120PBMB4C6LV0.1,TOSH\u0130BA 40 TL 838 T\u0130CON,T\u0130KON,lta400 h2 10<\/h5>\n<h2><\/h2>\n","protected":false},"excerpt":{"rendered":"<p>SD 120PBMB4C6LV0.1,SD120PBMB4C6LV0.1,LTA400HV01,S23760D1F02TJ, SD120PBMB4C6LV0.1 , LJ94-23760D , LTA400HV01 , TOSHIBA 40TL838 , T-CON BOARD, SD120PBMB4C6LV0.1,TOSH\u0130BA 40 TL 838 T\u0130CON,T\u0130KON,lta400 h2 10<\/p>\n","protected":false},"featured_media":1534,"template":"","meta":[],"product_brand":[],"product_cat":[369],"product_tag":[4503,4506,1600,1615,1613,1614,1105,4505,4504,1616,1287],"class_list":{"0":"post-1533","1":"product","2":"type-product","3":"status-publish","4":"has-post-thumbnail","6":"product_cat-tcon-board","7":"product_tag-lj94-23760d","8":"product_tag-lta400-h2-10","9":"product_tag-lta400hv01","10":"product_tag-s23760d1f02tj","11":"product_tag-sd-120pbmb4c6lv0-1","12":"product_tag-sd120pbmb4c6lv0-1","13":"product_tag-t-con-board","14":"product_tag-tikon","15":"product_tag-toshiba-40-tl-838-ticon","16":"product_tag-toshiba-40tl838","17":"product_tag-vestel","19":"first","20":"outofstock","21":"shipping-taxable","22":"purchasable","23":"product-type-simple"},"_links":{"self":[{"href":"https:\/\/hilalelektronikk.com\/index.php?rest_route=\/wp\/v2\/product\/1533","targetHints":{"allow":["GET"]}}],"collection":[{"href":"https:\/\/hilalelektronikk.com\/index.php?rest_route=\/wp\/v2\/product"}],"about":[{"href":"https:\/\/hilalelektronikk.com\/index.php?rest_route=\/wp\/v2\/types\/product"}],"wp:featuredmedia":[{"embeddable":true,"href":"https:\/\/hilalelektronikk.com\/index.php?rest_route=\/wp\/v2\/media\/1534"}],"wp:attachment":[{"href":"https:\/\/hilalelektronikk.com\/index.php?rest_route=%2Fwp%2Fv2%2Fmedia&parent=1533"}],"wp:term":[{"taxonomy":"product_brand","embeddable":true,"href":"https:\/\/hilalelektronikk.com\/index.php?rest_route=%2Fwp%2Fv2%2Fproduct_brand&post=1533"},{"taxonomy":"product_cat","embeddable":true,"href":"https:\/\/hilalelektronikk.com\/index.php?rest_route=%2Fwp%2Fv2%2Fproduct_cat&post=1533"},{"taxonomy":"product_tag","embeddable":true,"href":"https:\/\/hilalelektronikk.com\/index.php?rest_route=%2Fwp%2Fv2%2Fproduct_tag&post=1533"}],"curies":[{"name":"wp","href":"https:\/\/api.w.org\/{rel}","templated":true}]}}