{"id":154,"date":"2019-12-29T16:18:58","date_gmt":"2019-12-29T13:18:58","guid":{"rendered":"http:\/\/hilalelektronikk.com\/?post_type=product&#038;p=154"},"modified":"2022-12-03T13:30:09","modified_gmt":"2022-12-03T10:30:09","slug":"arcelik-42-ytd190r-5","status":"publish","type":"product","link":"https:\/\/hilalelektronikk.com\/?product=arcelik-42-ytd190r-5","title":{"rendered":"YTD190R-5,AR\u00c7EL\u0130K 42&#8221;"},"content":{"rendered":"<p>YTD190R-5,AR\u00c7EL\u0130K 42&#8242; lc420wun panel<\/p>\n","protected":false},"excerpt":{"rendered":"<p>YTD190R-5,AR\u00c7EL\u0130K 42&#8242; lc420wun panel<\/p>\n","protected":false},"featured_media":155,"template":"","meta":[],"product_brand":[],"product_cat":[123],"product_tag":[388,108,1212],"class_list":{"0":"post-154","1":"product","2":"type-product","3":"status-publish","4":"has-post-thumbnail","6":"product_cat-arcelik-beko-main-board","7":"product_tag-tdtc-g428d","8":"product_tag-ytd190r-5","9":"product_tag-zk5-lzz","11":"first","12":"outofstock","13":"shipping-taxable","14":"purchasable","15":"product-type-simple"},"_links":{"self":[{"href":"https:\/\/hilalelektronikk.com\/index.php?rest_route=\/wp\/v2\/product\/154","targetHints":{"allow":["GET"]}}],"collection":[{"href":"https:\/\/hilalelektronikk.com\/index.php?rest_route=\/wp\/v2\/product"}],"about":[{"href":"https:\/\/hilalelektronikk.com\/index.php?rest_route=\/wp\/v2\/types\/product"}],"wp:featuredmedia":[{"embeddable":true,"href":"https:\/\/hilalelektronikk.com\/index.php?rest_route=\/wp\/v2\/media\/155"}],"wp:attachment":[{"href":"https:\/\/hilalelektronikk.com\/index.php?rest_route=%2Fwp%2Fv2%2Fmedia&parent=154"}],"wp:term":[{"taxonomy":"product_brand","embeddable":true,"href":"https:\/\/hilalelektronikk.com\/index.php?rest_route=%2Fwp%2Fv2%2Fproduct_brand&post=154"},{"taxonomy":"product_cat","embeddable":true,"href":"https:\/\/hilalelektronikk.com\/index.php?rest_route=%2Fwp%2Fv2%2Fproduct_cat&post=154"},{"taxonomy":"product_tag","embeddable":true,"href":"https:\/\/hilalelektronikk.com\/index.php?rest_route=%2Fwp%2Fv2%2Fproduct_tag&post=154"}],"curies":[{"name":"wp","href":"https:\/\/api.w.org\/{rel}","templated":true}]}}