{"id":161,"date":"2019-12-29T16:34:17","date_gmt":"2019-12-29T13:34:17","guid":{"rendered":"http:\/\/hilalelektronikk.com\/?post_type=product&#038;p=161"},"modified":"2023-10-11T11:32:23","modified_gmt":"2023-10-11T08:32:23","slug":"beko-37-ytd190r-7","status":"publish","type":"product","link":"https:\/\/hilalelektronikk.com\/?product=beko-37-ytd190r-7","title":{"rendered":"YTD190R-7,T370HW03,YTD190R-7,YTD190R-7 V-0,BRKPZZ,AUO T420HW09 V100,BEKO F 106-203 FHD,AR\u00c7EL\u0130K F 106-203 FHD,BEKO AR\u00c7EL\u0130K GRUNDIG ANAKART MAIN BOARD"},"content":{"rendered":"<h5>T370HW03 PANEL, YTD190R-7,T370HW03,BEKO 37&#8242;,MAIN,BOARD,<\/h5>\n<h5 id=\"productName\" class=\"fl col-12\">YTD190R-7, BMAHZZ, Ar\u00e7elik TV 82-203 FHD, Main Board, Ana Kart, T315HW04 V.0,<\/h5>\n<h5 class=\"product_title entry-title\">YTD190R-7,YTD190R-7 V-0,BRKPZZ,AUO T420HW09 V100,BEKO F 106-203 FHD,AR\u00c7EL\u0130K F 106-203 FHD,BEKO AR\u00c7EL\u0130K GRUNDIG ANAKART MAIN BOARD<\/h5>\n","protected":false},"excerpt":{"rendered":"<p>T370HW03 PANEL, YTD190R-7,T370HW03,BEKO 37&#8242;,MAIN,BOARD, YTD190R-7, BMAHZZ, Ar\u00e7elik TV 82-203 FHD, Main Board, Ana Kart, T315HW04 V.0, YTD190R-7,YTD190R-7 V-0,BRKPZZ,AUO T420HW09 V100,BEKO F 106-203 FHD,AR\u00c7EL\u0130K F 106-203 FHD,BEKO AR\u00c7EL\u0130K GRUNDIG ANAKART MAIN BOARD<\/p>\n","protected":false},"featured_media":162,"template":"","meta":[],"product_brand":[],"product_cat":[123],"product_tag":[1954,2783,3583,3580,2659,3581,2782,3582,2004,3579,2008,1953,3584,2658,111,3578],"class_list":{"0":"post-161","1":"product","2":"type-product","3":"status-publish","4":"has-post-thumbnail","6":"product_cat-arcelik-beko-main-board","7":"product_tag-ana-kart","8":"product_tag-arcelik-f-106-203-fhd","9":"product_tag-arcelik-tv-82-203-fhd","10":"product_tag-auo-t420hw09-v100","11":"product_tag-beko-37","12":"product_tag-beko-arcelik-grundig-anakart-main-board","13":"product_tag-beko-f-106-203-fhd","14":"product_tag-bmahzz","15":"product_tag-board","16":"product_tag-brkpzz","17":"product_tag-main","18":"product_tag-main-board","19":"product_tag-t315hw04-v-0","20":"product_tag-t370hw03","21":"product_tag-ytd190r-7","22":"product_tag-ytd190r-7-v-0","24":"first","25":"instock","26":"shipping-taxable","27":"purchasable","28":"product-type-simple"},"_links":{"self":[{"href":"https:\/\/hilalelektronikk.com\/index.php?rest_route=\/wp\/v2\/product\/161","targetHints":{"allow":["GET"]}}],"collection":[{"href":"https:\/\/hilalelektronikk.com\/index.php?rest_route=\/wp\/v2\/product"}],"about":[{"href":"https:\/\/hilalelektronikk.com\/index.php?rest_route=\/wp\/v2\/types\/product"}],"wp:featuredmedia":[{"embeddable":true,"href":"https:\/\/hilalelektronikk.com\/index.php?rest_route=\/wp\/v2\/media\/162"}],"wp:attachment":[{"href":"https:\/\/hilalelektronikk.com\/index.php?rest_route=%2Fwp%2Fv2%2Fmedia&parent=161"}],"wp:term":[{"taxonomy":"product_brand","embeddable":true,"href":"https:\/\/hilalelektronikk.com\/index.php?rest_route=%2Fwp%2Fv2%2Fproduct_brand&post=161"},{"taxonomy":"product_cat","embeddable":true,"href":"https:\/\/hilalelektronikk.com\/index.php?rest_route=%2Fwp%2Fv2%2Fproduct_cat&post=161"},{"taxonomy":"product_tag","embeddable":true,"href":"https:\/\/hilalelektronikk.com\/index.php?rest_route=%2Fwp%2Fv2%2Fproduct_tag&post=161"}],"curies":[{"name":"wp","href":"https:\/\/api.w.org\/{rel}","templated":true}]}}