{"id":1627,"date":"2021-10-14T12:30:45","date_gmt":"2021-10-14T09:30:45","guid":{"rendered":"http:\/\/hilalelektronikk.com\/?post_type=product&#038;p=1627"},"modified":"2024-12-12T14:50:09","modified_gmt":"2024-12-12T11:50:09","slug":"6922l-0128alg49ub830vledlg-49ub830vled-driverled-bar","status":"publish","type":"product","link":"https:\/\/hilalelektronikk.com\/?product=6922l-0128alg49ub830vledlg-49ub830vled-driverled-bar","title":{"rendered":"6922L-0128A,LG49UB830V,LED,LG 49UB830V,LED DR\u0130VER,LED BAR"},"content":{"rendered":"<h2>LG49UB830V<strong>,LED DR\u0130VER,LED BAR,<\/strong><\/h2>\n<h2>LG 49UB830V,6922L-0128A, YEN\u0130 TV N\u0130N EKRAN KIRILMASI SONUCU S\u00d6K\u00dcLM\u00dc\u015eT\u00dcR YEN\u0130 D\u0130R.<\/h2>\n","protected":false},"excerpt":{"rendered":"<p>LG49UB830V,LED DR\u0130VER,LED BAR, LG 49UB830V,6922L-0128A, YEN\u0130 TV N\u0130N EKRAN KIRILMASI SONUCU S\u00d6K\u00dcLM\u00dc\u015eT\u00dcR YEN\u0130 D\u0130R.<\/p>\n","protected":false},"featured_media":1628,"template":"","meta":[],"product_brand":[],"product_cat":[733],"product_tag":[2223,2222,2227,2221,2229,2220,737,1831,1746,2224,1828,1672,1830,1829,2225,1827,1732,2226,2228],"class_list":{"0":"post-1627","1":"product","2":"type-product","3":"status-publish","4":"has-post-thumbnail","6":"product_cat-led-barlar","7":"product_tag-49-v14-art-tv-rev-0-3-1-l-type","8":"product_tag-49-v14-art-tv-rev-0-3-1-r-type","9":"product_tag-49ub850v-led-bar","10":"product_tag-6916l-1722b","11":"product_tag-6916l-1722b-49-v14-art","12":"product_tag-6916l-1723b","13":"product_tag-6920l-0001c","14":"product_tag-6922l-0128a","15":"product_tag-backligth-strip","16":"product_tag-lc490eqe-xgm1","17":"product_tag-led","18":"product_tag-led-bar","19":"product_tag-led-driver","20":"product_tag-lg-49ub830v","21":"product_tag-lg-49ub850v","22":"product_tag-lg49ub830v","23":"product_tag-panel-ledleri","24":"product_tag-philips-49pus7909-12","25":"product_tag-philips-49pus7909-12-led-bar","27":"first","28":"outofstock","29":"shipping-taxable","30":"purchasable","31":"product-type-simple"},"_links":{"self":[{"href":"https:\/\/hilalelektronikk.com\/index.php?rest_route=\/wp\/v2\/product\/1627","targetHints":{"allow":["GET"]}}],"collection":[{"href":"https:\/\/hilalelektronikk.com\/index.php?rest_route=\/wp\/v2\/product"}],"about":[{"href":"https:\/\/hilalelektronikk.com\/index.php?rest_route=\/wp\/v2\/types\/product"}],"wp:featuredmedia":[{"embeddable":true,"href":"https:\/\/hilalelektronikk.com\/index.php?rest_route=\/wp\/v2\/media\/1628"}],"wp:attachment":[{"href":"https:\/\/hilalelektronikk.com\/index.php?rest_route=%2Fwp%2Fv2%2Fmedia&parent=1627"}],"wp:term":[{"taxonomy":"product_brand","embeddable":true,"href":"https:\/\/hilalelektronikk.com\/index.php?rest_route=%2Fwp%2Fv2%2Fproduct_brand&post=1627"},{"taxonomy":"product_cat","embeddable":true,"href":"https:\/\/hilalelektronikk.com\/index.php?rest_route=%2Fwp%2Fv2%2Fproduct_cat&post=1627"},{"taxonomy":"product_tag","embeddable":true,"href":"https:\/\/hilalelektronikk.com\/index.php?rest_route=%2Fwp%2Fv2%2Fproduct_tag&post=1627"}],"curies":[{"name":"wp","href":"https:\/\/api.w.org\/{rel}","templated":true}]}}