{"id":1659,"date":"2021-11-24T16:33:28","date_gmt":"2021-11-24T13:33:28","guid":{"rendered":"http:\/\/hilalelektronikk.com\/?post_type=product&#038;p=1659"},"modified":"2022-12-03T12:40:42","modified_gmt":"2022-12-03T09:40:42","slug":"lg-49uj630v55uj630v49uj650v55uj650vled-tvmam644246lg-49-55-inc-led-tv-yer-ayagi","status":"publish","type":"product","link":"https:\/\/hilalelektronikk.com\/?product=lg-49uj630v55uj630v49uj650v55uj650vled-tvmam644246lg-49-55-inc-led-tv-yer-ayagi","title":{"rendered":"LG 49UJ630V,55UJ630V,49UJ650V,55UJ650V,LED TV,MAM644246,LG 49 55 \u0130N\u00c7 LED TV YER AYAGI,MAM643660 STAND BASE LG 49UJ630V 55UJ630V LED TV \u0130\u00c7\u0130N MASA \u00dcST\u00dc AYAK APARATI YER AYA\u011eI AYAK APARATI TV MASA STANDI TV AYAK"},"content":{"rendered":"<p>LG 49UJ630V,55UJ630V,49UJ650V,55UJ650V,LED TV,MAM644246,LG 49 55 \u0130N\u00c7 LED TV YER AYAGI,<\/p>\n<h1>MAM643660 STAND BASE LG 49UJ630V 55UJ630V LED TV \u0130\u00c7\u0130N MASA \u00dcST\u00dc AYAK APARATI YER AYA\u011eI AYAK APARATI TV MASA STANDI TV AYAK<\/h1>\n","protected":false},"excerpt":{"rendered":"<p>LG 49UJ630V,55UJ630V,49UJ650V,55UJ650V,LED TV,MAM644246,LG 49 55 \u0130N\u00c7 LED TV YER AYAGI, MAM643660 STAND BASE LG 49UJ630V 55UJ630V LED TV \u0130\u00c7\u0130N MASA \u00dcST\u00dc AYAK APARATI YER AYA\u011eI AYAK APARATI TV MASA STANDI TV AYAK<\/p>\n","protected":false},"featured_media":1660,"template":"","meta":[],"product_brand":[],"product_cat":[882],"product_tag":[1897,1898,1902,1899,1900,1903,1849,1942,1901,1538],"class_list":{"0":"post-1659","1":"product","2":"type-product","3":"status-publish","4":"has-post-thumbnail","6":"product_cat-tv-yer-ayagi","7":"product_tag-49uj630v","8":"product_tag-49uj650v","9":"product_tag-55uj","10":"product_tag-55uj630v","11":"product_tag-55uj650v","12":"product_tag-lg-55-ayak","13":"product_tag-lg-tv-yer-ayak","14":"product_tag-mam643660-stand-base-lg-49uj630v-55uj630v-led-tv-icin-masa-ustu-ayak-aparati-yer-ayagi-ayak-aparati-tv-masa-standi-tv-ayak","15":"product_tag-mam644246","16":"product_tag-sehba-ayak","18":"first","19":"outofstock","20":"shipping-taxable","21":"purchasable","22":"product-type-simple"},"_links":{"self":[{"href":"https:\/\/hilalelektronikk.com\/index.php?rest_route=\/wp\/v2\/product\/1659","targetHints":{"allow":["GET"]}}],"collection":[{"href":"https:\/\/hilalelektronikk.com\/index.php?rest_route=\/wp\/v2\/product"}],"about":[{"href":"https:\/\/hilalelektronikk.com\/index.php?rest_route=\/wp\/v2\/types\/product"}],"wp:featuredmedia":[{"embeddable":true,"href":"https:\/\/hilalelektronikk.com\/index.php?rest_route=\/wp\/v2\/media\/1660"}],"wp:attachment":[{"href":"https:\/\/hilalelektronikk.com\/index.php?rest_route=%2Fwp%2Fv2%2Fmedia&parent=1659"}],"wp:term":[{"taxonomy":"product_brand","embeddable":true,"href":"https:\/\/hilalelektronikk.com\/index.php?rest_route=%2Fwp%2Fv2%2Fproduct_brand&post=1659"},{"taxonomy":"product_cat","embeddable":true,"href":"https:\/\/hilalelektronikk.com\/index.php?rest_route=%2Fwp%2Fv2%2Fproduct_cat&post=1659"},{"taxonomy":"product_tag","embeddable":true,"href":"https:\/\/hilalelektronikk.com\/index.php?rest_route=%2Fwp%2Fv2%2Fproduct_tag&post=1659"}],"curies":[{"name":"wp","href":"https:\/\/api.w.org\/{rel}","templated":true}]}}