{"id":1666,"date":"2021-12-10T17:46:48","date_gmt":"2021-12-10T14:46:48","guid":{"rendered":"http:\/\/hilalelektronikk.com\/?post_type=product&#038;p=1666"},"modified":"2025-09-13T09:41:43","modified_gmt":"2025-09-13T06:41:43","slug":"inter-modellrb5201-v6lrb5201-v6akilli-kumanda","status":"publish","type":"product","link":"https:\/\/hilalelektronikk.com\/?product=inter-modellrb5201-v6lrb5201-v6akilli-kumanda","title":{"rendered":"djutsu kumanda,dijutsu orjinal kuanda,dijutsu,kumanda,tv kumanda"},"content":{"rendered":"<h3><span style=\"color: #ff6600;\">djutsu kumanda,dijutsu orjinal kuanda,dijutsu,kumanda,tv kumanda,<\/span><\/h3>\n<p><span style=\"color: #000000;\"><strong>Not:\u00fcr\u00fcn \u00e7\u0131kma<\/strong> <strong>temizdir,<\/strong><\/span><\/p>\n","protected":false},"excerpt":{"rendered":"<p>djutsu kumanda,dijutsu orjinal kuanda,dijutsu,kumanda,tv kumanda, Not:\u00fcr\u00fcn \u00e7\u0131kma temizdir,<\/p>\n","protected":false},"featured_media":4818,"template":"","meta":[],"product_brand":[],"product_cat":[389],"product_tag":[8626,8625,8624,2354,8627],"class_list":{"0":"post-1666","1":"product","2":"type-product","3":"status-publish","4":"has-post-thumbnail","6":"product_cat-kumandalar","7":"product_tag-dijutsu","8":"product_tag-dijutsu-orjinal-kuanda","9":"product_tag-djutsu-kumanda","10":"product_tag-kumanda","11":"product_tag-tv-kumanda","13":"first","14":"instock","15":"shipping-taxable","16":"purchasable","17":"product-type-simple"},"_links":{"self":[{"href":"https:\/\/hilalelektronikk.com\/index.php?rest_route=\/wp\/v2\/product\/1666","targetHints":{"allow":["GET"]}}],"collection":[{"href":"https:\/\/hilalelektronikk.com\/index.php?rest_route=\/wp\/v2\/product"}],"about":[{"href":"https:\/\/hilalelektronikk.com\/index.php?rest_route=\/wp\/v2\/types\/product"}],"wp:featuredmedia":[{"embeddable":true,"href":"https:\/\/hilalelektronikk.com\/index.php?rest_route=\/wp\/v2\/media\/4818"}],"wp:attachment":[{"href":"https:\/\/hilalelektronikk.com\/index.php?rest_route=%2Fwp%2Fv2%2Fmedia&parent=1666"}],"wp:term":[{"taxonomy":"product_brand","embeddable":true,"href":"https:\/\/hilalelektronikk.com\/index.php?rest_route=%2Fwp%2Fv2%2Fproduct_brand&post=1666"},{"taxonomy":"product_cat","embeddable":true,"href":"https:\/\/hilalelektronikk.com\/index.php?rest_route=%2Fwp%2Fv2%2Fproduct_cat&post=1666"},{"taxonomy":"product_tag","embeddable":true,"href":"https:\/\/hilalelektronikk.com\/index.php?rest_route=%2Fwp%2Fv2%2Fproduct_tag&post=1666"}],"curies":[{"name":"wp","href":"https:\/\/api.w.org\/{rel}","templated":true}]}}