{"id":169,"date":"2019-12-29T17:21:21","date_gmt":"2019-12-29T14:21:21","guid":{"rendered":"http:\/\/hilalelektronikk.com\/?post_type=product&#038;p=169"},"modified":"2026-02-23T17:56:06","modified_gmt":"2026-02-23T14:56:06","slug":"beko-altus-40-vty190r-6","status":"publish","type":"product","link":"https:\/\/hilalelektronikk.com\/?product=beko-altus-40-vty190r-6","title":{"rendered":"VTY190R-6, BEKO, ALTUS 40&#8242;, AR\u00c7EL\u0130K, A40 LW 5533, A40 LB 5533, VTY190R-6, VTY190R-6 V-0, A40LB5533, AR\u00c7EL\u0130K 40&#8242;, MA\u0130N BOARD, VTY 30500-AC, A40LW5533, A40 LW 5533 ANA KART, A40 LB 5533 ANA KART"},"content":{"rendered":"<h3><span style=\"color: #ff0000;\">VTY190R-6, BEKO, ALTUS 40&#8242;, AR\u00c7EL\u0130K, A40 LW 5533,A40 LB 5533,VTY190R-6,VTY190R-6 V-0,A40LB5533, AR\u00c7EL\u0130K 40&#8242; MA\u0130N BOARD,VTY 30500-AC,<\/span><\/h3>\n<h3 class=\"product_title entry-title\"><span style=\"color: #ff0000;\">VTY190R-6, GI79ZZ, A40-LW-5533, B40-LW-5533,A48 LB 5533,B48 LB 5533,GI8GZZ, LSC400HM09-A02, LSC480HN03,BEKO AR\u00c7EL\u0130K GRUND\u0130G ANAKART&amp;MAINBOARD,A40LW5533,A40, A40 LW 5533 ANA KART, LW 5533<\/span><\/h3>\n","protected":false},"excerpt":{"rendered":"<p>VTY190R-6, BEKO, ALTUS 40&#8242;, AR\u00c7EL\u0130K, A40 LW 5533,A40 LB 5533,VTY190R-6,VTY190R-6 V-0,A40LB5533, AR\u00c7EL\u0130K 40&#8242; MA\u0130N BOARD,VTY 30500-AC, VTY190R-6, GI79ZZ, A40-LW-5533, B40-LW-5533,A48 LB 5533,B48 LB 5533,GI8GZZ, LSC400HM09-A02, LSC480HN03,BEKO AR\u00c7EL\u0130K GRUND\u0130G ANAKART&amp;MAINBOARD,A40LW5533,A40, A40 LW 5533 ANA KART, LW 5533<\/p>\n","protected":false},"featured_media":170,"template":"","meta":[],"product_brand":[7504],"product_cat":[123],"product_tag":[3599,1611,9301,1453,9300,1621,1452,3602,1610,1954,1450,1964,1612,3598,3601,3603,1451,3607,3605,3606,1953,1965,119,1963],"class_list":{"0":"post-169","1":"product","2":"type-product","3":"status-publish","4":"has-post-thumbnail","6":"product_brand-arcelik","7":"product_cat-arcelik-beko-main-board","8":"product_tag-057d40a68v","9":"product_tag-a40-lb-5533","10":"product_tag-a40-lb-5533-ana-kart","11":"product_tag-a40-lw-5533","12":"product_tag-a40-lw-5533-ana-kart","13":"product_tag-a40lb5533","14":"product_tag-a40lw5533","15":"product_tag-a48-lb-5533","16":"product_tag-altus-40","17":"product_tag-ana-kart","18":"product_tag-arcelik","19":"product_tag-arcelik-40-main-board","20":"product_tag-arcelik-40","21":"product_tag-arcelik-a40-lb-5553","22":"product_tag-b40-lw-5533","23":"product_tag-b48-lb-5533","24":"product_tag-beko","25":"product_tag-beko-arcelik-grundig-anakartmainboard","26":"product_tag-lsc400hm09-a02","27":"product_tag-lsc480hn03","28":"product_tag-main-board","29":"product_tag-vty-30500-ac","30":"product_tag-vty190r-6","31":"product_tag-vty190r-6-v-0","33":"first","34":"instock","35":"shipping-taxable","36":"purchasable","37":"product-type-simple"},"_links":{"self":[{"href":"https:\/\/hilalelektronikk.com\/index.php?rest_route=\/wp\/v2\/product\/169","targetHints":{"allow":["GET"]}}],"collection":[{"href":"https:\/\/hilalelektronikk.com\/index.php?rest_route=\/wp\/v2\/product"}],"about":[{"href":"https:\/\/hilalelektronikk.com\/index.php?rest_route=\/wp\/v2\/types\/product"}],"wp:featuredmedia":[{"embeddable":true,"href":"https:\/\/hilalelektronikk.com\/index.php?rest_route=\/wp\/v2\/media\/170"}],"wp:attachment":[{"href":"https:\/\/hilalelektronikk.com\/index.php?rest_route=%2Fwp%2Fv2%2Fmedia&parent=169"}],"wp:term":[{"taxonomy":"product_brand","embeddable":true,"href":"https:\/\/hilalelektronikk.com\/index.php?rest_route=%2Fwp%2Fv2%2Fproduct_brand&post=169"},{"taxonomy":"product_cat","embeddable":true,"href":"https:\/\/hilalelektronikk.com\/index.php?rest_route=%2Fwp%2Fv2%2Fproduct_cat&post=169"},{"taxonomy":"product_tag","embeddable":true,"href":"https:\/\/hilalelektronikk.com\/index.php?rest_route=%2Fwp%2Fv2%2Fproduct_tag&post=169"}],"curies":[{"name":"wp","href":"https:\/\/api.w.org\/{rel}","templated":true}]}}