{"id":1709,"date":"2022-01-06T16:04:29","date_gmt":"2022-01-06T13:04:29","guid":{"rendered":"http:\/\/hilalelektronikk.com\/?post_type=product&#038;p=1709"},"modified":"2022-01-06T16:08:08","modified_gmt":"2022-01-06T13:08:08","slug":"ampul-seti-hb3-9005-12v-5000k-beyaz-isik-tmt","status":"publish","type":"product","link":"https:\/\/hilalelektronikk.com\/?product=ampul-seti-hb3-9005-12v-5000k-beyaz-isik-tmt","title":{"rendered":"Ampul Seti HB3 9005 12V 5000K Beyaz I\u015f\u0131k TMT"},"content":{"rendered":"<h4>Ampul Seti HB3 9005 12V 5000K Beyaz I\u015f\u0131k TMT, fazla kullan\u0131lmad\u0131 ara\u00e7 de\u011fi\u015fti, s\u00f6k\u00fcld\u00fc \u00fczerinden.<\/h4>\n","protected":false},"excerpt":{"rendered":"<p>Ampul Seti HB3 9005 12V 5000K Beyaz I\u015f\u0131k TMT, fazla kullan\u0131lmad\u0131 ara\u00e7 de\u011fi\u015fti, s\u00f6k\u00fcld\u00fc \u00fczerinden.<\/p>\n","protected":false},"featured_media":1710,"template":"","meta":[],"product_brand":[],"product_cat":[15],"product_tag":[2047,2044,2045,2046],"class_list":{"0":"post-1709","1":"product","2":"type-product","3":"status-publish","4":"has-post-thumbnail","6":"product_cat-genel","7":"product_tag-2047","8":"product_tag-ampul-seti-hb3-9005-12v-5000k-beyaz-isik-tmt","9":"product_tag-hb3-9005","10":"product_tag-hb3-9005-12v","12":"first","13":"instock","14":"shipping-taxable","15":"purchasable","16":"product-type-simple"},"_links":{"self":[{"href":"https:\/\/hilalelektronikk.com\/index.php?rest_route=\/wp\/v2\/product\/1709","targetHints":{"allow":["GET"]}}],"collection":[{"href":"https:\/\/hilalelektronikk.com\/index.php?rest_route=\/wp\/v2\/product"}],"about":[{"href":"https:\/\/hilalelektronikk.com\/index.php?rest_route=\/wp\/v2\/types\/product"}],"wp:featuredmedia":[{"embeddable":true,"href":"https:\/\/hilalelektronikk.com\/index.php?rest_route=\/wp\/v2\/media\/1710"}],"wp:attachment":[{"href":"https:\/\/hilalelektronikk.com\/index.php?rest_route=%2Fwp%2Fv2%2Fmedia&parent=1709"}],"wp:term":[{"taxonomy":"product_brand","embeddable":true,"href":"https:\/\/hilalelektronikk.com\/index.php?rest_route=%2Fwp%2Fv2%2Fproduct_brand&post=1709"},{"taxonomy":"product_cat","embeddable":true,"href":"https:\/\/hilalelektronikk.com\/index.php?rest_route=%2Fwp%2Fv2%2Fproduct_cat&post=1709"},{"taxonomy":"product_tag","embeddable":true,"href":"https:\/\/hilalelektronikk.com\/index.php?rest_route=%2Fwp%2Fv2%2Fproduct_tag&post=1709"}],"curies":[{"name":"wp","href":"https:\/\/api.w.org\/{rel}","templated":true}]}}