{"id":1784,"date":"2022-03-20T19:11:52","date_gmt":"2022-03-20T16:11:52","guid":{"rendered":"http:\/\/hilalelektronikk.com\/?post_type=product&#038;p=1784"},"modified":"2022-05-19T07:19:51","modified_gmt":"2022-05-19T04:19:51","slug":"vzl194-02-a32-lb-5313-arcelik-power","status":"publish","type":"product","link":"https:\/\/hilalelektronikk.com\/?product=vzl194-02-a32-lb-5313-arcelik-power","title":{"rendered":"VZL194-02,A32-LB-5313, ARCEL\u0130K,POWER,BOARD,Ar\u00e7elik A32-LB-5313"},"content":{"rendered":"<h3>VZL194-02,A32-LB-5313,ARCEL\u0130K,POWER,<\/h3>\n<h3 id=\"productName\" class=\"fl col-12\">VZL194-02,ZGU140,Ar\u00e7elik A32-LB-5313,POWER BOARD,Besleme, LC320DXN-SFR2<\/h3>\n","protected":false},"excerpt":{"rendered":"<p>VZL194-02,A32-LB-5313,ARCEL\u0130K,POWER, VZL194-02,ZGU140,Ar\u00e7elik A32-LB-5313,POWER BOARD,Besleme, LC320DXN-SFR2<\/p>\n","protected":false},"featured_media":1785,"template":"","meta":[],"product_brand":[],"product_cat":[296],"product_tag":[2482,2485,2479,2486,2487,1872,2480,1331,2484,2488],"class_list":{"0":"post-1784","1":"product","2":"type-product","3":"status-publish","4":"has-post-thumbnail","6":"product_cat-aecelik-beko-power-board","7":"product_tag-a32-lb-5313","8":"product_tag-a32-lb-5313-arcelik-power","9":"product_tag-arcelik-a32-lb-5313","10":"product_tag-arcelik-power","11":"product_tag-beko-power","12":"product_tag-besleme","13":"product_tag-lc320dxn-sfr2","14":"product_tag-power-board","15":"product_tag-vzl194-02","16":"product_tag-zgu140","18":"first","19":"instock","20":"shipping-taxable","21":"purchasable","22":"product-type-simple"},"_links":{"self":[{"href":"https:\/\/hilalelektronikk.com\/index.php?rest_route=\/wp\/v2\/product\/1784","targetHints":{"allow":["GET"]}}],"collection":[{"href":"https:\/\/hilalelektronikk.com\/index.php?rest_route=\/wp\/v2\/product"}],"about":[{"href":"https:\/\/hilalelektronikk.com\/index.php?rest_route=\/wp\/v2\/types\/product"}],"wp:featuredmedia":[{"embeddable":true,"href":"https:\/\/hilalelektronikk.com\/index.php?rest_route=\/wp\/v2\/media\/1785"}],"wp:attachment":[{"href":"https:\/\/hilalelektronikk.com\/index.php?rest_route=%2Fwp%2Fv2%2Fmedia&parent=1784"}],"wp:term":[{"taxonomy":"product_brand","embeddable":true,"href":"https:\/\/hilalelektronikk.com\/index.php?rest_route=%2Fwp%2Fv2%2Fproduct_brand&post=1784"},{"taxonomy":"product_cat","embeddable":true,"href":"https:\/\/hilalelektronikk.com\/index.php?rest_route=%2Fwp%2Fv2%2Fproduct_cat&post=1784"},{"taxonomy":"product_tag","embeddable":true,"href":"https:\/\/hilalelektronikk.com\/index.php?rest_route=%2Fwp%2Fv2%2Fproduct_tag&post=1784"}],"curies":[{"name":"wp","href":"https:\/\/api.w.org\/{rel}","templated":true}]}}