{"id":235,"date":"2019-12-31T11:19:38","date_gmt":"2019-12-31T08:19:38","guid":{"rendered":"http:\/\/hilalelektronikk.com\/?post_type=product&#038;p=235"},"modified":"2025-05-18T14:11:11","modified_gmt":"2025-05-18T11:11:11","slug":"samsung-46-bn44-00458a","status":"publish","type":"product","link":"https:\/\/hilalelektronikk.com\/?product=samsung-46-bn44-00458a","title":{"rendered":"BN44-00458A, PD46A1D_BSM, PSLF151A03D, Samsung UE46D6000, Samsung UE46D6100, Power Board, Besleme, LTJ460HW03-J, Samsung,SAMSUNG UE46D6000TW LED TV PAR\u00c7ALARI ,   SAMSUNG UE46D6000 LED TV POWER BOARD ,  SAMSUNG UE46D6000TW LED TELEV\u0130ZYON BESLEME DEVRES\u0130 ,  BN44-00458A ,  PSLF151A03D ,  PD46A1D BSM ,  PANEL: LTJ460HW03-J , BN44-00458A , PD46A1D , PSLF151A03D , UE46D6000TW LED TV POWER BOARD"},"content":{"rendered":"<h3><span style=\"color: #ff0000;\">BN44-00458A, PD46A1D_BSM, PSLF151A03D, Samsung UE46D6000, Samsung UE46D6100, Power Board, Besleme, LTJ460HW03-J, Samsung,SAMSUNG UE46D6000TW LED TV PAR\u00c7ALARI , SAMSUNG UE46D6000 LED TV POWER BOARD , SAMSUNG UE46D6000TW LED TELEV\u0130ZYON BESLEME DEVRES\u0130 , BN44-00458A , PSLF151A03D , PD46A1D BSM , PANEL: LTJ460HW03-J , BN44-00458A , PD46A1D , PSLF151A03D , UE46D6000TW LED TV POWER BOARD<\/span><\/h3>\n","protected":false},"excerpt":{"rendered":"<p>BN44-00458A, PD46A1D_BSM, PSLF151A03D, Samsung UE46D6000, Samsung UE46D6100, Power Board, Besleme, LTJ460HW03-J, Samsung,SAMSUNG UE46D6000TW LED TV PAR\u00c7ALARI , SAMSUNG UE46D6000 LED TV POWER BOARD , SAMSUNG UE46D6000TW LED TELEV\u0130ZYON BESLEME DEVRES\u0130 , BN44-00458A , PSLF151A03D , PD46A1D BSM , PANEL: LTJ460HW03-J , BN44-00458A , PD46A1D , PSLF151A03D , UE46D6000TW LED TV POWER BOARD<\/p>\n","protected":false},"featured_media":236,"template":"","meta":[],"product_brand":[7555],"product_cat":[125],"product_tag":[1872,158,159,3124,2144,7617,7611,7616,3125,1331,3126,1168,3127,7614,7615,7613,3128,2148,7612,3123],"class_list":{"0":"post-235","1":"product","2":"type-product","3":"status-publish","4":"has-post-thumbnail","6":"product_brand-samsung","7":"product_cat-samsung-power-board","8":"product_tag-besleme","9":"product_tag-bn44-00458a","10":"product_tag-bn44-00458b","11":"product_tag-bn81-06614b","12":"product_tag-ltj460hw03-j","13":"product_tag-panel-ltj460hw03-j","14":"product_tag-pd46a1d","15":"product_tag-pd46a1d-bsm","16":"product_tag-pd46a1d_bsm","17":"product_tag-power-board","18":"product_tag-pslf151a03d","19":"product_tag-samsung","20":"product_tag-samsung-ue46d6000","21":"product_tag-samsung-ue46d6000-led-tv-power-board","22":"product_tag-samsung-ue46d6000tw-led-televizyon-besleme-devresi","23":"product_tag-samsung-ue46d6000tw-led-tv-parcalari","24":"product_tag-samsung-ue46d6100","25":"product_tag-ue46d6000","26":"product_tag-ue46d6000tw-led-tv-power-board","27":"product_tag-un40d5000","29":"first","30":"instock","31":"shipping-taxable","32":"purchasable","33":"product-type-simple"},"_links":{"self":[{"href":"https:\/\/hilalelektronikk.com\/index.php?rest_route=\/wp\/v2\/product\/235","targetHints":{"allow":["GET"]}}],"collection":[{"href":"https:\/\/hilalelektronikk.com\/index.php?rest_route=\/wp\/v2\/product"}],"about":[{"href":"https:\/\/hilalelektronikk.com\/index.php?rest_route=\/wp\/v2\/types\/product"}],"wp:featuredmedia":[{"embeddable":true,"href":"https:\/\/hilalelektronikk.com\/index.php?rest_route=\/wp\/v2\/media\/236"}],"wp:attachment":[{"href":"https:\/\/hilalelektronikk.com\/index.php?rest_route=%2Fwp%2Fv2%2Fmedia&parent=235"}],"wp:term":[{"taxonomy":"product_brand","embeddable":true,"href":"https:\/\/hilalelektronikk.com\/index.php?rest_route=%2Fwp%2Fv2%2Fproduct_brand&post=235"},{"taxonomy":"product_cat","embeddable":true,"href":"https:\/\/hilalelektronikk.com\/index.php?rest_route=%2Fwp%2Fv2%2Fproduct_cat&post=235"},{"taxonomy":"product_tag","embeddable":true,"href":"https:\/\/hilalelektronikk.com\/index.php?rest_route=%2Fwp%2Fv2%2Fproduct_tag&post=235"}],"curies":[{"name":"wp","href":"https:\/\/api.w.org\/{rel}","templated":true}]}}