{"id":2353,"date":"2022-09-22T16:32:21","date_gmt":"2022-09-22T13:32:21","guid":{"rendered":"http:\/\/hilalelektronikk.com\/?post_type=product&#038;p=2353"},"modified":"2026-01-10T11:14:50","modified_gmt":"2026-01-10T08:14:50","slug":"eax64290501-0ebt6168093042lw450-zebl60721201lc420euf-sd-px-panel-lg-42lw450042lw4500","status":"publish","type":"product","link":"https:\/\/hilalelektronikk.com\/?product=eax64290501-0ebt6168093042lw450-zebl60721201lc420euf-sd-px-panel-lg-42lw450042lw4500","title":{"rendered":"EAX64290501 (0),EBT61680930,42LW450 Z,EBL60721201,LC420EUF SD PX PANEL, LG 42LW4500,42LW4500,EAX64290501 (0) , EBT61701287 , 32LW4500 42LW4500 , 42LW450 , EBT61680930 , EBT61701287 , 42LV450 Z"},"content":{"rendered":"<h4>EAX64290501 (0),EBT61680930,42LW450 Z,EBL60721201,LC420EUF SD PX PANEL, LG 42LW4500,42LW4500,\u00a0 NOT: TAM\u0130R G\u00d6RMEM\u0130\u015e KARTDIR, SIFIRA YAKIN B\u0130R KARTDIR, TEM\u0130ZD\u0130R \u00c7OK \u00c7ALI\u015eMAMI\u015eDIR.<\/h4>\n","protected":false},"excerpt":{"rendered":"<p>EAX64290501 (0),EBT61680930,42LW450 Z,EBL60721201,LC420EUF SD PX PANEL, LG 42LW4500,42LW4500,\u00a0 NOT: TAM\u0130R G\u00d6RMEM\u0130\u015e KARTDIR, SIFIRA YAKIN B\u0130R KARTDIR, TEM\u0130ZD\u0130R \u00c7OK \u00c7ALI\u015eMAMI\u015eDIR.<\/p>\n","protected":false},"featured_media":2354,"template":"","meta":[],"product_brand":[],"product_cat":[126],"product_tag":[5521,5523,5522,4687,4688,1954,4689,4683,5517,1436,5516,4684,5520,4686,1729,5519,3390,5515,5518,4696,1731,1953],"class_list":{"0":"post-2353","1":"product","2":"type-product","3":"status-publish","4":"has-post-thumbnail","6":"product_cat-lg-main-board","7":"product_tag-32lw4500-42lw4500","8":"product_tag-42lv450-z","9":"product_tag-42lw450","10":"product_tag-42lw4500","11":"product_tag-42lw4500-z","12":"product_tag-ana-kart","13":"product_tag-eax-64290501","14":"product_tag-eax64290501-0","15":"product_tag-eax642905010","16":"product_tag-ebl60721201","17":"product_tag-ebt61680911","18":"product_tag-ebt61680930","19":"product_tag-ebt61701287","20":"product_tag-lc420euf-sd-px-panel","21":"product_tag-lc420euf-sdf2","22":"product_tag-lc420euf-sdc6","23":"product_tag-lg-42lw4500","24":"product_tag-lg-42lw4500-z","25":"product_tag-lg-42lw5400","26":"product_tag-lg-47lw4500","27":"product_tag-lg-display","28":"product_tag-main-board","30":"first","31":"instock","32":"shipping-taxable","33":"purchasable","34":"product-type-simple"},"_links":{"self":[{"href":"https:\/\/hilalelektronikk.com\/index.php?rest_route=\/wp\/v2\/product\/2353","targetHints":{"allow":["GET"]}}],"collection":[{"href":"https:\/\/hilalelektronikk.com\/index.php?rest_route=\/wp\/v2\/product"}],"about":[{"href":"https:\/\/hilalelektronikk.com\/index.php?rest_route=\/wp\/v2\/types\/product"}],"wp:featuredmedia":[{"embeddable":true,"href":"https:\/\/hilalelektronikk.com\/index.php?rest_route=\/wp\/v2\/media\/2354"}],"wp:attachment":[{"href":"https:\/\/hilalelektronikk.com\/index.php?rest_route=%2Fwp%2Fv2%2Fmedia&parent=2353"}],"wp:term":[{"taxonomy":"product_brand","embeddable":true,"href":"https:\/\/hilalelektronikk.com\/index.php?rest_route=%2Fwp%2Fv2%2Fproduct_brand&post=2353"},{"taxonomy":"product_cat","embeddable":true,"href":"https:\/\/hilalelektronikk.com\/index.php?rest_route=%2Fwp%2Fv2%2Fproduct_cat&post=2353"},{"taxonomy":"product_tag","embeddable":true,"href":"https:\/\/hilalelektronikk.com\/index.php?rest_route=%2Fwp%2Fv2%2Fproduct_tag&post=2353"}],"curies":[{"name":"wp","href":"https:\/\/api.w.org\/{rel}","templated":true}]}}