{"id":2387,"date":"2022-10-22T12:18:47","date_gmt":"2022-10-22T09:18:47","guid":{"rendered":"http:\/\/hilalelektronikk.com\/?post_type=product&#038;p=2387"},"modified":"2026-03-06T08:40:02","modified_gmt":"2026-03-06T05:40:02","slug":"b43l-5740-4bbekozwu190r-3rnufzzv02-005-09arcelikmain-board","status":"publish","type":"product","link":"https:\/\/hilalelektronikk.com\/?product=b43l-5740-4bbekozwu190r-3rnufzzv02-005-09arcelikmain-board","title":{"rendered":"B43L 5740 4B, BEKO, ZWU190R-3, RNUFZZ,V02.005.09,AR\u00c7EL\u0130K, MA\u0130N BOARD, AR\u00c7EL\u0130K A43L 5740 4B, AR\u00c7EL\u0130K, A43L 5740 4B, ZWU190R-3, RNUFZZ, Ar\u00e7elik A43L S740 4B Main Board , ZWU190R-3 , RTCMZZ , T430HVN01.3, Ar\u00e7elik A43L 5740 4B ANA KART, A43L 5740 4B ANA KART, Main Board, Ana Kart, 057D4313P, LC430DUY (SH)(A1)"},"content":{"rendered":"<h3><span style=\"color: #ff0000;\">B43L 5740 4B,BEKO,ZWU190R-3,RNUFZZ,V02.005.09, AR\u00c7EL\u0130K A43L 5740 4B, AR\u00c7EL\u0130K, A43L 5740 4B, Ar\u00e7elik A43L 5740 4B ANA KART, A43L 5740 4B ANA KART,<\/span><\/h3>\n<h3 id=\"product-title\" class=\"font-semibold text-base md:text-xl\" data-qa=\"product-title\"><span style=\"color: #ff0000;\">Ar\u00e7elik A43L S740 4B Main Board , ZWU190R-3 , RTCMZZ , T430HVN01.3<\/span><\/h3>\n","protected":false},"excerpt":{"rendered":"<p>B43L 5740 4B,BEKO,ZWU190R-3,RNUFZZ,V02.005.09, AR\u00c7EL\u0130K A43L 5740 4B, AR\u00c7EL\u0130K, A43L 5740 4B, Ar\u00e7elik A43L 5740 4B ANA KART, A43L 5740 4B ANA KART, Ar\u00e7elik A43L S740 4B Main Board , ZWU190R-3 , RTCMZZ , T430HVN01.3<\/p>\n","protected":false},"featured_media":2388,"template":"","meta":[],"product_brand":[],"product_cat":[123],"product_tag":[9329,9324,9326,1954,1450,9323,9325,9327,4749,1451,2111,1953,4755,9328,7830,4756,4754],"class_list":{"0":"post-2387","1":"product","2":"type-product","3":"status-publish","4":"has-post-thumbnail","6":"product_cat-arcelik-beko-main-board","7":"product_tag-057d4313p","8":"product_tag-a43l-5740-4b","9":"product_tag-a43l-5740-4b-ana-kart","10":"product_tag-ana-kart","11":"product_tag-arcelik","12":"product_tag-arcelik-a43l-5740-4b","13":"product_tag-arcelik-a43l-5740-4b-ana-kart","14":"product_tag-arcelik-a43l-s740-4b-main-board","15":"product_tag-b43l-5740-4b","16":"product_tag-beko","17":"product_tag-lc430duy-sha1","18":"product_tag-main-board","19":"product_tag-rnufzz","20":"product_tag-rtcmzz","21":"product_tag-t430hvn01-3","22":"product_tag-v02-005-09","23":"product_tag-zwu190r-3","25":"first","26":"instock","27":"shipping-taxable","28":"purchasable","29":"product-type-simple"},"_links":{"self":[{"href":"https:\/\/hilalelektronikk.com\/index.php?rest_route=\/wp\/v2\/product\/2387","targetHints":{"allow":["GET"]}}],"collection":[{"href":"https:\/\/hilalelektronikk.com\/index.php?rest_route=\/wp\/v2\/product"}],"about":[{"href":"https:\/\/hilalelektronikk.com\/index.php?rest_route=\/wp\/v2\/types\/product"}],"wp:featuredmedia":[{"embeddable":true,"href":"https:\/\/hilalelektronikk.com\/index.php?rest_route=\/wp\/v2\/media\/2388"}],"wp:attachment":[{"href":"https:\/\/hilalelektronikk.com\/index.php?rest_route=%2Fwp%2Fv2%2Fmedia&parent=2387"}],"wp:term":[{"taxonomy":"product_brand","embeddable":true,"href":"https:\/\/hilalelektronikk.com\/index.php?rest_route=%2Fwp%2Fv2%2Fproduct_brand&post=2387"},{"taxonomy":"product_cat","embeddable":true,"href":"https:\/\/hilalelektronikk.com\/index.php?rest_route=%2Fwp%2Fv2%2Fproduct_cat&post=2387"},{"taxonomy":"product_tag","embeddable":true,"href":"https:\/\/hilalelektronikk.com\/index.php?rest_route=%2Fwp%2Fv2%2Fproduct_tag&post=2387"}],"curies":[{"name":"wp","href":"https:\/\/api.w.org\/{rel}","templated":true}]}}