{"id":2634,"date":"2023-02-17T14:21:49","date_gmt":"2023-02-17T11:21:49","guid":{"rendered":"http:\/\/hilalelektronikk.com\/?post_type=product&#038;p=2634"},"modified":"2025-09-13T12:07:43","modified_gmt":"2025-09-13T09:07:43","slug":"samsungcn07bn44-00990ask28lb4h34735w-14v-a3514_rpn14-0-2-5abn4400990asamsung-adapter","status":"publish","type":"product","link":"https:\/\/hilalelektronikk.com\/?product=samsungcn07bn44-00990ask28lb4h34735w-14v-a3514_rpn14-0-2-5abn4400990asamsung-adapter","title":{"rendered":"SAMSUNG,CN07,BN44-00990A,SK28LB4H347,35W\/14V, A3514_RPN,14.0 2.5A,BN4400990A,SAMSUNG ADAPTER,SAMSUNG LC24B550US ADAPT\u00d6R,C24B550 ADAPT\u00d6R,LC24B550 ADAPT\u00d6R,SAMSUNG LC24B550US,C24B550 ,LC24B550"},"content":{"rendered":"<h3><span style=\"color: #ff0000;\">SAMSUNG,CN07,BN44-00990A,SK28LB4H347,35W\/14V, A3514_RPN,14.0 2.5A,BN4400990A,SAMSUNG ADAPTER, NOT; \u00dcR\u00dcN ORJ\u0130NALD\u0130R,SAMSUNG LC24B550US ADAPT\u00d6R,C24B550 ADAPT\u00d6R,LC24B550 ADAPT\u00d6R,SAMSUNG LC24B550US,C24B550 ,LC24B550<\/span><\/h3>\n","protected":false},"excerpt":{"rendered":"<p>SAMSUNG,CN07,BN44-00990A,SK28LB4H347,35W\/14V, A3514_RPN,14.0 2.5A,BN4400990A,SAMSUNG ADAPTER, NOT; \u00dcR\u00dcN ORJ\u0130NALD\u0130R,SAMSUNG LC24B550US ADAPT\u00d6R,C24B550 ADAPT\u00d6R,LC24B550 ADAPT\u00d6R,SAMSUNG LC24B550US,C24B550 ,LC24B550<\/p>\n","protected":false},"featured_media":2635,"template":"","meta":[],"product_brand":[],"product_cat":[5032],"product_tag":[5171,5169,5170,5167,5172,8302,8299,5166,8303,8300,1168,5173,8301,8298,5168],"class_list":{"0":"post-2634","1":"product","2":"type-product","3":"status-publish","4":"has-post-thumbnail","6":"product_cat-karisik-malzemeler","7":"product_tag-14-0-2-5a","8":"product_tag-35w-14v","9":"product_tag-a3514_rpn","10":"product_tag-bn44-00990a","11":"product_tag-bn4400990a","12":"product_tag-c24b550","13":"product_tag-c24b550-adaptor","14":"product_tag-cn07","15":"product_tag-lc24b550","16":"product_tag-lc24b550-adaptor","17":"product_tag-samsung","18":"product_tag-samsung-adapter","19":"product_tag-samsung-lc24b550us","20":"product_tag-samsung-lc24b550us-adaptor","21":"product_tag-sk28lb4h347","23":"first","24":"outofstock","25":"shipping-taxable","26":"purchasable","27":"product-type-simple"},"_links":{"self":[{"href":"https:\/\/hilalelektronikk.com\/index.php?rest_route=\/wp\/v2\/product\/2634","targetHints":{"allow":["GET"]}}],"collection":[{"href":"https:\/\/hilalelektronikk.com\/index.php?rest_route=\/wp\/v2\/product"}],"about":[{"href":"https:\/\/hilalelektronikk.com\/index.php?rest_route=\/wp\/v2\/types\/product"}],"wp:featuredmedia":[{"embeddable":true,"href":"https:\/\/hilalelektronikk.com\/index.php?rest_route=\/wp\/v2\/media\/2635"}],"wp:attachment":[{"href":"https:\/\/hilalelektronikk.com\/index.php?rest_route=%2Fwp%2Fv2%2Fmedia&parent=2634"}],"wp:term":[{"taxonomy":"product_brand","embeddable":true,"href":"https:\/\/hilalelektronikk.com\/index.php?rest_route=%2Fwp%2Fv2%2Fproduct_brand&post=2634"},{"taxonomy":"product_cat","embeddable":true,"href":"https:\/\/hilalelektronikk.com\/index.php?rest_route=%2Fwp%2Fv2%2Fproduct_cat&post=2634"},{"taxonomy":"product_tag","embeddable":true,"href":"https:\/\/hilalelektronikk.com\/index.php?rest_route=%2Fwp%2Fv2%2Fproduct_tag&post=2634"}],"curies":[{"name":"wp","href":"https:\/\/api.w.org\/{rel}","templated":true}]}}