{"id":2677,"date":"2023-02-21T09:40:25","date_gmt":"2023-02-21T06:40:25","guid":{"rendered":"http:\/\/hilalelektronikk.com\/?post_type=product&#038;p=2677"},"modified":"2023-02-21T09:42:45","modified_gmt":"2023-02-21T06:42:45","slug":"hitachi43hk5300wves430qnda-n2-n42hitachi-43hk5300w-led-bar43hk5300w-led17dlb43ver14-a17dlb43ver14-b","status":"publish","type":"product","link":"https:\/\/hilalelektronikk.com\/?product=hitachi43hk5300wves430qnda-n2-n42hitachi-43hk5300w-led-bar43hk5300w-led17dlb43ver14-a17dlb43ver14-b","title":{"rendered":"HITACHI,43HK5300W,VES430QNDA-N2-N42,HITACHI 43HK5300W LED BAR,43HK5300W LED,17DLB43VER14-A,17DLB43VER14-B"},"content":{"rendered":"<p>HITACHI,43HK5300W,VES430QNDA-N2-N42,HITACHI 43HK5300W LED BAR,43HK5300W LED, \u00dcR\u00dcN ORJ\u0130NAL, YEN\u0130 EKRANI KIRIK TV DEN \u00c7IKMADIR<\/p>\n","protected":false},"excerpt":{"rendered":"<p>HITACHI,43HK5300W,VES430QNDA-N2-N42,HITACHI 43HK5300W LED BAR,43HK5300W LED, \u00dcR\u00dcN ORJ\u0130NAL, YEN\u0130 EKRANI KIRIK TV DEN \u00c7IKMADIR<\/p>\n","protected":false},"featured_media":2678,"template":"","meta":[],"product_brand":[],"product_cat":[733],"product_tag":[5221,5222,5209,5219,5207,5218,5220,5206],"class_list":{"0":"post-2677","1":"product","2":"type-product","3":"status-publish","4":"has-post-thumbnail","6":"product_cat-led-barlar","7":"product_tag-17dlb43ver14-a","8":"product_tag-17dlb43ver14-b","9":"product_tag-43hk5300w","10":"product_tag-43hk5300w-led","11":"product_tag-hitachi","12":"product_tag-hitachi-43hk5300w-led-bar","13":"product_tag-hitachi-led-bar","14":"product_tag-ves430qnda-n2-n42","16":"first","17":"instock","18":"shipping-taxable","19":"purchasable","20":"product-type-simple"},"_links":{"self":[{"href":"https:\/\/hilalelektronikk.com\/index.php?rest_route=\/wp\/v2\/product\/2677","targetHints":{"allow":["GET"]}}],"collection":[{"href":"https:\/\/hilalelektronikk.com\/index.php?rest_route=\/wp\/v2\/product"}],"about":[{"href":"https:\/\/hilalelektronikk.com\/index.php?rest_route=\/wp\/v2\/types\/product"}],"wp:featuredmedia":[{"embeddable":true,"href":"https:\/\/hilalelektronikk.com\/index.php?rest_route=\/wp\/v2\/media\/2678"}],"wp:attachment":[{"href":"https:\/\/hilalelektronikk.com\/index.php?rest_route=%2Fwp%2Fv2%2Fmedia&parent=2677"}],"wp:term":[{"taxonomy":"product_brand","embeddable":true,"href":"https:\/\/hilalelektronikk.com\/index.php?rest_route=%2Fwp%2Fv2%2Fproduct_brand&post=2677"},{"taxonomy":"product_cat","embeddable":true,"href":"https:\/\/hilalelektronikk.com\/index.php?rest_route=%2Fwp%2Fv2%2Fproduct_cat&post=2677"},{"taxonomy":"product_tag","embeddable":true,"href":"https:\/\/hilalelektronikk.com\/index.php?rest_route=%2Fwp%2Fv2%2Fproduct_tag&post=2677"}],"curies":[{"name":"wp","href":"https:\/\/api.w.org\/{rel}","templated":true}]}}