{"id":2680,"date":"2023-02-21T09:59:28","date_gmt":"2023-02-21T06:59:28","guid":{"rendered":"http:\/\/hilalelektronikk.com\/?post_type=product&#038;p=2680"},"modified":"2023-02-22T14:18:39","modified_gmt":"2023-02-22T11:18:39","slug":"dijitsu-led-bardjtv431-led-bardjtv4312102091leddijitsu-djtv431-ledkj43d08-zc22ag-13e","status":"publish","type":"product","link":"https:\/\/hilalelektronikk.com\/?product=dijitsu-led-bardjtv431-led-bardjtv4312102091leddijitsu-djtv431-ledkj43d08-zc22ag-13e","title":{"rendered":"D\u0130J\u0130TSU LED BAR,DJTV431 LED BAR,DJTV4312102091LED,Dijitsu DJTV431 LED,KJ43D08-ZC22AG-13E,D\u0130J\u0130TSU DJTV431 LED BAR, KJ43D08-ZC22AG-13E 303KJ430041E 8S1P"},"content":{"rendered":"<h5>D\u0130J\u0130TSU LED BAR,DJTV431 LED BAR,DJTV4312102091LED,Dijitsu DJTV431 LED,KJ43D08-ZC22AG-13E 303KJ430041E 8S1P\u00a0 8 LEDL\u0130\u00a0 81.50 CM,<\/h5>\n<h4 class=\"title\">D\u0130J\u0130TSU DJTV431 LED BAR, KJ43D08-ZC22AG-13E 303KJ430041E 8S1P, NOT: \u00dcR\u00dcN YEN\u0130 EKRANI KIRIK TV DEN \u00c7IKMADIR ORJ\u0130NALD\u0130R<\/h4>\n","protected":false},"excerpt":{"rendered":"<p>D\u0130J\u0130TSU LED BAR,DJTV431 LED BAR,DJTV4312102091LED,Dijitsu DJTV431 LED,KJ43D08-ZC22AG-13E 303KJ430041E 8S1P\u00a0 8 LEDL\u0130\u00a0 81.50 CM, D\u0130J\u0130TSU DJTV431 LED BAR, KJ43D08-ZC22AG-13E 303KJ430041E 8S1P, NOT: \u00dcR\u00dcN YEN\u0130 EKRANI KIRIK TV DEN \u00c7IKMADIR ORJ\u0130NALD\u0130R<\/p>\n","protected":false},"featured_media":2683,"template":"","meta":[],"product_brand":[],"product_cat":[733],"product_tag":[5226,5229,5223,5224,5225,5227,5230,5228],"class_list":{"0":"post-2680","1":"product","2":"type-product","3":"status-publish","4":"has-post-thumbnail","6":"product_cat-led-barlar","7":"product_tag-dijitsu-djtv431-led","8":"product_tag-dijitsu-djtv431-led-bar","9":"product_tag-dijitsu-led-bar","10":"product_tag-djtv431-led-bar","11":"product_tag-djtv4312102091led","12":"product_tag-kj43d08-zc22ag-13e","13":"product_tag-kj43d08-zc22ag-13e-303kj430041e-8s1p","14":"product_tag-kj43d08-zc22ag-13e-303kj430041e-8s1p-8-ledli-81-50-cm","16":"first","17":"instock","18":"shipping-taxable","19":"purchasable","20":"product-type-simple"},"_links":{"self":[{"href":"https:\/\/hilalelektronikk.com\/index.php?rest_route=\/wp\/v2\/product\/2680","targetHints":{"allow":["GET"]}}],"collection":[{"href":"https:\/\/hilalelektronikk.com\/index.php?rest_route=\/wp\/v2\/product"}],"about":[{"href":"https:\/\/hilalelektronikk.com\/index.php?rest_route=\/wp\/v2\/types\/product"}],"wp:featuredmedia":[{"embeddable":true,"href":"https:\/\/hilalelektronikk.com\/index.php?rest_route=\/wp\/v2\/media\/2683"}],"wp:attachment":[{"href":"https:\/\/hilalelektronikk.com\/index.php?rest_route=%2Fwp%2Fv2%2Fmedia&parent=2680"}],"wp:term":[{"taxonomy":"product_brand","embeddable":true,"href":"https:\/\/hilalelektronikk.com\/index.php?rest_route=%2Fwp%2Fv2%2Fproduct_brand&post=2680"},{"taxonomy":"product_cat","embeddable":true,"href":"https:\/\/hilalelektronikk.com\/index.php?rest_route=%2Fwp%2Fv2%2Fproduct_cat&post=2680"},{"taxonomy":"product_tag","embeddable":true,"href":"https:\/\/hilalelektronikk.com\/index.php?rest_route=%2Fwp%2Fv2%2Fproduct_tag&post=2680"}],"curies":[{"name":"wp","href":"https:\/\/api.w.org\/{rel}","templated":true}]}}