{"id":2757,"date":"2023-03-25T20:47:04","date_gmt":"2023-03-25T17:47:04","guid":{"rendered":"http:\/\/hilalelektronikk.com\/?post_type=product&#038;p=2757"},"modified":"2023-03-25T20:47:05","modified_gmt":"2023-03-25T17:47:05","slug":"hitachi-hoparlor-hitachi-43hk5300w-hoparlortechwood-50u03-hoparlortv-hoparlor","status":"publish","type":"product","link":"https:\/\/hilalelektronikk.com\/?product=hitachi-hoparlor-hitachi-43hk5300w-hoparlortechwood-50u03-hoparlortv-hoparlor","title":{"rendered":"HITACHI HOPARL\u00d6R, H\u0130TACH\u0130 43HK5300W HOPARL\u00d6R,TECHWOOD  50U03 HOPARL\u00d6R,TV HOPARL\u00d6R,"},"content":{"rendered":"<h5>HITACHI HOPARL\u00d6R, H\u0130TACH\u0130 43HK5300W HOPARL\u00d6R,TECHWOOD 50U03 HOPARL\u00d6R,TV HOPARL\u00d6R,<\/h5>\n","protected":false},"excerpt":{"rendered":"<p>HITACHI HOPARL\u00d6R, H\u0130TACH\u0130 43HK5300W HOPARL\u00d6R,TECHWOOD 50U03 HOPARL\u00d6R,TV HOPARL\u00d6R,<\/p>\n","protected":false},"featured_media":2758,"template":"","meta":[],"product_brand":[],"product_cat":[1915],"product_tag":[5311,5310,5312,5313],"class_list":{"0":"post-2757","1":"product","2":"type-product","3":"status-publish","4":"has-post-thumbnail","6":"product_cat-hoparlor","7":"product_tag-hitachi-43hk5300w-hoparlor","8":"product_tag-hitachi-hoparlor","9":"product_tag-techwood-50u03-hoparlor","10":"product_tag-tv-hoparlor","12":"first","13":"instock","14":"shipping-taxable","15":"purchasable","16":"product-type-simple"},"_links":{"self":[{"href":"https:\/\/hilalelektronikk.com\/index.php?rest_route=\/wp\/v2\/product\/2757","targetHints":{"allow":["GET"]}}],"collection":[{"href":"https:\/\/hilalelektronikk.com\/index.php?rest_route=\/wp\/v2\/product"}],"about":[{"href":"https:\/\/hilalelektronikk.com\/index.php?rest_route=\/wp\/v2\/types\/product"}],"wp:featuredmedia":[{"embeddable":true,"href":"https:\/\/hilalelektronikk.com\/index.php?rest_route=\/wp\/v2\/media\/2758"}],"wp:attachment":[{"href":"https:\/\/hilalelektronikk.com\/index.php?rest_route=%2Fwp%2Fv2%2Fmedia&parent=2757"}],"wp:term":[{"taxonomy":"product_brand","embeddable":true,"href":"https:\/\/hilalelektronikk.com\/index.php?rest_route=%2Fwp%2Fv2%2Fproduct_brand&post=2757"},{"taxonomy":"product_cat","embeddable":true,"href":"https:\/\/hilalelektronikk.com\/index.php?rest_route=%2Fwp%2Fv2%2Fproduct_cat&post=2757"},{"taxonomy":"product_tag","embeddable":true,"href":"https:\/\/hilalelektronikk.com\/index.php?rest_route=%2Fwp%2Fv2%2Fproduct_tag&post=2757"}],"curies":[{"name":"wp","href":"https:\/\/api.w.org\/{rel}","templated":true}]}}