{"id":2761,"date":"2023-03-25T20:56:16","date_gmt":"2023-03-25T17:56:16","guid":{"rendered":"http:\/\/hilalelektronikk.com\/?post_type=product&#038;p=2761"},"modified":"2025-05-24T10:18:40","modified_gmt":"2025-05-24T07:18:40","slug":"dijitsu-hoparlordijitsu-djtv-431-hoparlordjtv431-hoparlordijitsu","status":"publish","type":"product","link":"https:\/\/hilalelektronikk.com\/?product=dijitsu-hoparlordijitsu-djtv-431-hoparlordjtv431-hoparlordijitsu","title":{"rendered":"D\u0130J\u0130TSU HOPARL\u00d6R,D\u0130J\u0130TSU DJTV 431 HOPARL\u00d6R,DJTV431 HOPARL\u00d6R,D\u0130J\u0130TSU"},"content":{"rendered":"<h5>D\u0130J\u0130TSU HOPARL\u00d6R,D\u0130J\u0130TSU DJTV 431 HOPARL\u00d6R,DJTV431 HOPARL\u00d6R,D\u0130J\u0130TSU<\/h5>\n","protected":false},"excerpt":{"rendered":"<p>D\u0130J\u0130TSU HOPARL\u00d6R,D\u0130J\u0130TSU DJTV 431 HOPARL\u00d6R,DJTV431 HOPARL\u00d6R,D\u0130J\u0130TSU<\/p>\n","protected":false},"featured_media":2763,"template":"","meta":[],"product_brand":[],"product_cat":[1915],"product_tag":[5146,5315,5314,5316],"class_list":{"0":"post-2761","1":"product","2":"type-product","3":"status-publish","4":"has-post-thumbnail","6":"product_cat-hoparlor","7":"product_tag-dijitsu","8":"product_tag-dijitsu-djtv-431-hoparlor","9":"product_tag-dijitsu-hoparlor","10":"product_tag-djtv431-hoparlor","12":"first","13":"instock","14":"shipping-taxable","15":"purchasable","16":"product-type-simple"},"_links":{"self":[{"href":"https:\/\/hilalelektronikk.com\/index.php?rest_route=\/wp\/v2\/product\/2761","targetHints":{"allow":["GET"]}}],"collection":[{"href":"https:\/\/hilalelektronikk.com\/index.php?rest_route=\/wp\/v2\/product"}],"about":[{"href":"https:\/\/hilalelektronikk.com\/index.php?rest_route=\/wp\/v2\/types\/product"}],"wp:featuredmedia":[{"embeddable":true,"href":"https:\/\/hilalelektronikk.com\/index.php?rest_route=\/wp\/v2\/media\/2763"}],"wp:attachment":[{"href":"https:\/\/hilalelektronikk.com\/index.php?rest_route=%2Fwp%2Fv2%2Fmedia&parent=2761"}],"wp:term":[{"taxonomy":"product_brand","embeddable":true,"href":"https:\/\/hilalelektronikk.com\/index.php?rest_route=%2Fwp%2Fv2%2Fproduct_brand&post=2761"},{"taxonomy":"product_cat","embeddable":true,"href":"https:\/\/hilalelektronikk.com\/index.php?rest_route=%2Fwp%2Fv2%2Fproduct_cat&post=2761"},{"taxonomy":"product_tag","embeddable":true,"href":"https:\/\/hilalelektronikk.com\/index.php?rest_route=%2Fwp%2Fv2%2Fproduct_tag&post=2761"}],"curies":[{"name":"wp","href":"https:\/\/api.w.org\/{rel}","templated":true}]}}