{"id":2767,"date":"2023-03-25T21:07:20","date_gmt":"2023-03-25T18:07:20","guid":{"rendered":"http:\/\/hilalelektronikk.com\/?post_type=product&#038;p=2767"},"modified":"2023-03-25T21:07:21","modified_gmt":"2023-03-25T18:07:21","slug":"samsung-ue55au8000u-hoparlor-ue55au8000-hoparlor-ue55au8000u-hoparlorue55au8000usamsung-hoparlor","status":"publish","type":"product","link":"https:\/\/hilalelektronikk.com\/?product=samsung-ue55au8000u-hoparlor-ue55au8000-hoparlor-ue55au8000u-hoparlorue55au8000usamsung-hoparlor","title":{"rendered":"SAMSUNG UE55AU8000U HOPARL\u00d6R, UE55AU8000 HOPARL\u00d6R, UE55AU8000U HOPARL\u00d6R,UE55AU8000U,SAMSUNG HOPARL\u00d6R"},"content":{"rendered":"<h5>SAMSUNG UE55AU8000U HOPARL\u00d6R, UE55AU8000 HOPARL\u00d6R, UE55AU8000U HOPARL\u00d6R,UE55AU8000U,SAMSUNG HOPARL\u00d6R<\/h5>\n","protected":false},"excerpt":{"rendered":"<p>SAMSUNG UE55AU8000U HOPARL\u00d6R, UE55AU8000 HOPARL\u00d6R, UE55AU8000U HOPARL\u00d6R,UE55AU8000U,SAMSUNG HOPARL\u00d6R<\/p>\n","protected":false},"featured_media":2768,"template":"","meta":[],"product_brand":[],"product_cat":[1915],"product_tag":[1919,5317,5318,4774,5319],"class_list":{"0":"post-2767","1":"product","2":"type-product","3":"status-publish","4":"has-post-thumbnail","6":"product_cat-hoparlor","7":"product_tag-samsung-hoparlor","8":"product_tag-samsung-ue55au8000u-hoparlor","9":"product_tag-ue55au8000-hoparlor","10":"product_tag-ue55au8000u","11":"product_tag-ue55au8000u-hoparlor","13":"first","14":"instock","15":"shipping-taxable","16":"purchasable","17":"product-type-simple"},"_links":{"self":[{"href":"https:\/\/hilalelektronikk.com\/index.php?rest_route=\/wp\/v2\/product\/2767","targetHints":{"allow":["GET"]}}],"collection":[{"href":"https:\/\/hilalelektronikk.com\/index.php?rest_route=\/wp\/v2\/product"}],"about":[{"href":"https:\/\/hilalelektronikk.com\/index.php?rest_route=\/wp\/v2\/types\/product"}],"wp:featuredmedia":[{"embeddable":true,"href":"https:\/\/hilalelektronikk.com\/index.php?rest_route=\/wp\/v2\/media\/2768"}],"wp:attachment":[{"href":"https:\/\/hilalelektronikk.com\/index.php?rest_route=%2Fwp%2Fv2%2Fmedia&parent=2767"}],"wp:term":[{"taxonomy":"product_brand","embeddable":true,"href":"https:\/\/hilalelektronikk.com\/index.php?rest_route=%2Fwp%2Fv2%2Fproduct_brand&post=2767"},{"taxonomy":"product_cat","embeddable":true,"href":"https:\/\/hilalelektronikk.com\/index.php?rest_route=%2Fwp%2Fv2%2Fproduct_cat&post=2767"},{"taxonomy":"product_tag","embeddable":true,"href":"https:\/\/hilalelektronikk.com\/index.php?rest_route=%2Fwp%2Fv2%2Fproduct_tag&post=2767"}],"curies":[{"name":"wp","href":"https:\/\/api.w.org\/{rel}","templated":true}]}}