{"id":2849,"date":"2023-05-07T18:30:52","date_gmt":"2023-05-07T15:30:52","guid":{"rendered":"http:\/\/hilalelektronikk.com\/?post_type=product&#038;p=2849"},"modified":"2025-02-22T16:59:09","modified_gmt":"2025-02-22T13:59:09","slug":"samsung-tv-ayaksamsung-tv-yer-ayaksamsung-le32a330j1","status":"publish","type":"product","link":"https:\/\/hilalelektronikk.com\/?product=samsung-tv-ayaksamsung-tv-yer-ayaksamsung-le32a330j1","title":{"rendered":"SAMSUNG TV AYAK,SAMSUNG TV YER AYAK,SAMSUNG LE32A330J1,BN61-02236A,BN96-04697 E,SAMSUNG AYAK,SAMSUNG TV AYAK,LE32A330J1 TV AYAK,SAMSUNG LE32A330J1, LN-T3242H, MASA \u00dcST\u00dc YER AYA\u011eI, YER STANDI"},"content":{"rendered":"<h4>SAMSUNG TV AYAK,SAMSUNG TV YER AYAK,SAMSUNG LE32A330J1,BN61-02236A,BN96-04697 E,SAMSUNG AYAK,SAMSUNG TV AYAK,LE32A330J1 TV AYAK,SAMSUNG LE32A330J1, LN-T3242H, MASA \u00dcST\u00dc YER AYA\u011eI, YER STANDI<\/h4>\n","protected":false},"excerpt":{"rendered":"<p>SAMSUNG TV AYAK,SAMSUNG TV YER AYAK,SAMSUNG LE32A330J1,BN61-02236A,BN96-04697 E,SAMSUNG AYAK,SAMSUNG TV AYAK,LE32A330J1 TV AYAK,SAMSUNG LE32A330J1, LN-T3242H, MASA \u00dcST\u00dc YER AYA\u011eI, YER STANDI<\/p>\n","protected":false},"featured_media":2850,"template":"","meta":[],"product_brand":[],"product_cat":[882],"product_tag":[5451,5452,2965,5457,5456,5454,5455,1940,5453,2961,1648,5450,1941],"class_list":{"0":"post-2849","1":"product","2":"type-product","3":"status-publish","4":"has-post-thumbnail","6":"product_cat-tv-yer-ayagi","7":"product_tag-bn61-02236a","8":"product_tag-bn96-04697-e","9":"product_tag-le32a330","10":"product_tag-le32a330j","11":"product_tag-le32a330j1","12":"product_tag-le32a330j1-tv-ayak","13":"product_tag-ln-t3242h","14":"product_tag-masa-ustu-yer-ayagi","15":"product_tag-samsung-ayak","16":"product_tag-samsung-le32a330j1","17":"product_tag-samsung-tv-ayak","18":"product_tag-samsung-tv-yer-ayak","19":"product_tag-yer-standi","21":"first","22":"outofstock","23":"shipping-taxable","24":"purchasable","25":"product-type-simple"},"_links":{"self":[{"href":"https:\/\/hilalelektronikk.com\/index.php?rest_route=\/wp\/v2\/product\/2849","targetHints":{"allow":["GET"]}}],"collection":[{"href":"https:\/\/hilalelektronikk.com\/index.php?rest_route=\/wp\/v2\/product"}],"about":[{"href":"https:\/\/hilalelektronikk.com\/index.php?rest_route=\/wp\/v2\/types\/product"}],"wp:featuredmedia":[{"embeddable":true,"href":"https:\/\/hilalelektronikk.com\/index.php?rest_route=\/wp\/v2\/media\/2850"}],"wp:attachment":[{"href":"https:\/\/hilalelektronikk.com\/index.php?rest_route=%2Fwp%2Fv2%2Fmedia&parent=2849"}],"wp:term":[{"taxonomy":"product_brand","embeddable":true,"href":"https:\/\/hilalelektronikk.com\/index.php?rest_route=%2Fwp%2Fv2%2Fproduct_brand&post=2849"},{"taxonomy":"product_cat","embeddable":true,"href":"https:\/\/hilalelektronikk.com\/index.php?rest_route=%2Fwp%2Fv2%2Fproduct_cat&post=2849"},{"taxonomy":"product_tag","embeddable":true,"href":"https:\/\/hilalelektronikk.com\/index.php?rest_route=%2Fwp%2Fv2%2Fproduct_tag&post=2849"}],"curies":[{"name":"wp","href":"https:\/\/api.w.org\/{rel}","templated":true}]}}