{"id":2933,"date":"2023-07-30T14:28:51","date_gmt":"2023-07-30T11:28:51","guid":{"rendered":"http:\/\/hilalelektronikk.com\/?post_type=product&#038;p=2933"},"modified":"2023-07-30T14:28:52","modified_gmt":"2023-07-30T11:28:52","slug":"17ips72vesteltoshiba-50ua3a83dtpower286957042352100417ips72","status":"publish","type":"product","link":"https:\/\/hilalelektronikk.com\/?product=17ips72vesteltoshiba-50ua3a83dtpower286957042352100417ips72","title":{"rendered":"17IPS72,VESTEL,TOSH\u0130BA 50UA3A83DT,POWER,28695704,23521004,17\u0130PS72"},"content":{"rendered":"<h4>17IPS72,VESTEL,TOSH\u0130BA 50UA3A83DT,POWER,28695704,23521004<\/h4>\n","protected":false},"excerpt":{"rendered":"<p>17IPS72,VESTEL,TOSH\u0130BA 50UA3A83DT,POWER,28695704,23521004<\/p>\n","protected":false},"featured_media":2934,"template":"","meta":[],"product_brand":[],"product_cat":[250],"product_tag":[256,5554,5553,1840,5550,1287],"class_list":{"0":"post-2933","1":"product","2":"type-product","3":"status-publish","4":"has-post-thumbnail","6":"product_cat-vestel-power-board","7":"product_tag-17ips72","8":"product_tag-5554","9":"product_tag-5553","10":"product_tag-power","11":"product_tag-toshiba-50ua3a83dt","12":"product_tag-vestel","14":"first","15":"instock","16":"shipping-taxable","17":"purchasable","18":"product-type-simple"},"_links":{"self":[{"href":"https:\/\/hilalelektronikk.com\/index.php?rest_route=\/wp\/v2\/product\/2933","targetHints":{"allow":["GET"]}}],"collection":[{"href":"https:\/\/hilalelektronikk.com\/index.php?rest_route=\/wp\/v2\/product"}],"about":[{"href":"https:\/\/hilalelektronikk.com\/index.php?rest_route=\/wp\/v2\/types\/product"}],"wp:featuredmedia":[{"embeddable":true,"href":"https:\/\/hilalelektronikk.com\/index.php?rest_route=\/wp\/v2\/media\/2934"}],"wp:attachment":[{"href":"https:\/\/hilalelektronikk.com\/index.php?rest_route=%2Fwp%2Fv2%2Fmedia&parent=2933"}],"wp:term":[{"taxonomy":"product_brand","embeddable":true,"href":"https:\/\/hilalelektronikk.com\/index.php?rest_route=%2Fwp%2Fv2%2Fproduct_brand&post=2933"},{"taxonomy":"product_cat","embeddable":true,"href":"https:\/\/hilalelektronikk.com\/index.php?rest_route=%2Fwp%2Fv2%2Fproduct_cat&post=2933"},{"taxonomy":"product_tag","embeddable":true,"href":"https:\/\/hilalelektronikk.com\/index.php?rest_route=%2Fwp%2Fv2%2Fproduct_tag&post=2933"}],"curies":[{"name":"wp","href":"https:\/\/api.w.org\/{rel}","templated":true}]}}