{"id":2957,"date":"2023-07-30T15:51:14","date_gmt":"2023-07-30T12:51:14","guid":{"rendered":"http:\/\/hilalelektronikk.com\/?post_type=product&#038;p=2957"},"modified":"2024-03-18T12:37:27","modified_gmt":"2024-03-18T09:37:27","slug":"17ips17-2ips1722vh3005vestel-22vh300517ips1717ips17-217ips17vestel","status":"publish","type":"product","link":"https:\/\/hilalelektronikk.com\/?product=17ips17-2ips1722vh3005vestel-22vh300517ips1717ips17-217ips17vestel","title":{"rendered":"17IPS17-2,IPS17,22VH3005,VESTEL 22VH3005,17IPS17,17\u0130PS17-2,17\u0130PS17,VESTEL"},"content":{"rendered":"<h4>17IPS17-2,IPS17,22VH3005,VESTEL 22VH3005,17IPS17,17\u0130PS17-2,17\u0130PS17<\/h4>\n","protected":false},"excerpt":{"rendered":"<p>17IPS17-2,IPS17,22VH3005,VESTEL 22VH3005,17IPS17,17\u0130PS17-2,17\u0130PS17<\/p>\n","protected":false},"featured_media":2958,"template":"","meta":[],"product_brand":[],"product_cat":[250],"product_tag":[5323,5567,5566,5568,1287,5565],"class_list":{"0":"post-2957","1":"product","2":"type-product","3":"status-publish","4":"has-post-thumbnail","6":"product_cat-vestel-power-board","7":"product_tag-17ips17","8":"product_tag-17ips17-2","9":"product_tag-22vh3005","10":"product_tag-ips17","11":"product_tag-vestel","12":"product_tag-vestel-22vh3005","14":"first","15":"outofstock","16":"shipping-taxable","17":"purchasable","18":"product-type-simple"},"_links":{"self":[{"href":"https:\/\/hilalelektronikk.com\/index.php?rest_route=\/wp\/v2\/product\/2957","targetHints":{"allow":["GET"]}}],"collection":[{"href":"https:\/\/hilalelektronikk.com\/index.php?rest_route=\/wp\/v2\/product"}],"about":[{"href":"https:\/\/hilalelektronikk.com\/index.php?rest_route=\/wp\/v2\/types\/product"}],"wp:featuredmedia":[{"embeddable":true,"href":"https:\/\/hilalelektronikk.com\/index.php?rest_route=\/wp\/v2\/media\/2958"}],"wp:attachment":[{"href":"https:\/\/hilalelektronikk.com\/index.php?rest_route=%2Fwp%2Fv2%2Fmedia&parent=2957"}],"wp:term":[{"taxonomy":"product_brand","embeddable":true,"href":"https:\/\/hilalelektronikk.com\/index.php?rest_route=%2Fwp%2Fv2%2Fproduct_brand&post=2957"},{"taxonomy":"product_cat","embeddable":true,"href":"https:\/\/hilalelektronikk.com\/index.php?rest_route=%2Fwp%2Fv2%2Fproduct_cat&post=2957"},{"taxonomy":"product_tag","embeddable":true,"href":"https:\/\/hilalelektronikk.com\/index.php?rest_route=%2Fwp%2Fv2%2Fproduct_tag&post=2957"}],"curies":[{"name":"wp","href":"https:\/\/api.w.org\/{rel}","templated":true}]}}