{"id":2966,"date":"2023-08-19T18:21:54","date_gmt":"2023-08-19T15:21:54","guid":{"rendered":"http:\/\/hilalelektronikk.com\/?post_type=product&#038;p=2966"},"modified":"2025-12-10T18:58:31","modified_gmt":"2025-12-10T15:58:31","slug":"zkr190r-3-v-0zkr190r-3a49l9683-5sa49-l9683-5sarcelikmainboard","status":"publish","type":"product","link":"https:\/\/hilalelektronikk.com\/?product=zkr190r-3-v-0zkr190r-3a49l9683-5sa49-l9683-5sarcelikmainboard","title":{"rendered":"ZKR190R-3 V-0,ZKR190R-3,A49L9683 5S,A49 L9683 5S,AR\u00c7EL\u0130K,MA\u0130N,BOARD"},"content":{"rendered":"<h4>ZKR190R-3 V-0,ZKR190R-3,A49L9683 5S,A49 L9683 5S<\/h4>\n","protected":false},"excerpt":{"rendered":"<p>ZKR190R-3 V-0,ZKR190R-3,A49L9683 5S,A49 L9683 5S<\/p>\n","protected":false},"featured_media":2967,"template":"","meta":[],"product_brand":[],"product_cat":[123],"product_tag":[5576,5575,5574,5573],"class_list":{"0":"post-2966","1":"product","2":"type-product","3":"status-publish","4":"has-post-thumbnail","6":"product_cat-arcelik-beko-main-board","7":"product_tag-a49-l9683-5s","8":"product_tag-a49l9683-5s","9":"product_tag-zkr190r-3","10":"product_tag-zkr190r-3-v-0","12":"first","13":"outofstock","14":"shipping-taxable","15":"purchasable","16":"product-type-simple"},"_links":{"self":[{"href":"https:\/\/hilalelektronikk.com\/index.php?rest_route=\/wp\/v2\/product\/2966","targetHints":{"allow":["GET"]}}],"collection":[{"href":"https:\/\/hilalelektronikk.com\/index.php?rest_route=\/wp\/v2\/product"}],"about":[{"href":"https:\/\/hilalelektronikk.com\/index.php?rest_route=\/wp\/v2\/types\/product"}],"wp:featuredmedia":[{"embeddable":true,"href":"https:\/\/hilalelektronikk.com\/index.php?rest_route=\/wp\/v2\/media\/2967"}],"wp:attachment":[{"href":"https:\/\/hilalelektronikk.com\/index.php?rest_route=%2Fwp%2Fv2%2Fmedia&parent=2966"}],"wp:term":[{"taxonomy":"product_brand","embeddable":true,"href":"https:\/\/hilalelektronikk.com\/index.php?rest_route=%2Fwp%2Fv2%2Fproduct_brand&post=2966"},{"taxonomy":"product_cat","embeddable":true,"href":"https:\/\/hilalelektronikk.com\/index.php?rest_route=%2Fwp%2Fv2%2Fproduct_cat&post=2966"},{"taxonomy":"product_tag","embeddable":true,"href":"https:\/\/hilalelektronikk.com\/index.php?rest_route=%2Fwp%2Fv2%2Fproduct_tag&post=2966"}],"curies":[{"name":"wp","href":"https:\/\/api.w.org\/{rel}","templated":true}]}}