{"id":2976,"date":"2023-08-19T19:16:17","date_gmt":"2023-08-19T16:16:17","guid":{"rendered":"http:\/\/hilalelektronikk.com\/?post_type=product&#038;p=2976"},"modified":"2024-05-13T20:58:09","modified_gmt":"2024-05-13T17:58:09","slug":"zpn193-02zpn120-623-00958arcelika49l9683-5sinvertor","status":"publish","type":"product","link":"https:\/\/hilalelektronikk.com\/?product=zpn193-02zpn120-623-00958arcelika49l9683-5sinvertor","title":{"rendered":"ZPN193-02,ZPN120 623 00958,AR\u00c7EL\u0130K,A49L9683 5S,\u0130NVERT\u00d6R"},"content":{"rendered":"<h3>ZPN193-02,ZPN120 623 00958,AR\u00c7EL\u0130K,A49L9683 5S,\u0130NVERT\u00d6R<\/h3>\n","protected":false},"excerpt":{"rendered":"<p>ZPN193-02,ZPN120 623 00958,AR\u00c7EL\u0130K,A49L9683 5S,\u0130NVERT\u00d6R<\/p>\n","protected":false},"featured_media":2977,"template":"","meta":[],"product_brand":[],"product_cat":[300],"product_tag":[5575,1450,5586,5585,5584],"class_list":{"0":"post-2976","1":"product","2":"type-product","3":"status-publish","4":"has-post-thumbnail","6":"product_cat-inverter","7":"product_tag-a49l9683-5s","8":"product_tag-arcelik","9":"product_tag-invertor","10":"product_tag-zpn120-623-00958","11":"product_tag-zpn193-02","13":"first","14":"instock","15":"shipping-taxable","16":"purchasable","17":"product-type-simple"},"_links":{"self":[{"href":"https:\/\/hilalelektronikk.com\/index.php?rest_route=\/wp\/v2\/product\/2976","targetHints":{"allow":["GET"]}}],"collection":[{"href":"https:\/\/hilalelektronikk.com\/index.php?rest_route=\/wp\/v2\/product"}],"about":[{"href":"https:\/\/hilalelektronikk.com\/index.php?rest_route=\/wp\/v2\/types\/product"}],"wp:featuredmedia":[{"embeddable":true,"href":"https:\/\/hilalelektronikk.com\/index.php?rest_route=\/wp\/v2\/media\/2977"}],"wp:attachment":[{"href":"https:\/\/hilalelektronikk.com\/index.php?rest_route=%2Fwp%2Fv2%2Fmedia&parent=2976"}],"wp:term":[{"taxonomy":"product_brand","embeddable":true,"href":"https:\/\/hilalelektronikk.com\/index.php?rest_route=%2Fwp%2Fv2%2Fproduct_brand&post=2976"},{"taxonomy":"product_cat","embeddable":true,"href":"https:\/\/hilalelektronikk.com\/index.php?rest_route=%2Fwp%2Fv2%2Fproduct_cat&post=2976"},{"taxonomy":"product_tag","embeddable":true,"href":"https:\/\/hilalelektronikk.com\/index.php?rest_route=%2Fwp%2Fv2%2Fproduct_tag&post=2976"}],"curies":[{"name":"wp","href":"https:\/\/api.w.org\/{rel}","templated":true}]}}