{"id":2993,"date":"2023-08-25T16:00:47","date_gmt":"2023-08-25T13:00:47","guid":{"rendered":"http:\/\/hilalelektronikk.com\/?post_type=product&#038;p=2993"},"modified":"2023-08-25T16:01:39","modified_gmt":"2023-08-25T13:01:39","slug":"vestel-smart-48fd7300-48ledtvseg-regal-hi-levelhoparlor48fd7300-hoparlorvestel-hoparlor","status":"publish","type":"product","link":"https:\/\/hilalelektronikk.com\/?product=vestel-smart-48fd7300-48ledtvseg-regal-hi-levelhoparlor48fd7300-hoparlorvestel-hoparlor","title":{"rendered":"VESTEL, SMART 48FD7300 48\u201dLEDTV,SEG, REGAL, HI LEVEL,HOPARL\u00d6R,48FD7300 HOPARL\u00d6R,VESTEL HOPARL\u00d6R"},"content":{"rendered":"<h4>VESTEL, SMART 48FD7300 48\u201dLEDTV,SEG, REGAL, HI LEVEL,HOPARL\u00d6R,48FD7300 HOPARL\u00d6R,VESTEL HOPARL\u00d6R<\/h4>\n","protected":false},"excerpt":{"rendered":"<p>VESTEL, SMART 48FD7300 48\u201dLEDTV,SEG, REGAL, HI LEVEL,HOPARL\u00d6R,48FD7300 HOPARL\u00d6R,VESTEL HOPARL\u00d6R<\/p>\n","protected":false},"featured_media":2994,"template":"","meta":[],"product_brand":[],"product_cat":[1915],"product_tag":[5597,391,5030,1289,1400,1779,1287,5544],"class_list":{"0":"post-2993","1":"product","2":"type-product","3":"status-publish","4":"has-post-thumbnail","6":"product_cat-hoparlor","7":"product_tag-48fd7300-hoparlor","8":"product_tag-hi-level","9":"product_tag-hoparlor","10":"product_tag-regal","11":"product_tag-seg","12":"product_tag-smart-48fd7300-48ledtv","13":"product_tag-vestel","14":"product_tag-vestel-hoparlor","16":"first","17":"instock","18":"shipping-taxable","19":"purchasable","20":"product-type-simple"},"_links":{"self":[{"href":"https:\/\/hilalelektronikk.com\/index.php?rest_route=\/wp\/v2\/product\/2993","targetHints":{"allow":["GET"]}}],"collection":[{"href":"https:\/\/hilalelektronikk.com\/index.php?rest_route=\/wp\/v2\/product"}],"about":[{"href":"https:\/\/hilalelektronikk.com\/index.php?rest_route=\/wp\/v2\/types\/product"}],"wp:featuredmedia":[{"embeddable":true,"href":"https:\/\/hilalelektronikk.com\/index.php?rest_route=\/wp\/v2\/media\/2994"}],"wp:attachment":[{"href":"https:\/\/hilalelektronikk.com\/index.php?rest_route=%2Fwp%2Fv2%2Fmedia&parent=2993"}],"wp:term":[{"taxonomy":"product_brand","embeddable":true,"href":"https:\/\/hilalelektronikk.com\/index.php?rest_route=%2Fwp%2Fv2%2Fproduct_brand&post=2993"},{"taxonomy":"product_cat","embeddable":true,"href":"https:\/\/hilalelektronikk.com\/index.php?rest_route=%2Fwp%2Fv2%2Fproduct_cat&post=2993"},{"taxonomy":"product_tag","embeddable":true,"href":"https:\/\/hilalelektronikk.com\/index.php?rest_route=%2Fwp%2Fv2%2Fproduct_tag&post=2993"}],"curies":[{"name":"wp","href":"https:\/\/api.w.org\/{rel}","templated":true}]}}