{"id":2997,"date":"2023-08-26T11:13:12","date_gmt":"2023-08-26T08:13:12","guid":{"rendered":"http:\/\/hilalelektronikk.com\/?post_type=product&#038;p=2997"},"modified":"2023-08-26T11:13:13","modified_gmt":"2023-08-26T08:13:13","slug":"a49l9683-5s-hoparlora49-l9683-5s-hoparlorarcelik-hoparlor-arcelik-a49l9683-hoparlor","status":"publish","type":"product","link":"https:\/\/hilalelektronikk.com\/?product=a49l9683-5s-hoparlora49-l9683-5s-hoparlorarcelik-hoparlor-arcelik-a49l9683-hoparlor","title":{"rendered":"A49L9683 5S HOPARL\u00d6R,A49 L9683 5S HOPARL\u00d6R,AR\u00c7EL\u0130K HOPARL\u00d6R, AR\u00c7EL\u0130K A49L9683 HOPARL\u00d6R"},"content":{"rendered":"<h4>A49L9683 5S HOPARL\u00d6R,A49 L9683 5S HOPARL\u00d6R,AR\u00c7EL\u0130K HOPARL\u00d6R, AR\u00c7EL\u0130K A49L9683 HOPARL\u00d6R<\/h4>\n","protected":false},"excerpt":{"rendered":"<p>A49L9683 5S HOPARL\u00d6R,A49 L9683 5S HOPARL\u00d6R,AR\u00c7EL\u0130K HOPARL\u00d6R, AR\u00c7EL\u0130K A49L9683 HOPARL\u00d6R<\/p>\n","protected":false},"featured_media":2998,"template":"","meta":[],"product_brand":[],"product_cat":[1915],"product_tag":[5603,5602,5605,5604],"class_list":{"0":"post-2997","1":"product","2":"type-product","3":"status-publish","4":"has-post-thumbnail","6":"product_cat-hoparlor","7":"product_tag-a49-l9683-5s-hoparlor","8":"product_tag-a49l9683-5s-hoparlor","9":"product_tag-arcelik-a49l9683-hoparlor","10":"product_tag-arcelik-hoparlor","12":"first","13":"instock","14":"shipping-taxable","15":"purchasable","16":"product-type-simple"},"_links":{"self":[{"href":"https:\/\/hilalelektronikk.com\/index.php?rest_route=\/wp\/v2\/product\/2997","targetHints":{"allow":["GET"]}}],"collection":[{"href":"https:\/\/hilalelektronikk.com\/index.php?rest_route=\/wp\/v2\/product"}],"about":[{"href":"https:\/\/hilalelektronikk.com\/index.php?rest_route=\/wp\/v2\/types\/product"}],"wp:featuredmedia":[{"embeddable":true,"href":"https:\/\/hilalelektronikk.com\/index.php?rest_route=\/wp\/v2\/media\/2998"}],"wp:attachment":[{"href":"https:\/\/hilalelektronikk.com\/index.php?rest_route=%2Fwp%2Fv2%2Fmedia&parent=2997"}],"wp:term":[{"taxonomy":"product_brand","embeddable":true,"href":"https:\/\/hilalelektronikk.com\/index.php?rest_route=%2Fwp%2Fv2%2Fproduct_brand&post=2997"},{"taxonomy":"product_cat","embeddable":true,"href":"https:\/\/hilalelektronikk.com\/index.php?rest_route=%2Fwp%2Fv2%2Fproduct_cat&post=2997"},{"taxonomy":"product_tag","embeddable":true,"href":"https:\/\/hilalelektronikk.com\/index.php?rest_route=%2Fwp%2Fv2%2Fproduct_tag&post=2997"}],"curies":[{"name":"wp","href":"https:\/\/api.w.org\/{rel}","templated":true}]}}