{"id":3036,"date":"2023-10-01T13:41:52","date_gmt":"2023-10-01T10:41:52","guid":{"rendered":"https:\/\/hilalelektronikk.com\/?post_type=product&#038;p=3036"},"modified":"2024-04-17T14:47:30","modified_gmt":"2024-04-17T11:47:30","slug":"panasonic-hoparlortx-l32e30e-hoparlortx-l32e30e","status":"publish","type":"product","link":"https:\/\/hilalelektronikk.com\/?product=panasonic-hoparlortx-l32e30e-hoparlortx-l32e30e","title":{"rendered":"PANASONIC HOPARL\u00d6R,TX-L32E30E HOPARL\u00d6R,TX-L32E30E"},"content":{"rendered":"<h4>PANASONIC HOPARL\u00d6R,TX-L32E30E HOPARL\u00d6R,TX-L32E30E<\/h4>\n","protected":false},"excerpt":{"rendered":"<p>PANASONIC HOPARL\u00d6R,TX-L32E30E HOPARL\u00d6R,TX-L32E30E<\/p>\n","protected":false},"featured_media":3037,"template":"","meta":[],"product_brand":[],"product_cat":[1915],"product_tag":[5651,5638,5652],"class_list":{"0":"post-3036","1":"product","2":"type-product","3":"status-publish","4":"has-post-thumbnail","6":"product_cat-hoparlor","7":"product_tag-panasonic-hoparlor","8":"product_tag-tx-l32e30e","9":"product_tag-tx-l32e30e-hoparlor","11":"first","12":"outofstock","13":"shipping-taxable","14":"purchasable","15":"product-type-simple"},"_links":{"self":[{"href":"https:\/\/hilalelektronikk.com\/index.php?rest_route=\/wp\/v2\/product\/3036","targetHints":{"allow":["GET"]}}],"collection":[{"href":"https:\/\/hilalelektronikk.com\/index.php?rest_route=\/wp\/v2\/product"}],"about":[{"href":"https:\/\/hilalelektronikk.com\/index.php?rest_route=\/wp\/v2\/types\/product"}],"wp:featuredmedia":[{"embeddable":true,"href":"https:\/\/hilalelektronikk.com\/index.php?rest_route=\/wp\/v2\/media\/3037"}],"wp:attachment":[{"href":"https:\/\/hilalelektronikk.com\/index.php?rest_route=%2Fwp%2Fv2%2Fmedia&parent=3036"}],"wp:term":[{"taxonomy":"product_brand","embeddable":true,"href":"https:\/\/hilalelektronikk.com\/index.php?rest_route=%2Fwp%2Fv2%2Fproduct_brand&post=3036"},{"taxonomy":"product_cat","embeddable":true,"href":"https:\/\/hilalelektronikk.com\/index.php?rest_route=%2Fwp%2Fv2%2Fproduct_cat&post=3036"},{"taxonomy":"product_tag","embeddable":true,"href":"https:\/\/hilalelektronikk.com\/index.php?rest_route=%2Fwp%2Fv2%2Fproduct_tag&post=3036"}],"curies":[{"name":"wp","href":"https:\/\/api.w.org\/{rel}","templated":true}]}}