{"id":3040,"date":"2023-10-01T13:59:23","date_gmt":"2023-10-01T10:59:23","guid":{"rendered":"https:\/\/hilalelektronikk.com\/?post_type=product&#038;p=3040"},"modified":"2023-10-01T13:59:40","modified_gmt":"2023-10-01T10:59:40","slug":"z02190r-5beko-b49l8840-5bb49l-8840-5bz02190r-5main-board-arcelik-beko","status":"publish","type":"product","link":"https:\/\/hilalelektronikk.com\/?product=z02190r-5beko-b49l8840-5bb49l-8840-5bz02190r-5main-board-arcelik-beko","title":{"rendered":"Z02190R-5,BEKO B49L8840 5B,B49L 8840 5B,Z02190R-5,MA\u0130N BOARD, AR\u00c7EL\u0130K, BEKO"},"content":{"rendered":"<h4>Z02190R-5,BEKO B49L8840 5B,B49L 8840 5B,Z02190R-5<\/h4>\n","protected":false},"excerpt":{"rendered":"<p>Z02190R-5,BEKO B49L8840 5B,B49L 8840 5B,Z02190R-5<\/p>\n","protected":false},"featured_media":3041,"template":"","meta":[],"product_brand":[],"product_cat":[123],"product_tag":[1450,5655,1451,5654,1953,5653],"class_list":{"0":"post-3040","1":"product","2":"type-product","3":"status-publish","4":"has-post-thumbnail","6":"product_cat-arcelik-beko-main-board","7":"product_tag-arcelik","8":"product_tag-b49l-8840-5b","9":"product_tag-beko","10":"product_tag-beko-b49l8840-5b","11":"product_tag-main-board","12":"product_tag-z02190r-5","14":"first","15":"instock","16":"shipping-taxable","17":"purchasable","18":"product-type-simple"},"_links":{"self":[{"href":"https:\/\/hilalelektronikk.com\/index.php?rest_route=\/wp\/v2\/product\/3040","targetHints":{"allow":["GET"]}}],"collection":[{"href":"https:\/\/hilalelektronikk.com\/index.php?rest_route=\/wp\/v2\/product"}],"about":[{"href":"https:\/\/hilalelektronikk.com\/index.php?rest_route=\/wp\/v2\/types\/product"}],"wp:featuredmedia":[{"embeddable":true,"href":"https:\/\/hilalelektronikk.com\/index.php?rest_route=\/wp\/v2\/media\/3041"}],"wp:attachment":[{"href":"https:\/\/hilalelektronikk.com\/index.php?rest_route=%2Fwp%2Fv2%2Fmedia&parent=3040"}],"wp:term":[{"taxonomy":"product_brand","embeddable":true,"href":"https:\/\/hilalelektronikk.com\/index.php?rest_route=%2Fwp%2Fv2%2Fproduct_brand&post=3040"},{"taxonomy":"product_cat","embeddable":true,"href":"https:\/\/hilalelektronikk.com\/index.php?rest_route=%2Fwp%2Fv2%2Fproduct_cat&post=3040"},{"taxonomy":"product_tag","embeddable":true,"href":"https:\/\/hilalelektronikk.com\/index.php?rest_route=%2Fwp%2Fv2%2Fproduct_tag&post=3040"}],"curies":[{"name":"wp","href":"https:\/\/api.w.org\/{rel}","templated":true}]}}