{"id":3043,"date":"2023-10-01T14:04:38","date_gmt":"2023-10-01T11:04:38","guid":{"rendered":"https:\/\/hilalelektronikk.com\/?post_type=product&#038;p=3043"},"modified":"2023-10-01T14:06:21","modified_gmt":"2023-10-01T11:06:21","slug":"zwc194r-5bekoarcelikpowerb49l-8840-5b-b49l8840-5bmain-board","status":"publish","type":"product","link":"https:\/\/hilalelektronikk.com\/?product=zwc194r-5bekoarcelikpowerb49l-8840-5b-b49l8840-5bmain-board","title":{"rendered":"ZWC194R-5,BEKO,AR\u00c7EL\u0130K,POWER,B49L 8840 5B, B49L8840 5B,POWER BOARD"},"content":{"rendered":"<h4>ZWC194R-5,BEKO,AR\u00c7EL\u0130K,POWER,B49L 8840 5B, B49L8840 5B,POWER BOARD<\/h4>\n","protected":false},"excerpt":{"rendered":"<p>ZWC194R-5,BEKO,AR\u00c7EL\u0130K,POWER,B49L 8840 5B, B49L8840 5B,POWER BOARD<\/p>\n","protected":false},"featured_media":3044,"template":"","meta":[],"product_brand":[],"product_cat":[296],"product_tag":[1450,5655,5657,1451,1840,1331,5656],"class_list":{"0":"post-3043","1":"product","2":"type-product","3":"status-publish","4":"has-post-thumbnail","6":"product_cat-aecelik-beko-power-board","7":"product_tag-arcelik","8":"product_tag-b49l-8840-5b","9":"product_tag-b49l8840-5b","10":"product_tag-beko","11":"product_tag-power","12":"product_tag-power-board","13":"product_tag-zwc194r-5","15":"first","16":"instock","17":"shipping-taxable","18":"purchasable","19":"product-type-simple"},"_links":{"self":[{"href":"https:\/\/hilalelektronikk.com\/index.php?rest_route=\/wp\/v2\/product\/3043","targetHints":{"allow":["GET"]}}],"collection":[{"href":"https:\/\/hilalelektronikk.com\/index.php?rest_route=\/wp\/v2\/product"}],"about":[{"href":"https:\/\/hilalelektronikk.com\/index.php?rest_route=\/wp\/v2\/types\/product"}],"wp:featuredmedia":[{"embeddable":true,"href":"https:\/\/hilalelektronikk.com\/index.php?rest_route=\/wp\/v2\/media\/3044"}],"wp:attachment":[{"href":"https:\/\/hilalelektronikk.com\/index.php?rest_route=%2Fwp%2Fv2%2Fmedia&parent=3043"}],"wp:term":[{"taxonomy":"product_brand","embeddable":true,"href":"https:\/\/hilalelektronikk.com\/index.php?rest_route=%2Fwp%2Fv2%2Fproduct_brand&post=3043"},{"taxonomy":"product_cat","embeddable":true,"href":"https:\/\/hilalelektronikk.com\/index.php?rest_route=%2Fwp%2Fv2%2Fproduct_cat&post=3043"},{"taxonomy":"product_tag","embeddable":true,"href":"https:\/\/hilalelektronikk.com\/index.php?rest_route=%2Fwp%2Fv2%2Fproduct_tag&post=3043"}],"curies":[{"name":"wp","href":"https:\/\/api.w.org\/{rel}","templated":true}]}}