{"id":3050,"date":"2023-10-01T14:19:37","date_gmt":"2023-10-01T11:19:37","guid":{"rendered":"https:\/\/hilalelektronikk.com\/?post_type=product&#038;p=3050"},"modified":"2023-10-01T14:19:37","modified_gmt":"2023-10-01T11:19:37","slug":"beko-arcelikhoparlorb49l8840-5bb49l-8840-5b-hoparlor","status":"publish","type":"product","link":"https:\/\/hilalelektronikk.com\/?product=beko-arcelikhoparlorb49l8840-5bb49l-8840-5b-hoparlor","title":{"rendered":"BEKO, AR\u00c7EL\u0130K,HOPARL\u00d6R,B49L8840 5B,B49L 8840 5B HOPARL\u00d6R"},"content":{"rendered":"<h4>BEKO, AR\u00c7EL\u0130K,HOPARL\u00d6R,B49L8840 5B,B49L 8840 5B<\/h4>\n","protected":false},"excerpt":{"rendered":"<p>BEKO, AR\u00c7EL\u0130K,HOPARL\u00d6R,B49L8840 5B,B49L 8840 5B<\/p>\n","protected":false},"featured_media":3051,"template":"","meta":[],"product_brand":[],"product_cat":[1915],"product_tag":[1450,5655,5667,5657,1451,5030],"class_list":{"0":"post-3050","1":"product","2":"type-product","3":"status-publish","4":"has-post-thumbnail","6":"product_cat-hoparlor","7":"product_tag-arcelik","8":"product_tag-b49l-8840-5b","9":"product_tag-b49l-8840-5b-hoparlor","10":"product_tag-b49l8840-5b","11":"product_tag-beko","12":"product_tag-hoparlor","14":"first","15":"instock","16":"shipping-taxable","17":"purchasable","18":"product-type-simple"},"_links":{"self":[{"href":"https:\/\/hilalelektronikk.com\/index.php?rest_route=\/wp\/v2\/product\/3050","targetHints":{"allow":["GET"]}}],"collection":[{"href":"https:\/\/hilalelektronikk.com\/index.php?rest_route=\/wp\/v2\/product"}],"about":[{"href":"https:\/\/hilalelektronikk.com\/index.php?rest_route=\/wp\/v2\/types\/product"}],"wp:featuredmedia":[{"embeddable":true,"href":"https:\/\/hilalelektronikk.com\/index.php?rest_route=\/wp\/v2\/media\/3051"}],"wp:attachment":[{"href":"https:\/\/hilalelektronikk.com\/index.php?rest_route=%2Fwp%2Fv2%2Fmedia&parent=3050"}],"wp:term":[{"taxonomy":"product_brand","embeddable":true,"href":"https:\/\/hilalelektronikk.com\/index.php?rest_route=%2Fwp%2Fv2%2Fproduct_brand&post=3050"},{"taxonomy":"product_cat","embeddable":true,"href":"https:\/\/hilalelektronikk.com\/index.php?rest_route=%2Fwp%2Fv2%2Fproduct_cat&post=3050"},{"taxonomy":"product_tag","embeddable":true,"href":"https:\/\/hilalelektronikk.com\/index.php?rest_route=%2Fwp%2Fv2%2Fproduct_tag&post=3050"}],"curies":[{"name":"wp","href":"https:\/\/api.w.org\/{rel}","templated":true}]}}