{"id":3361,"date":"2024-03-05T17:25:56","date_gmt":"2024-03-05T14:25:56","guid":{"rendered":"https:\/\/hilalelektronikk.com\/?post_type=product&#038;p=3361"},"modified":"2025-09-29T13:33:35","modified_gmt":"2025-09-29T10:33:35","slug":"weller-pu-81weller-ws81weller-havya","status":"publish","type":"product","link":"https:\/\/hilalelektronikk.com\/?product=weller-pu-81weller-ws81weller-havya","title":{"rendered":"WELLER PU 81,WELLER WS81,WELLER HAVYA"},"content":{"rendered":"<h3>WELLER PU 81,WELLER WS81,<\/h3>\n<p>NOT: KALEM HAVYA KISMI YOKTUR ARIZALANINCA BO\u015eA \u00c7IKTI ADAPT\u00d6R KISMI.<\/p>\n","protected":false},"excerpt":{"rendered":"<p>WELLER PU 81,WELLER WS81, NOT: KALEM HAVYA KISMI YOKTUR ARIZALANINCA BO\u015eA \u00c7IKTI ADAPT\u00d6R KISMI.<\/p>\n","protected":false},"featured_media":3362,"template":"","meta":[],"product_brand":[],"product_cat":[5032],"product_tag":[6353,6352,6351,6350,6348,6349],"class_list":{"0":"post-3361","1":"product","2":"type-product","3":"status-publish","4":"has-post-thumbnail","6":"product_cat-karisik-malzemeler","7":"product_tag-pu-81","8":"product_tag-pu81","9":"product_tag-veller","10":"product_tag-weller-havya","11":"product_tag-weller-pu-81","12":"product_tag-weller-ws81","14":"first","15":"outofstock","16":"shipping-taxable","17":"purchasable","18":"product-type-simple"},"_links":{"self":[{"href":"https:\/\/hilalelektronikk.com\/index.php?rest_route=\/wp\/v2\/product\/3361","targetHints":{"allow":["GET"]}}],"collection":[{"href":"https:\/\/hilalelektronikk.com\/index.php?rest_route=\/wp\/v2\/product"}],"about":[{"href":"https:\/\/hilalelektronikk.com\/index.php?rest_route=\/wp\/v2\/types\/product"}],"wp:featuredmedia":[{"embeddable":true,"href":"https:\/\/hilalelektronikk.com\/index.php?rest_route=\/wp\/v2\/media\/3362"}],"wp:attachment":[{"href":"https:\/\/hilalelektronikk.com\/index.php?rest_route=%2Fwp%2Fv2%2Fmedia&parent=3361"}],"wp:term":[{"taxonomy":"product_brand","embeddable":true,"href":"https:\/\/hilalelektronikk.com\/index.php?rest_route=%2Fwp%2Fv2%2Fproduct_brand&post=3361"},{"taxonomy":"product_cat","embeddable":true,"href":"https:\/\/hilalelektronikk.com\/index.php?rest_route=%2Fwp%2Fv2%2Fproduct_cat&post=3361"},{"taxonomy":"product_tag","embeddable":true,"href":"https:\/\/hilalelektronikk.com\/index.php?rest_route=%2Fwp%2Fv2%2Fproduct_tag&post=3361"}],"curies":[{"name":"wp","href":"https:\/\/api.w.org\/{rel}","templated":true}]}}