{"id":3397,"date":"2024-03-13T20:08:59","date_gmt":"2024-03-13T17:08:59","guid":{"rendered":"https:\/\/hilalelektronikk.com\/?post_type=product&#038;p=3397"},"modified":"2024-03-13T20:09:18","modified_gmt":"2024-03-13T17:09:18","slug":"samsung-ue40c5100-led-takimiue40c5100-led-barue40c5100w-led-barsamsung-ue40c5100-led","status":"publish","type":"product","link":"https:\/\/hilalelektronikk.com\/?product=samsung-ue40c5100-led-takimiue40c5100-led-barue40c5100w-led-barsamsung-ue40c5100-led","title":{"rendered":"SAMSUNG UE40C5100 LED TAKIMI,UE40C5100 LED BAR,UE40C5100W LED BAR,SAMSUNG UE40C5100 LED"},"content":{"rendered":"<h4>SAMSUNG UE40C5100 LED TAKIMI,UE40C5100 LED BAR,UE40C5100W LED BAR,SAMSUNG UE40C5100 LED,<\/h4>\n<p>NOT; \u00dcR\u00dcN \u00c7IKMADIR<\/p>\n","protected":false},"excerpt":{"rendered":"<p>SAMSUNG UE40C5100 LED TAKIMI,UE40C5100 LED BAR,UE40C5100W LED BAR,SAMSUNG UE40C5100 LED, NOT; \u00dcR\u00dcN \u00c7IKMADIR<\/p>\n","protected":false},"featured_media":3398,"template":"","meta":[],"product_brand":[],"product_cat":[733],"product_tag":[6405,6402,6403,6404],"class_list":{"0":"post-3397","1":"product","2":"type-product","3":"status-publish","4":"has-post-thumbnail","6":"product_cat-led-barlar","7":"product_tag-samsung-ue40c5100-led","8":"product_tag-samsung-ue40c5100-led-takimi","9":"product_tag-ue40c5100-led-bar","10":"product_tag-ue40c5100w-led-bar","12":"first","13":"instock","14":"shipping-taxable","15":"purchasable","16":"product-type-simple"},"_links":{"self":[{"href":"https:\/\/hilalelektronikk.com\/index.php?rest_route=\/wp\/v2\/product\/3397","targetHints":{"allow":["GET"]}}],"collection":[{"href":"https:\/\/hilalelektronikk.com\/index.php?rest_route=\/wp\/v2\/product"}],"about":[{"href":"https:\/\/hilalelektronikk.com\/index.php?rest_route=\/wp\/v2\/types\/product"}],"wp:featuredmedia":[{"embeddable":true,"href":"https:\/\/hilalelektronikk.com\/index.php?rest_route=\/wp\/v2\/media\/3398"}],"wp:attachment":[{"href":"https:\/\/hilalelektronikk.com\/index.php?rest_route=%2Fwp%2Fv2%2Fmedia&parent=3397"}],"wp:term":[{"taxonomy":"product_brand","embeddable":true,"href":"https:\/\/hilalelektronikk.com\/index.php?rest_route=%2Fwp%2Fv2%2Fproduct_brand&post=3397"},{"taxonomy":"product_cat","embeddable":true,"href":"https:\/\/hilalelektronikk.com\/index.php?rest_route=%2Fwp%2Fv2%2Fproduct_cat&post=3397"},{"taxonomy":"product_tag","embeddable":true,"href":"https:\/\/hilalelektronikk.com\/index.php?rest_route=%2Fwp%2Fv2%2Fproduct_tag&post=3397"}],"curies":[{"name":"wp","href":"https:\/\/api.w.org\/{rel}","templated":true}]}}