{"id":3587,"date":"2024-06-02T19:39:35","date_gmt":"2024-06-02T16:39:35","guid":{"rendered":"https:\/\/hilalelektronikk.com\/?post_type=product&#038;p=3587"},"modified":"2025-10-06T14:18:54","modified_gmt":"2025-10-06T11:18:54","slug":"l500h1-2easeg-50180bv500hj1-le1led-driver","status":"publish","type":"product","link":"https:\/\/hilalelektronikk.com\/?product=l500h1-2easeg-50180bv500hj1-le1led-driver","title":{"rendered":"L500H1-2EA,SEG 50180B,V500HJ1-LE1,LED DR\u0130VER,L500H1-2EA, L500H1-2EA-C003, 27-D077149, Vestel 50PF7070, Chi Mei Innolux, Led Driver Board, V500HJ1-LE1,AR\u00c7EL\u0130K A50-LW-9336,A50-LW-9336,AR\u00c7EL\u0130K\u00a0\u00a0 A50-LEL-2B, AR\u00c7EL\u0130K\u00a0,A50-LEL-2B,VESTEL SMART 50PF7070B,SMART 50PF7070B,50PF7070B"},"content":{"rendered":"<h3><span style=\"color: #ff0000;\">L500H1-2EA,SEG 50180B,V500HJ1-LE1,<\/span><\/h3>\n<h3 class=\"fl col-12\"><span style=\"color: #ff0000;\">L500H1-2EA, L500H1-2EA-C003, 27-D077149, Vestel 50PF7070, Chi Mei Innolux, Led Driver Board, V500HJ1-LE1,AR\u00c7EL\u0130K A50-LW-9336,A50-LW-9336,<\/span><\/h3>\n<h3><span style=\"color: #ff0000;\">AR\u00c7EL\u0130K\u00a0\u00a0<\/span><\/h3>\n<h3 class=\"product_title entry-title\"><span style=\"color: #ff0000;\">A50-LEL-2B, AR\u00c7EL\u0130K ,<\/span><\/h3>\n<p><span style=\"color: #ff0000;\">A50-LEL-2B,VESTEL SMART 50PF7070B,SMART 50PF7070B,50PF7070B<\/span><\/p>\n","protected":false},"excerpt":{"rendered":"<p>L500H1-2EA,SEG 50180B,V500HJ1-LE1, L500H1-2EA, L500H1-2EA-C003, 27-D077149, Vestel 50PF7070, Chi Mei Innolux, Led Driver Board, V500HJ1-LE1,AR\u00c7EL\u0130K A50-LW-9336,A50-LW-9336, AR\u00c7EL\u0130K\u00a0\u00a0 A50-LEL-2B, AR\u00c7EL\u0130K , A50-LEL-2B,VESTEL SMART 50PF7070B,SMART 50PF7070B,50PF7070B<\/p>\n","protected":false},"featured_media":3588,"template":"","meta":[],"product_brand":[],"product_cat":[300],"product_tag":[7510,7627,7502,7526,1450,7508,7525,3835,6703,7509,1830,1327,6693,7626,6698,7511,7628],"class_list":{"0":"post-3587","1":"product","2":"type-product","3":"status-publish","4":"has-post-thumbnail","6":"product_cat-inverter","7":"product_tag-27-d077149","8":"product_tag-50pf7070b","9":"product_tag-a50-lel-2b","10":"product_tag-a50-lw-9336","11":"product_tag-arcelik","12":"product_tag-arcelik-a50-lel-2b","13":"product_tag-arcelik-a50-lw-9336","14":"product_tag-chi-mei-innolux","15":"product_tag-l500h1-2ea","16":"product_tag-l500h1-2ea-c003","17":"product_tag-led-driver","18":"product_tag-led-driver-board","19":"product_tag-seg-50180b","20":"product_tag-smart-50pf7070b","21":"product_tag-v500hj1-le1","22":"product_tag-vestel-50pf7070","23":"product_tag-vestel-smart-50pf7070b","25":"first","26":"instock","27":"shipping-taxable","28":"purchasable","29":"product-type-simple"},"_links":{"self":[{"href":"https:\/\/hilalelektronikk.com\/index.php?rest_route=\/wp\/v2\/product\/3587","targetHints":{"allow":["GET"]}}],"collection":[{"href":"https:\/\/hilalelektronikk.com\/index.php?rest_route=\/wp\/v2\/product"}],"about":[{"href":"https:\/\/hilalelektronikk.com\/index.php?rest_route=\/wp\/v2\/types\/product"}],"wp:featuredmedia":[{"embeddable":true,"href":"https:\/\/hilalelektronikk.com\/index.php?rest_route=\/wp\/v2\/media\/3588"}],"wp:attachment":[{"href":"https:\/\/hilalelektronikk.com\/index.php?rest_route=%2Fwp%2Fv2%2Fmedia&parent=3587"}],"wp:term":[{"taxonomy":"product_brand","embeddable":true,"href":"https:\/\/hilalelektronikk.com\/index.php?rest_route=%2Fwp%2Fv2%2Fproduct_brand&post=3587"},{"taxonomy":"product_cat","embeddable":true,"href":"https:\/\/hilalelektronikk.com\/index.php?rest_route=%2Fwp%2Fv2%2Fproduct_cat&post=3587"},{"taxonomy":"product_tag","embeddable":true,"href":"https:\/\/hilalelektronikk.com\/index.php?rest_route=%2Fwp%2Fv2%2Fproduct_tag&post=3587"}],"curies":[{"name":"wp","href":"https:\/\/api.w.org\/{rel}","templated":true}]}}