{"id":3848,"date":"2024-09-27T16:08:28","date_gmt":"2024-09-27T13:08:28","guid":{"rendered":"https:\/\/hilalelektronikk.com\/?post_type=product&#038;p=3848"},"modified":"2024-09-27T16:16:35","modified_gmt":"2024-09-27T13:16:35","slug":"ssi_400_14a01-inv40n14a-lj97-02098b-toshiba-40lv655p-inverter-board-lta400ha11ssi_400_14a01-inv40n14a-toshiba-40rv525r-vestel-40fp5003-inverter-board","status":"publish","type":"product","link":"https:\/\/hilalelektronikk.com\/?product=ssi_400_14a01-inv40n14a-lj97-02098b-toshiba-40lv655p-inverter-board-lta400ha11ssi_400_14a01-inv40n14a-toshiba-40rv525r-vestel-40fp5003-inverter-board","title":{"rendered":"SSI_400_14A01, INV40N14A, LJ97-02098B, Toshiba 40LV655P, Inverter Board, LTA400HA11,SSI_400_14A01 INV40N14A TOSHIBA 40RV525R , VESTEL 40FP5003 \u0130NVERTER BOARD"},"content":{"rendered":"<h3><span style=\"color: #ff6600;\">SSI_400_14A01, INV40N14A, LJ97-02098B, Toshiba 40LV655P, Inverter Board, LTA400HA11,SSI_400_14A01 INV40N14A TOSHIBA 40RV525R , VESTEL 40FP5003 \u0130NVERTER BOARD,<\/span><\/h3>\n<p>&nbsp;<\/p>\n<h2>NOT; ESK\u0130 KART \u0130DADEL\u0130 F\u0130YATIDIR,<\/h2>\n","protected":false},"excerpt":{"rendered":"<p>SSI_400_14A01, INV40N14A, LJ97-02098B, Toshiba 40LV655P, Inverter Board, LTA400HA11,SSI_400_14A01 INV40N14A TOSHIBA 40RV525R , VESTEL 40FP5003 \u0130NVERTER BOARD, &nbsp; NOT; ESK\u0130 KART \u0130DADEL\u0130 F\u0130YATIDIR,<\/p>\n","protected":false},"featured_media":3849,"template":"","meta":[],"product_brand":[],"product_cat":[300],"product_tag":[7007,1638,7008,7004,7006,7009,6994,7010],"class_list":{"0":"post-3848","1":"product","2":"type-product","3":"status-publish","4":"has-post-thumbnail","6":"product_cat-inverter","7":"product_tag-inv40n14a","8":"product_tag-inverter-board","9":"product_tag-lj97-02098b","10":"product_tag-lta400ha11","11":"product_tag-ssi_400_14a01","12":"product_tag-ssi_400_14a01-inv40n14a-toshiba-40rv525r","13":"product_tag-toshiba-40lv655p","14":"product_tag-vestel-40fp5003-inverter-board","16":"first","17":"instock","18":"shipping-taxable","19":"purchasable","20":"product-type-simple"},"_links":{"self":[{"href":"https:\/\/hilalelektronikk.com\/index.php?rest_route=\/wp\/v2\/product\/3848","targetHints":{"allow":["GET"]}}],"collection":[{"href":"https:\/\/hilalelektronikk.com\/index.php?rest_route=\/wp\/v2\/product"}],"about":[{"href":"https:\/\/hilalelektronikk.com\/index.php?rest_route=\/wp\/v2\/types\/product"}],"wp:featuredmedia":[{"embeddable":true,"href":"https:\/\/hilalelektronikk.com\/index.php?rest_route=\/wp\/v2\/media\/3849"}],"wp:attachment":[{"href":"https:\/\/hilalelektronikk.com\/index.php?rest_route=%2Fwp%2Fv2%2Fmedia&parent=3848"}],"wp:term":[{"taxonomy":"product_brand","embeddable":true,"href":"https:\/\/hilalelektronikk.com\/index.php?rest_route=%2Fwp%2Fv2%2Fproduct_brand&post=3848"},{"taxonomy":"product_cat","embeddable":true,"href":"https:\/\/hilalelektronikk.com\/index.php?rest_route=%2Fwp%2Fv2%2Fproduct_cat&post=3848"},{"taxonomy":"product_tag","embeddable":true,"href":"https:\/\/hilalelektronikk.com\/index.php?rest_route=%2Fwp%2Fv2%2Fproduct_tag&post=3848"}],"curies":[{"name":"wp","href":"https:\/\/api.w.org\/{rel}","templated":true}]}}