{"id":403,"date":"2020-01-12T13:42:06","date_gmt":"2020-01-12T10:42:06","guid":{"rendered":"http:\/\/hilalelektronikk.com\/?post_type=product&#038;p=403"},"modified":"2025-06-12T14:37:21","modified_gmt":"2025-06-12T11:37:21","slug":"vestel-32-17pw20-1","status":"publish","type":"product","link":"https:\/\/hilalelektronikk.com\/?product=vestel-32-17pw20-1","title":{"rendered":"17PW20.1,010507,17PW20,VESTEL,POWER,BOARD,17PW20,17PW20.1,VESTEL FULL HD 37735 37\u2033TFT-LCD, VESTEL FULL HD 37785 37\u2033TFT-LCD, VESTEL  M\u0130LLEN\u0130UM 32735, VESTEL besleme kart\u0131 &#038; power board,VESTEL 32800,32800"},"content":{"rendered":"<h3>17PW20.1,010507,17PW20,VESTEL,POWER,BOARD,VESTEL 32800,32800,<\/h3>\n<h4 class=\"product_title entry-title\">17PW20,17PW20.1,VESTEL FULL HD 37735 37\u2033TFT-LCD, VESTEL FULL HD 37785 37\u2033TFT-LCD, VESTEL\u00a0 M\u0130LLEN\u0130UM 32735, VESTEL besleme kart\u0131 &amp; power board<\/h4>\n","protected":false},"excerpt":{"rendered":"<p>17PW20.1,010507,17PW20,VESTEL,POWER,BOARD,VESTEL 32800,32800, 17PW20,17PW20.1,VESTEL FULL HD 37735 37\u2033TFT-LCD, VESTEL FULL HD 37785 37\u2033TFT-LCD, VESTEL\u00a0 M\u0130LLEN\u0130UM 32735, VESTEL besleme kart\u0131 &amp; power board<\/p>\n","protected":false},"featured_media":404,"template":"","meta":[],"product_brand":[],"product_cat":[250],"product_tag":[5877,5878,294,5884,2004,1840,1287,5883,5882,5879,5880,5881,5081],"class_list":{"0":"post-403","1":"product","2":"type-product","3":"status-publish","4":"has-post-thumbnail","6":"product_cat-vestel-power-board","7":"product_tag-5877","8":"product_tag-17pw20","9":"product_tag-17pw20-1","10":"product_tag-5884","11":"product_tag-board","12":"product_tag-power","13":"product_tag-vestel","14":"product_tag-vestel-32800","15":"product_tag-vestel-besleme-karti-power-board","16":"product_tag-vestel-full-hd-37735-37tft-lcd","17":"product_tag-vestel-full-hd-37785-37tft-lcd","18":"product_tag-vestel-millenium-32735","19":"product_tag-vestel-power-board","21":"first","22":"outofstock","23":"shipping-taxable","24":"product-type-simple"},"_links":{"self":[{"href":"https:\/\/hilalelektronikk.com\/index.php?rest_route=\/wp\/v2\/product\/403","targetHints":{"allow":["GET"]}}],"collection":[{"href":"https:\/\/hilalelektronikk.com\/index.php?rest_route=\/wp\/v2\/product"}],"about":[{"href":"https:\/\/hilalelektronikk.com\/index.php?rest_route=\/wp\/v2\/types\/product"}],"wp:featuredmedia":[{"embeddable":true,"href":"https:\/\/hilalelektronikk.com\/index.php?rest_route=\/wp\/v2\/media\/404"}],"wp:attachment":[{"href":"https:\/\/hilalelektronikk.com\/index.php?rest_route=%2Fwp%2Fv2%2Fmedia&parent=403"}],"wp:term":[{"taxonomy":"product_brand","embeddable":true,"href":"https:\/\/hilalelektronikk.com\/index.php?rest_route=%2Fwp%2Fv2%2Fproduct_brand&post=403"},{"taxonomy":"product_cat","embeddable":true,"href":"https:\/\/hilalelektronikk.com\/index.php?rest_route=%2Fwp%2Fv2%2Fproduct_cat&post=403"},{"taxonomy":"product_tag","embeddable":true,"href":"https:\/\/hilalelektronikk.com\/index.php?rest_route=%2Fwp%2Fv2%2Fproduct_tag&post=403"}],"curies":[{"name":"wp","href":"https:\/\/api.w.org\/{rel}","templated":true}]}}