{"id":456,"date":"2020-01-13T15:20:32","date_gmt":"2020-01-13T12:20:32","guid":{"rendered":"http:\/\/hilalelektronikk.com\/?post_type=product&#038;p=456"},"modified":"2022-09-04T10:14:28","modified_gmt":"2022-09-04T07:14:28","slug":"arcelik-42-dps-280rp-2950288303","status":"publish","type":"product","link":"https:\/\/hilalelektronikk.com\/?product=arcelik-42-dps-280rp-2950288303","title":{"rendered":"AR\u00c7EL\u0130K 42&#8242;, DPS-280RP, 2950288303,DPS-280RP , YTG910R , 2950288303 , BEKO F 106-203 FHD LCD TV,DPS-280RP, YTG910R,A42-LCK-2BU,BEKO F 106-203 FHD,AR\u00c7EL\u0130K F 106-203 FHD,T420HW09 ,BEKO AR\u00c7EL\u0130K GRUNDIG BESLEME POWER BOARD"},"content":{"rendered":"<h3>AR\u00c7EL\u0130K 42&#8242;, DPS-280RP, 2950288303,DPS-280RP , YTG910R , 2950288303 , BEKO F 106-203 FHD LCD TV,<\/h3>\n<h3 class=\"product_title entry-title\">DPS-280RP, YTG910R,A42-LCK-2BU,BEKO F 106-203 FHD,AR\u00c7EL\u0130K F 106-203 FHD,T420HW09 ,BEKO AR\u00c7EL\u0130K GRUNDIG BESLEME POWER BOARD<\/h3>\n","protected":false},"excerpt":{"rendered":"<p>AR\u00c7EL\u0130K 42&#8242;, DPS-280RP, 2950288303,DPS-280RP , YTG910R , 2950288303 , BEKO F 106-203 FHD LCD TV, DPS-280RP, YTG910R,A42-LCK-2BU,BEKO F 106-203 FHD,AR\u00c7EL\u0130K F 106-203 FHD,T420HW09 ,BEKO AR\u00c7EL\u0130K GRUNDIG BESLEME POWER BOARD<\/p>\n","protected":false},"featured_media":457,"template":"","meta":[],"product_brand":[],"product_cat":[296],"product_tag":[342,2781,2409,2783,2785,2782,2411,341,2784,2410],"class_list":{"0":"post-456","1":"product","2":"type-product","3":"status-publish","4":"has-post-thumbnail","6":"product_cat-aecelik-beko-power-board","7":"product_tag-342","8":"product_tag-a42-lck-2bu","9":"product_tag-arcelik-42-dps-280rp","10":"product_tag-arcelik-f-106-203-fhd","11":"product_tag-beko-arcelik-grundig-besleme-power-board","12":"product_tag-beko-f-106-203-fhd","13":"product_tag-beko-f-106-203-fhd-lcd-tv","14":"product_tag-dps-280rp","15":"product_tag-t420hw09","16":"product_tag-ytg910r","18":"first","19":"instock","20":"shipping-taxable","21":"purchasable","22":"product-type-simple"},"_links":{"self":[{"href":"https:\/\/hilalelektronikk.com\/index.php?rest_route=\/wp\/v2\/product\/456","targetHints":{"allow":["GET"]}}],"collection":[{"href":"https:\/\/hilalelektronikk.com\/index.php?rest_route=\/wp\/v2\/product"}],"about":[{"href":"https:\/\/hilalelektronikk.com\/index.php?rest_route=\/wp\/v2\/types\/product"}],"wp:featuredmedia":[{"embeddable":true,"href":"https:\/\/hilalelektronikk.com\/index.php?rest_route=\/wp\/v2\/media\/457"}],"wp:attachment":[{"href":"https:\/\/hilalelektronikk.com\/index.php?rest_route=%2Fwp%2Fv2%2Fmedia&parent=456"}],"wp:term":[{"taxonomy":"product_brand","embeddable":true,"href":"https:\/\/hilalelektronikk.com\/index.php?rest_route=%2Fwp%2Fv2%2Fproduct_brand&post=456"},{"taxonomy":"product_cat","embeddable":true,"href":"https:\/\/hilalelektronikk.com\/index.php?rest_route=%2Fwp%2Fv2%2Fproduct_cat&post=456"},{"taxonomy":"product_tag","embeddable":true,"href":"https:\/\/hilalelektronikk.com\/index.php?rest_route=%2Fwp%2Fv2%2Fproduct_tag&post=456"}],"curies":[{"name":"wp","href":"https:\/\/api.w.org\/{rel}","templated":true}]}}