{"id":458,"date":"2020-01-13T15:25:00","date_gmt":"2020-01-13T12:25:00","guid":{"rendered":"http:\/\/hilalelektronikk.com\/?post_type=product&#038;p=458"},"modified":"2022-05-19T07:11:35","modified_gmt":"2022-05-19T04:11:35","slug":"beko-40-dps-214cp-2950283402","status":"publish","type":"product","link":"https:\/\/hilalelektronikk.com\/?product=beko-40-dps-214cp-2950283402","title":{"rendered":"DPS-214CP, 2950283402,DPS-214CP, 2950283402, YZN910R,AR\u00c7EL\u0130K,BEKO 40&#8242;,DPS-214CP,2950283402,YZN910R,LTA400HL10,POWER,BOARD"},"content":{"rendered":"<h3>DPS-214CP, 2950283402,DPS-214CP, 2950283402, YZN910R, AR\u00c7EL\u0130K,BEKO 40&#8242;,DPS-214CP,2950283402,YZN910R,AR\u00c7EL\u0130K,LED,POWER,BOARD<\/h3>\n","protected":false},"excerpt":{"rendered":"<p>DPS-214CP, 2950283402,DPS-214CP, 2950283402, YZN910R, AR\u00c7EL\u0130K,BEKO 40&#8242;,DPS-214CP,2950283402,YZN910R,AR\u00c7EL\u0130K,LED,POWER,BOARD<\/p>\n","protected":false},"featured_media":459,"template":"","meta":[],"product_brand":[],"product_cat":[296],"product_tag":[344,1450,2772,2004,343,1828,1679,1840,2770],"class_list":{"0":"post-458","1":"product","2":"type-product","3":"status-publish","4":"has-post-thumbnail","6":"product_cat-aecelik-beko-power-board","7":"product_tag-344","8":"product_tag-arcelik","9":"product_tag-beko-40","10":"product_tag-board","11":"product_tag-dps-214cp","12":"product_tag-led","13":"product_tag-lta400hl10","14":"product_tag-power","15":"product_tag-yzn910r","17":"first","18":"instock","19":"shipping-taxable","20":"purchasable","21":"product-type-simple"},"_links":{"self":[{"href":"https:\/\/hilalelektronikk.com\/index.php?rest_route=\/wp\/v2\/product\/458","targetHints":{"allow":["GET"]}}],"collection":[{"href":"https:\/\/hilalelektronikk.com\/index.php?rest_route=\/wp\/v2\/product"}],"about":[{"href":"https:\/\/hilalelektronikk.com\/index.php?rest_route=\/wp\/v2\/types\/product"}],"wp:featuredmedia":[{"embeddable":true,"href":"https:\/\/hilalelektronikk.com\/index.php?rest_route=\/wp\/v2\/media\/459"}],"wp:attachment":[{"href":"https:\/\/hilalelektronikk.com\/index.php?rest_route=%2Fwp%2Fv2%2Fmedia&parent=458"}],"wp:term":[{"taxonomy":"product_brand","embeddable":true,"href":"https:\/\/hilalelektronikk.com\/index.php?rest_route=%2Fwp%2Fv2%2Fproduct_brand&post=458"},{"taxonomy":"product_cat","embeddable":true,"href":"https:\/\/hilalelektronikk.com\/index.php?rest_route=%2Fwp%2Fv2%2Fproduct_cat&post=458"},{"taxonomy":"product_tag","embeddable":true,"href":"https:\/\/hilalelektronikk.com\/index.php?rest_route=%2Fwp%2Fv2%2Fproduct_tag&post=458"}],"curies":[{"name":"wp","href":"https:\/\/api.w.org\/{rel}","templated":true}]}}