{"id":4641,"date":"2025-07-19T12:11:28","date_gmt":"2025-07-19T09:11:28","guid":{"rendered":"https:\/\/hilalelektronikk.com\/?post_type=product&#038;p=4641"},"modified":"2025-07-19T12:23:14","modified_gmt":"2025-07-19T09:23:14","slug":"715g9584-m0b-b01-004t","status":"publish","type":"product","link":"https:\/\/hilalelektronikk.com\/?product=715g9584-m0b-b01-004t","title":{"rendered":"AOC C32G1,GAM\u0130NG MON\u0130T\u00d6R,AOC,C32G1,AOC C32G1 AYA\u011eI,AOC C32G1 MALZEME,AOC C32G1 ANAKART MALZEME,AOC C32G1 32 ANAKART,32G1,715G9824-P02-000-001R"},"content":{"rendered":"<h3><span style=\"color: #ff0000;\">AOC C32G1,GAM\u0130NG MON\u0130T\u00d6R,AOC,C32G1,AOC C32G1 AYA\u011eI,AOC C32G1 MALZEME,AOC C32G1 ANAKART MALZEME,AOC C32G1 32 ANAKART,32G1,715G9824-P02-000-001R<\/span><\/h3>\n","protected":false},"excerpt":{"rendered":"<p>AOC C32G1,GAM\u0130NG MON\u0130T\u00d6R,AOC,C32G1,AOC C32G1 AYA\u011eI,AOC C32G1 MALZEME,AOC C32G1 ANAKART MALZEME,AOC C32G1 32 ANAKART,32G1,715G9824-P02-000-001R<\/p>\n","protected":false},"featured_media":4650,"template":"","meta":[],"product_brand":[],"product_cat":[4841],"product_tag":[8289,8290,8287,5035,5039,5038,5036,5037,8288,5034],"class_list":{"0":"post-4641","1":"product","2":"type-product","3":"status-publish","4":"has-post-thumbnail","6":"product_cat-monitor-kartlari","7":"product_tag-32g1","8":"product_tag-715g9824-p02-000-001r","9":"product_tag-aoc","10":"product_tag-aoc-c32g1","11":"product_tag-aoc-c32g1-32-anakart","12":"product_tag-aoc-c32g1-anakart-malzeme","13":"product_tag-aoc-c32g1-ayagi","14":"product_tag-aoc-c32g1-malzeme","15":"product_tag-c32g1","16":"product_tag-gaming-monitor","18":"first","19":"instock","20":"shipping-taxable","21":"purchasable","22":"product-type-simple"},"_links":{"self":[{"href":"https:\/\/hilalelektronikk.com\/index.php?rest_route=\/wp\/v2\/product\/4641","targetHints":{"allow":["GET"]}}],"collection":[{"href":"https:\/\/hilalelektronikk.com\/index.php?rest_route=\/wp\/v2\/product"}],"about":[{"href":"https:\/\/hilalelektronikk.com\/index.php?rest_route=\/wp\/v2\/types\/product"}],"wp:featuredmedia":[{"embeddable":true,"href":"https:\/\/hilalelektronikk.com\/index.php?rest_route=\/wp\/v2\/media\/4650"}],"wp:attachment":[{"href":"https:\/\/hilalelektronikk.com\/index.php?rest_route=%2Fwp%2Fv2%2Fmedia&parent=4641"}],"wp:term":[{"taxonomy":"product_brand","embeddable":true,"href":"https:\/\/hilalelektronikk.com\/index.php?rest_route=%2Fwp%2Fv2%2Fproduct_brand&post=4641"},{"taxonomy":"product_cat","embeddable":true,"href":"https:\/\/hilalelektronikk.com\/index.php?rest_route=%2Fwp%2Fv2%2Fproduct_cat&post=4641"},{"taxonomy":"product_tag","embeddable":true,"href":"https:\/\/hilalelektronikk.com\/index.php?rest_route=%2Fwp%2Fv2%2Fproduct_tag&post=4641"}],"curies":[{"name":"wp","href":"https:\/\/api.w.org\/{rel}","templated":true}]}}